{"id":283,"date":"2018-05-06T21:25:46","date_gmt":"2018-05-06T19:25:46","guid":{"rendered":"https:\/\/pb.edu.pl\/brpm\/?page_id=283"},"modified":"2022-01-10T09:18:14","modified_gmt":"2022-01-10T08:18:14","slug":"projekt-program-stazowy-dla-mlodych-inzynierow-e","status":"publish","type":"page","link":"https:\/\/pb.edu.pl\/brpm\/projekty-pb\/programy-ue\/projekty-zrealizowane\/projekt-program-stazowy-dla-mlodych-inzynierow-e\/","title":{"rendered":"Projekt Program sta\u017cowy dla m\u0142odych in\u017cynier\u00f3w &#8222;E&#8221;"},"content":{"rendered":"<p><img loading=\"lazy\" decoding=\"async\" class=\"alignnone wp-image-568 size-full\" src=\"https:\/\/pb.edu.pl\/brpm\/wp-content\/uploads\/sites\/6\/2018\/09\/FE_POWER_poziom_pl-jpg.jpg\" alt=\"\" width=\"5883\" height=\"756\" srcset=\"https:\/\/pb.edu.pl\/brpm\/wp-content\/uploads\/sites\/6\/2018\/09\/FE_POWER_poziom_pl-jpg.jpg 5883w, https:\/\/pb.edu.pl\/brpm\/wp-content\/uploads\/sites\/6\/2018\/09\/FE_POWER_poziom_pl-jpg-300x39.jpg 300w, https:\/\/pb.edu.pl\/brpm\/wp-content\/uploads\/sites\/6\/2018\/09\/FE_POWER_poziom_pl-jpg-768x99.jpg 768w, https:\/\/pb.edu.pl\/brpm\/wp-content\/uploads\/sites\/6\/2018\/09\/FE_POWER_poziom_pl-jpg-1024x132.jpg 1024w\" sizes=\"auto, (max-width: 5883px) 100vw, 5883px\" \/><\/p>\n<h2 style=\"text-align: left\">Program sta\u017cowy dla m\u0142odych in\u017cynier\u00f3w &#8222;E&#8221;. Projekt uzyska\u0142 finansowanie z osi priorytetowej III. Szkolnictwo wy\u017csze dla gospodarki i rozwoju, Dzia\u0142ania 3.1 Kompetencje w szkolnictwie wy\u017cszym Programu Operacyjnego Wiedza Edukacja Rozw\u00f3j 2014-2020 w ramach konkursu nr POWR.03.01.00-IP.08-00-SP2\/17.<\/h2>\n<p style=\"text-align: left\"><strong>Cel projektu:<\/strong> Zwi\u0119kszenie kompetencji 90 student\u00f3w studi\u00f3w stacjonarnych I stopnia prowadzonych na Wydziale Elektrycznym, poprzez realizacj\u0119 wysokiej jako\u015bci programu sta\u017cowego opartego na praktycznym wykorzystaniu wiedzy, umiej\u0119tno\u015bci i kompetencji nabytych w ramach studi\u00f3w.<\/p>\n<p style=\"text-align: left\"><strong>Czas trwania projektu:<\/strong> od: 2018-01-01 do: 2019-12-31<\/p>\n<p style=\"text-align: left\"><strong>Ca\u0142kowita warto\u015b\u0107 projektu:<\/strong> 1 083 052,80 z\u0142<\/p>\n<p style=\"text-align: left\"><strong>Kwota dofinansowania z UE:<\/strong> 1 050 561,20 z\u0142<\/p>\n<p style=\"text-align: left\"><strong>Kwota dofinansowania ze \u015brodk\u00f3w dotacji celowej:<\/strong> 137&nbsp;764,30 z\u0142<\/p>\n<p style=\"text-align: left\"><strong>Wk\u0142ad w\u0142asny:<\/strong> 32 491,60 z\u0142<\/p>\n<p style=\"text-align: left\"><strong>Charakterystyka projektu:<\/strong><br \/>\nProjekt skierowany jest do 90 najlepszych student\u00f3w 6 i 7 semestru studi\u00f3w stacjonarnych I stopnia (w roku 2018 i 2019) na kierunkach elektrotechnika, elektronika i telekomunikacja oraz ekoenergetyka. Przewiduje on sfinansowanie 3-miesi\u0119cznych sta\u017cy (w wymiarze 360 godzin) w przedsi\u0119biorstwach krajowych. Dofinansowanie zostanie przeznaczone m.in. na stypendium sta\u017cowe, dojazd i zakwaterowanie uczestnik\u00f3w oraz ubezpieczenie.<\/p>\n<p style=\"text-align: left\"><strong>W projekcie przewiduje si\u0119 dwa terminy rekrutacji na sta\u017ce:<\/strong><br \/>\ntermin I: 04.2018-05.2018 roku,<br \/>\ntermin II: 04.2019-05.2019 roku.<\/p>\n<p style=\"text-align: left\">G\u0142\u00f3wnym kryterium rekrutacji b\u0119dzie \u015brednia ocen uzyskana w toku studi\u00f3w. Dodatkowe punkty mo\u017cna otrzyma\u0107 m.in. za osi\u0105gni\u0119cia\/czo\u0142owe lokaty w konkursach, znajomo\u015b\u0107 j\u0119zyk\u00f3w obcych potwierdzon\u0105 certyfikatem, dzia\u0142alno\u015b\u0107 w samorz\u0105dzie studenckim czy kole naukowym lub wolontariat.<\/p>\n<p style=\"text-align: left\">Efekty realizacji projektu ze strony sta\u017cysty to szansa na zdobycie praktycznych umiej\u0119tno\u015bci powi\u0105zanych z efektami kszta\u0142cenia na Wydziale Elektrycznym PB, jak r\u00f3wnie\u017c poznanie pracodawcy, jego specyfiki i bran\u017cy, co mo\u017ce skutkowa\u0107 ewentualnym zatrudnieniem w przysz\u0142o\u015bci.<\/p>\n<p style=\"text-align: left\">Efektem realizacji projektu ze strony uczelni jest utrwalanie wsp\u00f3\u0142pracy z otoczeniem gospodarczym.<\/p>\n","protected":false},"excerpt":{"rendered":"<p>Program sta\u017cowy dla m\u0142odych in\u017cynier\u00f3w &#8222;E&#8221;. Projekt uzyska\u0142 finansowanie z osi priorytetowej III. Szkolnictwo wy\u017csze<\/p>\n","protected":false},"author":2,"featured_media":0,"parent":89,"menu_order":14,"comment_status":"closed","ping_status":"closed","template":"","meta":{"_acf_changed":false,"ngg_post_thumbnail":0,"footnotes":""},"class_list":["post-283","page","type-page","status-publish","hentry"],"acf":[],"_links":{"self":[{"href":"https:\/\/pb.edu.pl\/brpm\/wp-json\/wp\/v2\/pages\/283","targetHints":{"allow":["GET"]}}],"collection":[{"href":"https:\/\/pb.edu.pl\/brpm\/wp-json\/wp\/v2\/pages"}],"about":[{"href":"https:\/\/pb.edu.pl\/brpm\/wp-json\/wp\/v2\/types\/page"}],"author":[{"embeddable":true,"href":"https:\/\/pb.edu.pl\/brpm\/wp-json\/wp\/v2\/users\/2"}],"replies":[{"embeddable":true,"href":"https:\/\/pb.edu.pl\/brpm\/wp-json\/wp\/v2\/comments?post=283"}],"version-history":[{"count":0,"href":"https:\/\/pb.edu.pl\/brpm\/wp-json\/wp\/v2\/pages\/283\/revisions"}],"up":[{"embeddable":true,"href":"https:\/\/pb.edu.pl\/brpm\/wp-json\/wp\/v2\/pages\/89"}],"wp:attachment":[{"href":"https:\/\/pb.edu.pl\/brpm\/wp-json\/wp\/v2\/media?parent=283"}],"curies":[{"name":"wp","href":"https:\/\/api.w.org\/{rel}","templated":true}]}}