{"id":2825,"date":"2025-09-30T12:32:06","date_gmt":"2025-09-30T10:32:06","guid":{"rendered":"https:\/\/pb.edu.pl\/brpm\/?page_id=2825"},"modified":"2025-12-16T10:24:49","modified_gmt":"2025-12-16T09:24:49","slug":"ekosystem-innowacji-dolina-rolnicza-4","status":"publish","type":"page","link":"https:\/\/pb.edu.pl\/brpm\/projekty-pb\/programy-ue\/projekty-realizowane\/ekosystem-innowacji-dolina-rolnicza-4\/","title":{"rendered":"Ekosystem Innowacji Dolina Rolnicza 4.0"},"content":{"rendered":"<p>&nbsp;<\/p>\n<p><img loading=\"lazy\" decoding=\"async\" class=\"aligncenter size-full wp-image-2744\" src=\"https:\/\/pb.edu.pl\/brpm\/wp-content\/uploads\/sites\/6\/2025\/06\/FedP_logo-1140px.png\" alt=\"loga wymagane do projektu: UE, PL, podlaskie\" width=\"1140\" height=\"129\" srcset=\"https:\/\/pb.edu.pl\/brpm\/wp-content\/uploads\/sites\/6\/2025\/06\/FedP_logo-1140px.png 1140w, https:\/\/pb.edu.pl\/brpm\/wp-content\/uploads\/sites\/6\/2025\/06\/FedP_logo-1140px-300x34.png 300w, https:\/\/pb.edu.pl\/brpm\/wp-content\/uploads\/sites\/6\/2025\/06\/FedP_logo-1140px-1024x116.png 1024w, https:\/\/pb.edu.pl\/brpm\/wp-content\/uploads\/sites\/6\/2025\/06\/FedP_logo-1140px-768x87.png 768w\" sizes=\"auto, (max-width: 1140px) 100vw, 1140px\" \/><\/p>\n<h1>Ekosystem Innowacji Dolina Rolnicza 4.0<\/h1>\n<p><strong>\u201eEkosystem Innowacji Dolina Rolnicza 4.0\u201d<\/strong> to kompleksowa inicjatywa integruj\u0105ca innowacje, badania naukowe oraz wsp\u00f3\u0142prac\u0119 sektora rolno-spo\u017cywczego w wojew\u00f3dztwie podlaskim. Skupia si\u0119 na mapowaniu i rozwoju ekosystemu, analizie megatrend\u00f3w, internacjonalizacji dzia\u0142a\u0144 oraz budowaniu pozycji i ekspercko\u015bci regionu. Istotnym elementem projektu jest \u201eFood Valley Invest\u201d, wspieraj\u0105cy innowacyjne projekty poprzez fundusze inwestycyjne i grantowe oraz wsp\u00f3\u0142prac\u0119 z ekspertami. W ramach dzia\u0142a\u0144 certyfikacyjnych projekt przewiduje mapowanie dotycz\u0105cych standard\u00f3w jako\u015bci i certyfikacji w\u0142asnej, wspieraj\u0105c lokalnych interesariuszy w promocji ich produkt\u00f3w. Dodatkowo, inicjatywa wspiera rozw\u00f3j \u201eInkubatora i Akceleratora\u201d dla start-up\u00f3w, przyspieszaj\u0105c wdro\u017cenie innowacji. Istotn\u0105 rol\u0119 odgrywa inteligencja sztucznej inteligencji w ekosystemie, wspieraj\u0105ca zarz\u0105dzanie \u0142a\u0144cuchem dostaw i procesy certyfikacji. Projekt k\u0142adzie nacisk na badania i projektowanie \u017cywno\u015bci funkcjonalnej o w\u0142a\u015bciwo\u015bciach prozdrowotnych, realizuj\u0105c badania kliniczne i opracowuj\u0105c produkty dedykowane okre\u015blonym potrzebom zdrowotnym. Dzi\u0119ki synergii mi\u0119dzy nauk\u0105, biznesem i technologi\u0105 \u201eDolina Rolnicza 4.0\u201d wzmacnia konkurencyjno\u015b\u0107 regionu i promuje jego wizerunek jako lider innowacji w sektorze rolno-spo\u017cywczym na arenie mi\u0119dzynarodowym.<\/p>\n<p>PB w ramach Konsorcjum, b\u0119dzie odpowiada\u0107 za realizacj\u0119 Zadania 4 &#8211; AI W EKOSYSTEMIE (Wydzia\u0142 Informatyki PB) oraz Zadania 6: \u017bYWNO\u015a\u0106 PROZDROWOTNA \u2013 ANIMAL (Wydzia\u0142 Budownictwa i Nauk o \u015arodowisku Katedra Chemii, Biologii i Biotechnologii)<\/p>\n<p><strong>Okres realizacji projektu:<\/strong> 01.07.2025 r. \u2013 31.03.2029 r.<\/p>\n<p><strong>Projekt realizowany w konsorcjum:<\/strong><\/p>\n<ul>\n<li>4Podlaskie \u2013 Lider<\/li>\n<li>Uniwersytet w Bia\u0142ymstoku &#8211; Partner<\/li>\n<li>Uniwersytet Medyczny w Bia\u0142ymstoku \u2013 Partner<\/li>\n<li>Politechnika Bia\u0142ostocka \u2013 Partner<\/li>\n<li>Instytut Innowacji i Technologii Politechniki Bia\u0142ostockiej Sp. z o .o. \u2013 Partner<\/li>\n<\/ul>\n<p><strong>Bud\u017cet projektu:<\/strong><\/p>\n<p>Ca\u0142kowita warto\u015b\u0107 projektu: <strong>45 669 990,93<\/strong> z\u0142 (kwota dofinansowania: <strong>43 145 630,53<\/strong> z\u0142).<\/p>\n<p>\u0141\u0105czna warto\u015b\u0107 projektu PB: <strong>7 162 059,98<\/strong> z\u0142 (kwota dofinansowania: <strong>6 803 956,98<\/strong> z\u0142).<\/p>\n","protected":false},"excerpt":{"rendered":"<p>&nbsp; Ekosystem Innowacji Dolina Rolnicza 4.0 \u201eEkosystem Innowacji Dolina Rolnicza 4.0\u201d to kompleksowa inicjatywa integruj\u0105ca<\/p>\n","protected":false},"author":2,"featured_media":0,"parent":94,"menu_order":0,"comment_status":"closed","ping_status":"closed","template":"templates\/dzial.php","meta":{"_acf_changed":false,"ngg_post_thumbnail":0,"footnotes":""},"class_list":["post-2825","page","type-page","status-publish","hentry"],"acf":[],"_links":{"self":[{"href":"https:\/\/pb.edu.pl\/brpm\/wp-json\/wp\/v2\/pages\/2825","targetHints":{"allow":["GET"]}}],"collection":[{"href":"https:\/\/pb.edu.pl\/brpm\/wp-json\/wp\/v2\/pages"}],"about":[{"href":"https:\/\/pb.edu.pl\/brpm\/wp-json\/wp\/v2\/types\/page"}],"author":[{"embeddable":true,"href":"https:\/\/pb.edu.pl\/brpm\/wp-json\/wp\/v2\/users\/2"}],"replies":[{"embeddable":true,"href":"https:\/\/pb.edu.pl\/brpm\/wp-json\/wp\/v2\/comments?post=2825"}],"version-history":[{"count":0,"href":"https:\/\/pb.edu.pl\/brpm\/wp-json\/wp\/v2\/pages\/2825\/revisions"}],"up":[{"embeddable":true,"href":"https:\/\/pb.edu.pl\/brpm\/wp-json\/wp\/v2\/pages\/94"}],"wp:attachment":[{"href":"https:\/\/pb.edu.pl\/brpm\/wp-json\/wp\/v2\/media?parent=2825"}],"curies":[{"name":"wp","href":"https:\/\/api.w.org\/{rel}","templated":true}]}}