{"id":2820,"date":"2025-09-24T21:26:49","date_gmt":"2025-09-24T19:26:49","guid":{"rendered":"https:\/\/pb.edu.pl\/brpm\/?page_id=2820"},"modified":"2026-03-25T12:48:54","modified_gmt":"2026-03-25T11:48:54","slug":"bio4future","status":"publish","type":"page","link":"https:\/\/pb.edu.pl\/brpm\/projekty-pb\/programy-ue\/projekty-realizowane\/bio4future\/","title":{"rendered":"BIO4FUTURE"},"content":{"rendered":"<p>&nbsp;<\/p>\n<p><img loading=\"lazy\" decoding=\"async\" class=\"aligncenter size-full wp-image-2744\" src=\"https:\/\/pb.edu.pl\/brpm\/wp-content\/uploads\/sites\/6\/2025\/06\/FedP_logo-1140px.png\" alt=\"loga wymagane do projektu: UE, PL, podlaskie\" width=\"1140\" height=\"129\" srcset=\"https:\/\/pb.edu.pl\/brpm\/wp-content\/uploads\/sites\/6\/2025\/06\/FedP_logo-1140px.png 1140w, https:\/\/pb.edu.pl\/brpm\/wp-content\/uploads\/sites\/6\/2025\/06\/FedP_logo-1140px-300x34.png 300w, https:\/\/pb.edu.pl\/brpm\/wp-content\/uploads\/sites\/6\/2025\/06\/FedP_logo-1140px-1024x116.png 1024w, https:\/\/pb.edu.pl\/brpm\/wp-content\/uploads\/sites\/6\/2025\/06\/FedP_logo-1140px-768x87.png 768w\" sizes=\"auto, (max-width: 1140px) 100vw, 1140px\" \/><\/p>\n<h1>PROJEKT pn. \u201eOchrona i przywracanie r\u00f3\u017cnorodno\u015bci biologicznej i krajobrazowej oraz funkcji ekosystem\u00f3w na terenie wojew\u00f3dztwa podlaskiego\u201d<\/h1>\n<p>Partnerzy: Wojew\u00f3dztwo Podlaskie, Politechnika Bia\u0142ostocka, Uniwersytet w Bia\u0142ymstoku<\/p>\n<p>Projekt wsp\u00f3\u0142finansowany ze \u015brodk\u00f3w Unii Europejskiej, z Europejskiego Funduszu Rozwoju Regionalnego w ramach programu Fundusze Europejskie dla Podlaskiego 2021\u20132027.<\/p>\n<p>Ca\u0142kowity koszt projektu: 52 915 301,83 z\u0142<\/p>\n<p>Wk\u0142ad Funduszy Europejskich: 44 334 583,81 z\u0142<\/p>\n<p>Kluczowe cele projektu to:<\/p>\n<ul>\n<li>Powstrzymanie utraty r\u00f3\u017cnorodno\u015bci biologicznej i krajobrazowej oraz wzmocnienie skutecznego zarz\u0105dzania gatunkami i siedliskami, w tym identyfikacja nowych zagro\u017ce\u0144.<\/li>\n<li>Zwi\u0119kszenie poszanowania przyrody i krajobrazu w procesach rozwoju spo\u0142ecznego i gospodarczego regionu.<\/li>\n<li>Podniesienie efektywno\u015bci dzia\u0142a\u0144 ochronnych poprzez wzmocnienie edukacji ekologicznej oraz kompetencji s\u0142u\u017cb ochrony przyrody i administracji publicznej.<\/li>\n<\/ul>\n<p>Realizacja projektu przyniesie szereg korzy\u015bci dla regionu, w tym:<\/p>\n<ul>\n<li>wzrost zasob\u00f3w wiedzy o przyrodzie wojew\u00f3dztwa podlaskiego,<\/li>\n<li>popraw\u0119 jako\u015bci siedlisk i ekosystem\u00f3w,<\/li>\n<li>popraw\u0119 warunk\u00f3w bytowania oraz stanu populacji kluczowych gatunk\u00f3w,<\/li>\n<li>zwi\u0119kszenie obszar\u00f3w obj\u0119tych czynnymi dzia\u0142aniami ochronnymi,<\/li>\n<li>wzmocnienie potencja\u0142u us\u0142ug ekosystemowych,<\/li>\n<li>aktywizacj\u0119 spo\u0142ecze\u0144stwa na rzecz zr\u00f3wnowa\u017conego rozwoju,<\/li>\n<li>podniesienie standard\u00f3w ochrony przyrody dzi\u0119ki zwi\u0119kszeniu liczebno\u015bci i kwalifikacji s\u0142u\u017cb.<\/li>\n<\/ul>\n<p>Projekt skierowany jest do lokalnych spo\u0142eczno\u015bci, instytucji naukowych, turyst\u00f3w oraz podmiot\u00f3w publicznych i prywatnych. Jego realizacja przyczyni si\u0119 do ochrony niezwyk\u0142ych walor\u00f3w przyrodniczych Podlasia, poprawy jako\u015bci \u017cycia mieszka\u0144c\u00f3w oraz wzrostu \u015bwiadomo\u015bci ekologicznej w ca\u0142ym regionie.  <\/p>\n<p>#FunduszeUE #FunduszeEuropejskie<\/p>\n<div class=\"h1\">Zadanie Politechniki Bia\u0142ostockiej:<br \/>\nBIO4FUTURE \u2013 Podlaskie Centrum Ochrony R\u00f3\u017cnorodno\u015bci Grzyb\u00f3w i Ro\u015blin<\/div>\n<p>PB Jednostka realizuj\u0105ca: Wydzia\u0142 Budownictwa i Nauk o \u015arodowisku, Instytut Nauk Le\u015bnych<\/p>\n<p>G\u0142\u00f3wnym celem zadania BIO4FUTURE jest zachowanie r\u00f3\u017cnorodno\u015bci gatunkowej i genetycznej mykobioty i flory wyst\u0119puj\u0105cych na terenie wojew\u00f3dztwa podlaskiego, poprzez:<\/p>\n<p>I. Utworzenie \/ rozbudow\u0119 kolekcji zachowawczych:<\/p>\n<ol>\n<li>Fungarium<\/li>\n<li>Fungi Extract Bank\u00ae<\/li>\n<li>Fungal&nbsp;Culture&nbsp;Collection<\/li>\n<li>Polowy bank zagro\u017conych gatunk\u00f3w ro\u015blin<\/li>\n<li>Polowy bank r\u00f3\u017cnorodno\u015bci florystycznej regionu podlaskiego<\/li>\n<li>Herbarium<\/li>\n<\/ol>\n<p>II. Upowszechnianie wiedzy o ochronie r\u00f3\u017cnorodno\u015bci grzyb\u00f3w i ro\u015blin wojew\u00f3dztwa podlaskiego:<\/p>\n<ol>\n<li>Monografia naukowa Grzyby regionu podlaskiego: Tom I: Polyporaceae s.l., 2) Tom II: Corticiaceae s.l. <\/li>\n<li>Podlaska czerwona lista ro\u015blin<\/li>\n<li>Monografia naukowa Flora regionu podlaskiego:&nbsp;Cz\u0119\u015b\u0107&nbsp;I: Mchy, w\u0105trobowce i glewiki., 2) Cz\u0119\u015b\u0107 II: Ro\u015bliny kwiatowe, wid\u0142aki, skrzypy i paprocie.<\/li>\n<li>Elektroniczna baza danych regionalnej, podlaskiej czerwonej listy ro\u015blin i grzyb\u00f3w<\/li>\n<li>Dzia\u0142ania edukacyjne oraz informacyjno-promocyjne.<\/li>\n<\/ol>\n<p>Okres realizacji zadania: 01.09.2025 r. &#8211; 31.08.2028 r.<\/p>\n<div class=\"h1 text-center\">\n<a href=\"https:\/\/www.facebook.com\/profile.php?id=61588286197644\"><i class=\"fab fa-facebook-f\"><\/i><\/a> &nbsp; <a href=\"https:\/\/www.instagram.com\/bio_4_future\"><i class=\"fa-brands fa-instagram\"><\/i><\/a> &nbsp; <a href=\"https:\/\/www.linkedin.com\/showcase\/bio4future\/?viewAsMember=true\"><i class=\"fa-brands fa-linkedin-in\"><\/i><\/a>\n<\/div>\n","protected":false},"excerpt":{"rendered":"<p>&nbsp; PROJEKT pn. \u201eOchrona i przywracanie r\u00f3\u017cnorodno\u015bci biologicznej i krajobrazowej oraz funkcji ekosystem\u00f3w na terenie<\/p>\n","protected":false},"author":2,"featured_media":0,"parent":94,"menu_order":0,"comment_status":"closed","ping_status":"closed","template":"templates\/dzial.php","meta":{"_acf_changed":false,"ngg_post_thumbnail":0,"footnotes":""},"class_list":["post-2820","page","type-page","status-publish","hentry"],"acf":[],"_links":{"self":[{"href":"https:\/\/pb.edu.pl\/brpm\/wp-json\/wp\/v2\/pages\/2820","targetHints":{"allow":["GET"]}}],"collection":[{"href":"https:\/\/pb.edu.pl\/brpm\/wp-json\/wp\/v2\/pages"}],"about":[{"href":"https:\/\/pb.edu.pl\/brpm\/wp-json\/wp\/v2\/types\/page"}],"author":[{"embeddable":true,"href":"https:\/\/pb.edu.pl\/brpm\/wp-json\/wp\/v2\/users\/2"}],"replies":[{"embeddable":true,"href":"https:\/\/pb.edu.pl\/brpm\/wp-json\/wp\/v2\/comments?post=2820"}],"version-history":[{"count":13,"href":"https:\/\/pb.edu.pl\/brpm\/wp-json\/wp\/v2\/pages\/2820\/revisions"}],"predecessor-version":[{"id":2980,"href":"https:\/\/pb.edu.pl\/brpm\/wp-json\/wp\/v2\/pages\/2820\/revisions\/2980"}],"up":[{"embeddable":true,"href":"https:\/\/pb.edu.pl\/brpm\/wp-json\/wp\/v2\/pages\/94"}],"wp:attachment":[{"href":"https:\/\/pb.edu.pl\/brpm\/wp-json\/wp\/v2\/media?parent=2820"}],"curies":[{"name":"wp","href":"https:\/\/api.w.org\/{rel}","templated":true}]}}