{"id":2792,"date":"2025-07-23T22:19:06","date_gmt":"2025-07-23T20:19:06","guid":{"rendered":"https:\/\/pb.edu.pl\/brpm\/?page_id=2792"},"modified":"2025-08-18T18:57:09","modified_gmt":"2025-08-18T16:57:09","slug":"opracowanie-technologii-nawierzchni-z-betonu-walowanego-z-geopolimerowa-warstwa-scieralna","status":"publish","type":"page","link":"https:\/\/pb.edu.pl\/brpm\/projekty-pb\/programy-ue\/projekty-realizowane\/opracowanie-technologii-nawierzchni-z-betonu-walowanego-z-geopolimerowa-warstwa-scieralna\/","title":{"rendered":"Opracowanie technologii nawierzchni z betonu wa\u0142owanego z geopolimerow\u0105 warstw\u0105 \u015bcieraln\u0105"},"content":{"rendered":"<p>&nbsp;<\/p>\n<p><img loading=\"lazy\" decoding=\"async\" src=\"https:\/\/pb.edu.pl\/brpm\/wp-content\/uploads\/sites\/6\/2025\/06\/FedP_logo-1140px.png\" alt=\"loga wymagane do projektu: UE, PL, podlaskie\" width=\"1140\" height=\"129\" class=\"aligncenter size-full wp-image-2744\" srcset=\"https:\/\/pb.edu.pl\/brpm\/wp-content\/uploads\/sites\/6\/2025\/06\/FedP_logo-1140px.png 1140w, https:\/\/pb.edu.pl\/brpm\/wp-content\/uploads\/sites\/6\/2025\/06\/FedP_logo-1140px-300x34.png 300w, https:\/\/pb.edu.pl\/brpm\/wp-content\/uploads\/sites\/6\/2025\/06\/FedP_logo-1140px-1024x116.png 1024w, https:\/\/pb.edu.pl\/brpm\/wp-content\/uploads\/sites\/6\/2025\/06\/FedP_logo-1140px-768x87.png 768w\" sizes=\"auto, (max-width: 1140px) 100vw, 1140px\" \/><\/p>\n<h1>Opracowanie technologii nawierzchni z betonu wa\u0142owanego z geopolimerow\u0105 warstw\u0105 \u015bcieraln\u0105<\/h1>\n<p>Celem projektu jest opracowanie innowacyjnej technologii nawierzchni drogowej, kt\u00f3ra \u0142\u0105czy cementowy beton wa\u0142owany (CBW) jako warstw\u0119 wi\u0105\u017c\u0105c\u0105 oraz geopolimerowy beton jako warstw\u0119 \u015bcieraln\u0105. Badania koncentruj\u0105 si\u0119 na uzyskaniu trwa\u0142ego i wytrzyma\u0142ego po\u0142\u0105czenia mi\u0119dzy tymi dwoma materia\u0142ami. W ramach prac przedwdro\u017ceniowych zaplanowano kompleksowe badania laboratoryjne obejmuj\u0105ce analiz\u0119 struktury, w\u0142a\u015bciwo\u015bci mechanicznych oraz trwa\u0142o\u015bci hybrydowego kompozytu. Zastosowanie geopolimeru jako warstwy \u015bcieralnej ma umo\u017cliwi\u0107 wyeliminowanie konieczno\u015bci stosowania dylatacji, co stanowi istotn\u0105 innowacj\u0119 w por\u00f3wnaniu z tradycyjnymi nawierzchniami wykonanymi wy\u0142\u0105cznie z betonu cementowego.<\/p>\n<p><strong>Kierownik projektu:<\/strong> prof. dr hab. in\u017c. Micha\u0142 Bo\u0142tryk  Wydzia\u0142u Budownictwa i Nauk o \u015arodowisku Politechniki Bia\u0142ostockiej, kierownik Katedry Budownictwa i Kszta\u0142towania Krajobrazu Wydzia\u0142u Budownictwa i Nauk o \u015arodowisku Politechniki Bia\u0142ostockiej<\/p>\n<p><strong>Warto\u015b\u0107 projektu:<\/strong> 45 371,92 z\u0142<\/p>\n<p><strong>Ca\u0142kowita warto\u015b\u0107 projektu:<\/strong> 50 776,92 z\u0142<\/p>\n<p><strong>Okres realizacji projektu:<\/strong> 01.09.2025 &#8211; 30.10.2026<\/p>\n","protected":false},"excerpt":{"rendered":"<p>&nbsp; Opracowanie technologii nawierzchni z betonu wa\u0142owanego z geopolimerow\u0105 warstw\u0105 \u015bcieraln\u0105 Celem projektu jest opracowanie<\/p>\n","protected":false},"author":2,"featured_media":0,"parent":94,"menu_order":10,"comment_status":"closed","ping_status":"closed","template":"templates\/dzial.php","meta":{"_acf_changed":false,"ngg_post_thumbnail":0,"footnotes":""},"class_list":["post-2792","page","type-page","status-publish","hentry"],"acf":[],"_links":{"self":[{"href":"https:\/\/pb.edu.pl\/brpm\/wp-json\/wp\/v2\/pages\/2792","targetHints":{"allow":["GET"]}}],"collection":[{"href":"https:\/\/pb.edu.pl\/brpm\/wp-json\/wp\/v2\/pages"}],"about":[{"href":"https:\/\/pb.edu.pl\/brpm\/wp-json\/wp\/v2\/types\/page"}],"author":[{"embeddable":true,"href":"https:\/\/pb.edu.pl\/brpm\/wp-json\/wp\/v2\/users\/2"}],"replies":[{"embeddable":true,"href":"https:\/\/pb.edu.pl\/brpm\/wp-json\/wp\/v2\/comments?post=2792"}],"version-history":[{"count":0,"href":"https:\/\/pb.edu.pl\/brpm\/wp-json\/wp\/v2\/pages\/2792\/revisions"}],"up":[{"embeddable":true,"href":"https:\/\/pb.edu.pl\/brpm\/wp-json\/wp\/v2\/pages\/94"}],"wp:attachment":[{"href":"https:\/\/pb.edu.pl\/brpm\/wp-json\/wp\/v2\/media?parent=2792"}],"curies":[{"name":"wp","href":"https:\/\/api.w.org\/{rel}","templated":true}]}}