{"id":2788,"date":"2025-07-23T22:15:28","date_gmt":"2025-07-23T20:15:28","guid":{"rendered":"https:\/\/pb.edu.pl\/brpm\/?page_id=2788"},"modified":"2025-08-18T18:56:10","modified_gmt":"2025-08-18T16:56:10","slug":"badania-rozwojowe-ekstraktow-roslinnych-sfinalizowanych-jako-patenty-w-celu-ich-wdrozenia-i-komercjalizacji-do-produkcji-naturalnych-produktow-leczniczych","status":"publish","type":"page","link":"https:\/\/pb.edu.pl\/brpm\/projekty-pb\/programy-ue\/projekty-realizowane\/badania-rozwojowe-ekstraktow-roslinnych-sfinalizowanych-jako-patenty-w-celu-ich-wdrozenia-i-komercjalizacji-do-produkcji-naturalnych-produktow-leczniczych\/","title":{"rendered":"Badania rozwojowe ekstrakt\u00f3w ro\u015blinnych sfinalizowanych jako patenty, w celu ich wdro\u017cenia i komercjalizacji do produkcji naturalnych produkt\u00f3w leczniczych"},"content":{"rendered":"<p>&nbsp;<\/p>\n<p><img loading=\"lazy\" decoding=\"async\" src=\"https:\/\/pb.edu.pl\/brpm\/wp-content\/uploads\/sites\/6\/2025\/06\/FedP_logo-1140px.png\" alt=\"loga wymagane do projektu: UE, PL, podlaskie\" width=\"1140\" height=\"129\" class=\"aligncenter size-full wp-image-2744\" srcset=\"https:\/\/pb.edu.pl\/brpm\/wp-content\/uploads\/sites\/6\/2025\/06\/FedP_logo-1140px.png 1140w, https:\/\/pb.edu.pl\/brpm\/wp-content\/uploads\/sites\/6\/2025\/06\/FedP_logo-1140px-300x34.png 300w, https:\/\/pb.edu.pl\/brpm\/wp-content\/uploads\/sites\/6\/2025\/06\/FedP_logo-1140px-1024x116.png 1024w, https:\/\/pb.edu.pl\/brpm\/wp-content\/uploads\/sites\/6\/2025\/06\/FedP_logo-1140px-768x87.png 768w\" sizes=\"auto, (max-width: 1140px) 100vw, 1140px\" \/><\/p>\n<h1>Badania rozwojowe ekstrakt\u00f3w ro\u015blinnych sfinalizowanych jako patenty, w celu ich wdro\u017cenia i komercjalizacji do produkcji naturalnych produkt\u00f3w leczniczych <\/h1>\n<p>Celem projektu jest przygotowanie opatentowanych ekstrakt\u00f3w ro\u015blinnych do wdro\u017cenia jako naturalne produkty lecznicze. Obejmuje to badania przedkliniczne (in vitro i in vivo), ocen\u0119 ich skuteczno\u015bci i bezpiecze\u0144stwa oraz rozw\u00f3j warunk\u00f3w produkcji. Projekt wspiera tak\u017ce wsp\u00f3\u0142prac\u0119 nauki z przemys\u0142em i zwi\u0119ksza innowacyjno\u015b\u0107 firm regionu.<\/p>\n<p><strong>Kierownik projektu:<\/strong> dr hab. Gra\u017cyna \u0141aska, prof. PB z Katedry In\u017cynierii Rolno-Spo\u017cywczej i Kszta\u0142towania \u015arodowiska Wydzia\u0142u Budownictwa i Nauk o \u015arodowisku Politechniki Bia\u0142ostockiej<\/p>\n<p><strong>Warto\u015b\u0107 projektu:<\/strong> 98 467,32 z\u0142<\/p>\n<p><strong>Ca\u0142kowita warto\u015b\u0107 projektu:<\/strong> 109 500,00 z\u0142<\/p>\n<p><strong>Okres realizacji projektu:<\/strong> 01.05.2025 &#8211; 30.10.2026<\/p>\n","protected":false},"excerpt":{"rendered":"<p>&nbsp; Badania rozwojowe ekstrakt\u00f3w ro\u015blinnych sfinalizowanych jako patenty, w celu ich wdro\u017cenia i komercjalizacji do<\/p>\n","protected":false},"author":2,"featured_media":0,"parent":94,"menu_order":9,"comment_status":"closed","ping_status":"closed","template":"templates\/dzial.php","meta":{"_acf_changed":false,"ngg_post_thumbnail":0,"footnotes":""},"class_list":["post-2788","page","type-page","status-publish","hentry"],"acf":[],"_links":{"self":[{"href":"https:\/\/pb.edu.pl\/brpm\/wp-json\/wp\/v2\/pages\/2788","targetHints":{"allow":["GET"]}}],"collection":[{"href":"https:\/\/pb.edu.pl\/brpm\/wp-json\/wp\/v2\/pages"}],"about":[{"href":"https:\/\/pb.edu.pl\/brpm\/wp-json\/wp\/v2\/types\/page"}],"author":[{"embeddable":true,"href":"https:\/\/pb.edu.pl\/brpm\/wp-json\/wp\/v2\/users\/2"}],"replies":[{"embeddable":true,"href":"https:\/\/pb.edu.pl\/brpm\/wp-json\/wp\/v2\/comments?post=2788"}],"version-history":[{"count":0,"href":"https:\/\/pb.edu.pl\/brpm\/wp-json\/wp\/v2\/pages\/2788\/revisions"}],"up":[{"embeddable":true,"href":"https:\/\/pb.edu.pl\/brpm\/wp-json\/wp\/v2\/pages\/94"}],"wp:attachment":[{"href":"https:\/\/pb.edu.pl\/brpm\/wp-json\/wp\/v2\/media?parent=2788"}],"curies":[{"name":"wp","href":"https:\/\/api.w.org\/{rel}","templated":true}]}}