{"id":2782,"date":"2025-07-23T22:10:27","date_gmt":"2025-07-23T20:10:27","guid":{"rendered":"https:\/\/pb.edu.pl\/brpm\/?page_id=2782"},"modified":"2025-09-12T23:21:31","modified_gmt":"2025-09-12T21:21:31","slug":"opracowanie-technologii-produkcji-lekkiego-kruszywa-na-bazie-odpadowego-granulatu-styropianowego-posiadajacego-zdolnosci-do-mineralizacji-co2-w-swojej-strukturze","status":"publish","type":"page","link":"https:\/\/pb.edu.pl\/brpm\/projekty-pb\/programy-ue\/projekty-realizowane\/opracowanie-technologii-produkcji-lekkiego-kruszywa-na-bazie-odpadowego-granulatu-styropianowego-posiadajacego-zdolnosci-do-mineralizacji-co2-w-swojej-strukturze\/","title":{"rendered":"Opracowanie technologii produkcji lekkiego kruszywa na bazie odpadowego granulatu styropianowego posiadaj\u0105cego zdolno\u015bci do mineralizacji CO\u2082 w swojej strukturze"},"content":{"rendered":"<p>&nbsp;<\/p>\n<p><img loading=\"lazy\" decoding=\"async\" src=\"https:\/\/pb.edu.pl\/brpm\/wp-content\/uploads\/sites\/6\/2025\/06\/FedP_logo-1140px.png\" alt=\"loga wymagane do projektu: UE, PL, podlaskie\" width=\"1140\" height=\"129\" class=\"aligncenter size-full wp-image-2744\" srcset=\"https:\/\/pb.edu.pl\/brpm\/wp-content\/uploads\/sites\/6\/2025\/06\/FedP_logo-1140px.png 1140w, https:\/\/pb.edu.pl\/brpm\/wp-content\/uploads\/sites\/6\/2025\/06\/FedP_logo-1140px-300x34.png 300w, https:\/\/pb.edu.pl\/brpm\/wp-content\/uploads\/sites\/6\/2025\/06\/FedP_logo-1140px-1024x116.png 1024w, https:\/\/pb.edu.pl\/brpm\/wp-content\/uploads\/sites\/6\/2025\/06\/FedP_logo-1140px-768x87.png 768w\" sizes=\"auto, (max-width: 1140px) 100vw, 1140px\" \/><\/p>\n<h1>Opracowanie technologii produkcji lekkiego kruszywa na bazie odpadowego granulatu styropianowego posiadaj\u0105cego zdolno\u015bci do mineralizacji CO\u2082 w swojej strukturze<\/h1>\n<p>Projekt dotyczy opracowania lekkiego kruszywa kompozytowego z odpadowego granulatu styropianowego, pokrywanego zaczynem na bazie popio\u0142u lotnego, wapna i roztworu alkalicznego. Celem jest stworzenie materia\u0142u budowlanego, kt\u00f3ry poch\u0142ania CO\u2082 i jednocze\u015bnie spe\u0142nia normy jako\u015bciowe. W badaniach wykorzystane b\u0119d\u0105 r\u00f3wnie\u017c inne odpady przemys\u0142owe, takie jak ziemia okrzemkowa czy py\u0142 bazaltowy. Innowacja polega na po\u0142\u0105czeniu recyklingu z technologi\u0105 budowlan\u0105 w s\u0142u\u017cbie ochrony klimatu.<\/p>\n<p><strong>Kierownik projektu:<\/strong> dr in\u017c. Marta Nalewajko z Katedry Budownictwa i Kszta\u0142towania Krajobrazu Wydzia\u0142u Budownictwa i Nauk o \u015arodowisku Politechniki Bia\u0142ostockiej<\/p>\n<p><strong>Warto\u015b\u0107 projektu:<\/strong> 38 293,44 z\u0142<\/p>\n<p><strong>Ca\u0142kowita warto\u015b\u0107 projektu:<\/strong> 42 707,93 z\u0142<\/p>\n<p><strong>Okres realizacji projektu:<\/strong> 01.05.2025 \u2013 30.10.2026<\/p>\n","protected":false},"excerpt":{"rendered":"<p>&nbsp; Opracowanie technologii produkcji lekkiego kruszywa na bazie odpadowego granulatu styropianowego posiadaj\u0105cego zdolno\u015bci do mineralizacji<\/p>\n","protected":false},"author":2,"featured_media":0,"parent":94,"menu_order":8,"comment_status":"closed","ping_status":"closed","template":"templates\/dzial.php","meta":{"_acf_changed":false,"ngg_post_thumbnail":0,"footnotes":""},"class_list":["post-2782","page","type-page","status-publish","hentry"],"acf":[],"_links":{"self":[{"href":"https:\/\/pb.edu.pl\/brpm\/wp-json\/wp\/v2\/pages\/2782","targetHints":{"allow":["GET"]}}],"collection":[{"href":"https:\/\/pb.edu.pl\/brpm\/wp-json\/wp\/v2\/pages"}],"about":[{"href":"https:\/\/pb.edu.pl\/brpm\/wp-json\/wp\/v2\/types\/page"}],"author":[{"embeddable":true,"href":"https:\/\/pb.edu.pl\/brpm\/wp-json\/wp\/v2\/users\/2"}],"replies":[{"embeddable":true,"href":"https:\/\/pb.edu.pl\/brpm\/wp-json\/wp\/v2\/comments?post=2782"}],"version-history":[{"count":0,"href":"https:\/\/pb.edu.pl\/brpm\/wp-json\/wp\/v2\/pages\/2782\/revisions"}],"up":[{"embeddable":true,"href":"https:\/\/pb.edu.pl\/brpm\/wp-json\/wp\/v2\/pages\/94"}],"wp:attachment":[{"href":"https:\/\/pb.edu.pl\/brpm\/wp-json\/wp\/v2\/media?parent=2782"}],"curies":[{"name":"wp","href":"https:\/\/api.w.org\/{rel}","templated":true}]}}