{"id":2779,"date":"2025-07-23T22:07:11","date_gmt":"2025-07-23T20:07:11","guid":{"rendered":"https:\/\/pb.edu.pl\/brpm\/?page_id=2779"},"modified":"2025-08-18T18:54:10","modified_gmt":"2025-08-18T16:54:10","slug":"mukoadhezyjny-preparat-zelowy-o-przedluzonym-dzialaniu-immunomodulujacym-do-aplikacji-w-jamie-ustnej","status":"publish","type":"page","link":"https:\/\/pb.edu.pl\/brpm\/projekty-pb\/programy-ue\/projekty-realizowane\/mukoadhezyjny-preparat-zelowy-o-przedluzonym-dzialaniu-immunomodulujacym-do-aplikacji-w-jamie-ustnej\/","title":{"rendered":"Mukoadhezyjny preparat \u017celowy o przed\u0142u\u017conym dzia\u0142aniu immunomoduluj\u0105cym do aplikacji w jamie ustnej"},"content":{"rendered":"<p>&nbsp;<\/p>\n<p><img loading=\"lazy\" decoding=\"async\" src=\"https:\/\/pb.edu.pl\/brpm\/wp-content\/uploads\/sites\/6\/2025\/06\/FedP_logo-1140px.png\" alt=\"loga wymagane do projektu: UE, PL, podlaskie\" width=\"1140\" height=\"129\" class=\"aligncenter size-full wp-image-2744\" srcset=\"https:\/\/pb.edu.pl\/brpm\/wp-content\/uploads\/sites\/6\/2025\/06\/FedP_logo-1140px.png 1140w, https:\/\/pb.edu.pl\/brpm\/wp-content\/uploads\/sites\/6\/2025\/06\/FedP_logo-1140px-300x34.png 300w, https:\/\/pb.edu.pl\/brpm\/wp-content\/uploads\/sites\/6\/2025\/06\/FedP_logo-1140px-1024x116.png 1024w, https:\/\/pb.edu.pl\/brpm\/wp-content\/uploads\/sites\/6\/2025\/06\/FedP_logo-1140px-768x87.png 768w\" sizes=\"auto, (max-width: 1140px) 100vw, 1140px\" \/><\/p>\n<h1>Mukoadhezyjny preparat \u017celowy o przed\u0142u\u017conym dzia\u0142aniu immunomoduluj\u0105cym do aplikacji w jamie ustnej<\/h1>\n<p>Projekt ma na celu rozw\u00f3j innowacyjnego \u017celu do jamy ustnej z peptydem LL-37, kt\u00f3ry pomo\u017ce pacjentom onkologicznym z problemami takimi jak sucho\u015b\u0107, stany zapalne i infekcje. W ramach prac opracowana zostanie stabilna formu\u0142a, metoda produkcji oraz przeprowadzone zostan\u0105 badania skuteczno\u015bci i bezpiecze\u0144stwa preparatu w warunkach zbli\u017conych do rzeczywistych. Ko\u0144cowym efektem b\u0119dzie prototyp gotowy do test\u00f3w klinicznych oraz zg\u0142oszenie patentowe.<\/p>\n<p><strong>Kierownik projektu:<\/strong> dr hab. in\u017c. Joanna Mystkowska, prof. PB, kierownik Zak\u0142adu Biomateria\u0142\u00f3w i In\u017cynierii Wyrob\u00f3w Medycznych na Wydziale Mechanicznym Politechniki Bia\u0142ostockiej<\/p>\n<p><strong>Warto\u015b\u0107 projektu:<\/strong> 100 000,00 z\u0142<\/p>\n<p><strong>Ca\u0142kowita warto\u015b\u0107 projektu:<\/strong> 111 500,00 z\u0142<\/p>\n<p><strong>Okres realizacji projektu:<\/strong> 01.05.2025 &#8211; 30.10.2026<\/p>\n","protected":false},"excerpt":{"rendered":"<p>&nbsp; Mukoadhezyjny preparat \u017celowy o przed\u0142u\u017conym dzia\u0142aniu immunomoduluj\u0105cym do aplikacji w jamie ustnej Projekt ma<\/p>\n","protected":false},"author":2,"featured_media":0,"parent":94,"menu_order":7,"comment_status":"closed","ping_status":"closed","template":"templates\/dzial.php","meta":{"_acf_changed":false,"ngg_post_thumbnail":0,"footnotes":""},"class_list":["post-2779","page","type-page","status-publish","hentry"],"acf":[],"_links":{"self":[{"href":"https:\/\/pb.edu.pl\/brpm\/wp-json\/wp\/v2\/pages\/2779","targetHints":{"allow":["GET"]}}],"collection":[{"href":"https:\/\/pb.edu.pl\/brpm\/wp-json\/wp\/v2\/pages"}],"about":[{"href":"https:\/\/pb.edu.pl\/brpm\/wp-json\/wp\/v2\/types\/page"}],"author":[{"embeddable":true,"href":"https:\/\/pb.edu.pl\/brpm\/wp-json\/wp\/v2\/users\/2"}],"replies":[{"embeddable":true,"href":"https:\/\/pb.edu.pl\/brpm\/wp-json\/wp\/v2\/comments?post=2779"}],"version-history":[{"count":0,"href":"https:\/\/pb.edu.pl\/brpm\/wp-json\/wp\/v2\/pages\/2779\/revisions"}],"up":[{"embeddable":true,"href":"https:\/\/pb.edu.pl\/brpm\/wp-json\/wp\/v2\/pages\/94"}],"wp:attachment":[{"href":"https:\/\/pb.edu.pl\/brpm\/wp-json\/wp\/v2\/media?parent=2779"}],"curies":[{"name":"wp","href":"https:\/\/api.w.org\/{rel}","templated":true}]}}