{"id":2776,"date":"2025-07-23T22:05:04","date_gmt":"2025-07-23T20:05:04","guid":{"rendered":"https:\/\/pb.edu.pl\/brpm\/?page_id=2776"},"modified":"2025-08-18T18:53:16","modified_gmt":"2025-08-18T16:53:16","slug":"demonstracja-prototypu-systemu-polmos","status":"publish","type":"page","link":"https:\/\/pb.edu.pl\/brpm\/projekty-pb\/programy-ue\/projekty-realizowane\/demonstracja-prototypu-systemu-polmos\/","title":{"rendered":"Demonstracja prototypu systemu do ci\u0105g\u0142ego i zdalnego monitorowania deformacji wra\u017cliwych element\u00f3w konstrukcyjnych nad ci\u0105gami technologicznymi w halach produkcyjnych Przedsi\u0119biorstwa \u201ePOLMOS\u201d w Bia\u0142ymstoku"},"content":{"rendered":"<p>&nbsp;<\/p>\n<p><img loading=\"lazy\" decoding=\"async\" src=\"https:\/\/pb.edu.pl\/brpm\/wp-content\/uploads\/sites\/6\/2025\/06\/FedP_logo-1140px.png\" alt=\"loga wymagane do projektu: UE, PL, podlaskie\" width=\"1140\" height=\"129\" class=\"aligncenter size-full wp-image-2744\" srcset=\"https:\/\/pb.edu.pl\/brpm\/wp-content\/uploads\/sites\/6\/2025\/06\/FedP_logo-1140px.png 1140w, https:\/\/pb.edu.pl\/brpm\/wp-content\/uploads\/sites\/6\/2025\/06\/FedP_logo-1140px-300x34.png 300w, https:\/\/pb.edu.pl\/brpm\/wp-content\/uploads\/sites\/6\/2025\/06\/FedP_logo-1140px-1024x116.png 1024w, https:\/\/pb.edu.pl\/brpm\/wp-content\/uploads\/sites\/6\/2025\/06\/FedP_logo-1140px-768x87.png 768w\" sizes=\"auto, (max-width: 1140px) 100vw, 1140px\" \/><\/p>\n<h1>Demonstracja prototypu systemu do ci\u0105g\u0142ego i zdalnego monitorowania deformacji wra\u017cliwych element\u00f3w konstrukcyjnych nad ci\u0105gami technologicznymi w halach produkcyjnych Przedsi\u0119biorstwa \u201ePOLMOS\u201d w Bia\u0142ymstoku<\/h1>\n<p>Projekt dotyczy monitorowania deformacji d\u017awigar\u00f3w dachowych i stropu nad piwnic\u0105 w zak\u0142adach Polmos Bia\u0142ystok. Celem jest wdro\u017cenie systemu ci\u0105g\u0142ych pomiar\u00f3w przemieszcze\u0144 z u\u017cyciem inklinometr\u00f3w i zdalnego przesy\u0142u danych, co zwi\u0119kszy bezpiecze\u0144stwo konstrukcji i wydajno\u015b\u0107 produkcji. Badania obejm\u0105 zar\u00f3wno stare, jak i nowe elementy no\u015bne nara\u017cone na obci\u0105\u017cenia i osiadanie. System umo\u017cliwi szybk\u0105 reakcj\u0119 na niebezpieczne odchylenia oraz precyzyjny nadz\u00f3r techniczny konstrukcji.<\/p>\n<p><strong>Kierownik projektu:<\/strong> dr hab. in\u017c. Tadeusz Chy\u017cy, prof. PB z Katedry Konstrukcji Budowlanych i Mechaniki Budowli Wydzia\u0142u Budownictwa i Nauk o \u015arodowisku Politechniki Bia\u0142ostockiej<\/p>\n<p><strong>Warto\u015b\u0107 projektu:<\/strong> 96 238,87 z\u0142<\/p>\n<p><strong>Ca\u0142kowita warto\u015b\u0107 projektu:<\/strong> 110 056,00 z\u0142<\/p>\n<p><strong>Okres realizacji projektu:<\/strong> 01.05.2025 &#8211; 30.10.2026<\/p>\n","protected":false},"excerpt":{"rendered":"<p>&nbsp; Demonstracja prototypu systemu do ci\u0105g\u0142ego i zdalnego monitorowania deformacji wra\u017cliwych element\u00f3w konstrukcyjnych nad ci\u0105gami<\/p>\n","protected":false},"author":2,"featured_media":0,"parent":94,"menu_order":6,"comment_status":"closed","ping_status":"closed","template":"templates\/dzial.php","meta":{"_acf_changed":false,"ngg_post_thumbnail":0,"footnotes":""},"class_list":["post-2776","page","type-page","status-publish","hentry"],"acf":[],"_links":{"self":[{"href":"https:\/\/pb.edu.pl\/brpm\/wp-json\/wp\/v2\/pages\/2776","targetHints":{"allow":["GET"]}}],"collection":[{"href":"https:\/\/pb.edu.pl\/brpm\/wp-json\/wp\/v2\/pages"}],"about":[{"href":"https:\/\/pb.edu.pl\/brpm\/wp-json\/wp\/v2\/types\/page"}],"author":[{"embeddable":true,"href":"https:\/\/pb.edu.pl\/brpm\/wp-json\/wp\/v2\/users\/2"}],"replies":[{"embeddable":true,"href":"https:\/\/pb.edu.pl\/brpm\/wp-json\/wp\/v2\/comments?post=2776"}],"version-history":[{"count":0,"href":"https:\/\/pb.edu.pl\/brpm\/wp-json\/wp\/v2\/pages\/2776\/revisions"}],"up":[{"embeddable":true,"href":"https:\/\/pb.edu.pl\/brpm\/wp-json\/wp\/v2\/pages\/94"}],"wp:attachment":[{"href":"https:\/\/pb.edu.pl\/brpm\/wp-json\/wp\/v2\/media?parent=2776"}],"curies":[{"name":"wp","href":"https:\/\/api.w.org\/{rel}","templated":true}]}}