{"id":2773,"date":"2025-07-23T22:01:49","date_gmt":"2025-07-23T20:01:49","guid":{"rendered":"https:\/\/pb.edu.pl\/brpm\/?page_id=2773"},"modified":"2025-08-18T18:51:22","modified_gmt":"2025-08-18T16:51:22","slug":"oazy-urbanistyczne","status":"publish","type":"page","link":"https:\/\/pb.edu.pl\/brpm\/projekty-pb\/programy-ue\/projekty-realizowane\/oazy-urbanistyczne\/","title":{"rendered":"Oazy urbanistyczne"},"content":{"rendered":"<p>&nbsp;<\/p>\n<p><img loading=\"lazy\" decoding=\"async\" src=\"https:\/\/pb.edu.pl\/brpm\/wp-content\/uploads\/sites\/6\/2025\/06\/FedP_logo-1140px.png\" alt=\"loga wymagane do projektu: UE, PL, podlaskie\" width=\"1140\" height=\"129\" class=\"aligncenter size-full wp-image-2744\" srcset=\"https:\/\/pb.edu.pl\/brpm\/wp-content\/uploads\/sites\/6\/2025\/06\/FedP_logo-1140px.png 1140w, https:\/\/pb.edu.pl\/brpm\/wp-content\/uploads\/sites\/6\/2025\/06\/FedP_logo-1140px-300x34.png 300w, https:\/\/pb.edu.pl\/brpm\/wp-content\/uploads\/sites\/6\/2025\/06\/FedP_logo-1140px-1024x116.png 1024w, https:\/\/pb.edu.pl\/brpm\/wp-content\/uploads\/sites\/6\/2025\/06\/FedP_logo-1140px-768x87.png 768w\" sizes=\"auto, (max-width: 1140px) 100vw, 1140px\" \/><\/p>\n<h1>Oazy urbanistyczne \u2013 Donice wspieraj\u0105ce bior\u00f3\u017cnorodno\u015b\u0107 w przestrzeni miejskiej<\/h1>\n<p>Projekt Oazy urbanistyczne ma na celu opracowanie i wdro\u017cenie innowacyjnych donic wspieraj\u0105cych bior\u00f3\u017cnorodno\u015b\u0107 oraz popraw\u0119 mikroklimatu w przestrzeni miejskiej. Jest to odpowied\u017a na wyzwania zwi\u0105zane z adaptacj\u0105 miast do zmian klimatycznych, nadmiernym uszczelnieniem powierzchni oraz spadkiem populacji owad\u00f3w zapylaj\u0105cych.<\/p>\n<p><strong>Kierownik projektu:<\/strong> mgr Aleksandra Jaku\u0107 z Katedry Sztuk Projektowych Wydzia\u0142u Architektury Politechniki Bia\u0142ostockiej<\/p>\n<p><strong>Warto\u015b\u0107 projektu:<\/strong> 99 689,00 z\u0142<\/p>\n<p><strong>Ca\u0142kowita warto\u015b\u0107 projektu:<\/strong> 108 795,79 z\u0142<\/p>\n<p><strong>Okres realizacji projektu:<\/strong> 01.01.2026 &#8211; 10.09.2026<\/p>\n","protected":false},"excerpt":{"rendered":"<p>&nbsp; Oazy urbanistyczne \u2013 Donice wspieraj\u0105ce bior\u00f3\u017cnorodno\u015b\u0107 w przestrzeni miejskiej Projekt Oazy urbanistyczne ma na<\/p>\n","protected":false},"author":2,"featured_media":0,"parent":94,"menu_order":5,"comment_status":"closed","ping_status":"closed","template":"","meta":{"_acf_changed":false,"ngg_post_thumbnail":0,"footnotes":""},"class_list":["post-2773","page","type-page","status-publish","hentry"],"acf":[],"_links":{"self":[{"href":"https:\/\/pb.edu.pl\/brpm\/wp-json\/wp\/v2\/pages\/2773","targetHints":{"allow":["GET"]}}],"collection":[{"href":"https:\/\/pb.edu.pl\/brpm\/wp-json\/wp\/v2\/pages"}],"about":[{"href":"https:\/\/pb.edu.pl\/brpm\/wp-json\/wp\/v2\/types\/page"}],"author":[{"embeddable":true,"href":"https:\/\/pb.edu.pl\/brpm\/wp-json\/wp\/v2\/users\/2"}],"replies":[{"embeddable":true,"href":"https:\/\/pb.edu.pl\/brpm\/wp-json\/wp\/v2\/comments?post=2773"}],"version-history":[{"count":0,"href":"https:\/\/pb.edu.pl\/brpm\/wp-json\/wp\/v2\/pages\/2773\/revisions"}],"up":[{"embeddable":true,"href":"https:\/\/pb.edu.pl\/brpm\/wp-json\/wp\/v2\/pages\/94"}],"wp:attachment":[{"href":"https:\/\/pb.edu.pl\/brpm\/wp-json\/wp\/v2\/media?parent=2773"}],"curies":[{"name":"wp","href":"https:\/\/api.w.org\/{rel}","templated":true}]}}