{"id":2770,"date":"2025-07-23T22:00:06","date_gmt":"2025-07-23T20:00:06","guid":{"rendered":"https:\/\/pb.edu.pl\/brpm\/?page_id=2770"},"modified":"2025-08-18T18:50:25","modified_gmt":"2025-08-18T16:50:25","slug":"ekobricks","status":"publish","type":"page","link":"https:\/\/pb.edu.pl\/brpm\/projekty-pb\/programy-ue\/projekty-realizowane\/ekobricks\/","title":{"rendered":"EkoBricks"},"content":{"rendered":"<p>&nbsp;<\/p>\n<p><img loading=\"lazy\" decoding=\"async\" src=\"https:\/\/pb.edu.pl\/brpm\/wp-content\/uploads\/sites\/6\/2025\/06\/FedP_logo-1140px.png\" alt=\"loga wymagane do projektu: UE, PL, podlaskie\" width=\"1140\" height=\"129\" class=\"aligncenter size-full wp-image-2744\" srcset=\"https:\/\/pb.edu.pl\/brpm\/wp-content\/uploads\/sites\/6\/2025\/06\/FedP_logo-1140px.png 1140w, https:\/\/pb.edu.pl\/brpm\/wp-content\/uploads\/sites\/6\/2025\/06\/FedP_logo-1140px-300x34.png 300w, https:\/\/pb.edu.pl\/brpm\/wp-content\/uploads\/sites\/6\/2025\/06\/FedP_logo-1140px-1024x116.png 1024w, https:\/\/pb.edu.pl\/brpm\/wp-content\/uploads\/sites\/6\/2025\/06\/FedP_logo-1140px-768x87.png 768w\" sizes=\"auto, (max-width: 1140px) 100vw, 1140px\" \/><\/p>\n<h1>EkoBricks \u2013 Innowacyjne Lekkie Elementy Murowe na Bazie Surowc\u00f3w Odpadowych o Zdolno\u015bci Poch\u0142aniania CO\u2082<\/h1>\n<p>Przedmiotem projektu jest produkcja innowacyjnych, ekologicznych, lekkich element\u00f3w murowych \u015bciennych, kt\u00f3re bazuj\u0105 na surowcach odpadowych oraz kruszywach alternatywnych. Celem jest opracowanie ulepszonych wzgl\u0119dem opracowanych przez Zesp\u00f3\u0142 wyrob\u00f3w, o zdolno\u015bciach poch\u0142aniania CO2 z atmosfery, przy jednoczesnym zachowaniu bardzo dobrych w\u0142a\u015bciwo\u015bci fizyczno- mechanicznych, takich jak wysoka wytrzyma\u0142o\u015b\u0107 na \u015bciskanie, ma\u0142a g\u0119sto\u015b\u0107 i nasi\u0105kliwo\u015b\u0107, dobra szczelno\u015b\u0107.<\/p>\n<p><strong>Kierownik projektu:<\/strong> dr in\u017c. Katarzyna Kalinowska-Wichrowska z Katedry Budownictwa i Kszta\u0142towania Krajobrazu Wydzia\u0142u Budownictwa i Nauk o \u015arodowisku Politechniki Bia\u0142ostockiej<\/p>\n<p><strong>Warto\u015b\u0107 projektu:<\/strong> 99 699,50 z\u0142<\/p>\n<p><strong>Ca\u0142kowita warto\u015b\u0107 projektu:<\/strong> 111 567,38 z\u0142<\/p>\n<p><strong>Okres realizacji projektu:<\/strong> 10.05.2025 &#8211; 30.10.2026<\/p>\n","protected":false},"excerpt":{"rendered":"<p>&nbsp; EkoBricks \u2013 Innowacyjne Lekkie Elementy Murowe na Bazie Surowc\u00f3w Odpadowych o Zdolno\u015bci Poch\u0142aniania CO\u2082<\/p>\n","protected":false},"author":2,"featured_media":0,"parent":94,"menu_order":4,"comment_status":"closed","ping_status":"closed","template":"templates\/dzial.php","meta":{"_acf_changed":false,"ngg_post_thumbnail":0,"footnotes":""},"class_list":["post-2770","page","type-page","status-publish","hentry"],"acf":[],"_links":{"self":[{"href":"https:\/\/pb.edu.pl\/brpm\/wp-json\/wp\/v2\/pages\/2770","targetHints":{"allow":["GET"]}}],"collection":[{"href":"https:\/\/pb.edu.pl\/brpm\/wp-json\/wp\/v2\/pages"}],"about":[{"href":"https:\/\/pb.edu.pl\/brpm\/wp-json\/wp\/v2\/types\/page"}],"author":[{"embeddable":true,"href":"https:\/\/pb.edu.pl\/brpm\/wp-json\/wp\/v2\/users\/2"}],"replies":[{"embeddable":true,"href":"https:\/\/pb.edu.pl\/brpm\/wp-json\/wp\/v2\/comments?post=2770"}],"version-history":[{"count":0,"href":"https:\/\/pb.edu.pl\/brpm\/wp-json\/wp\/v2\/pages\/2770\/revisions"}],"up":[{"embeddable":true,"href":"https:\/\/pb.edu.pl\/brpm\/wp-json\/wp\/v2\/pages\/94"}],"wp:attachment":[{"href":"https:\/\/pb.edu.pl\/brpm\/wp-json\/wp\/v2\/media?parent=2770"}],"curies":[{"name":"wp","href":"https:\/\/api.w.org\/{rel}","templated":true}]}}