{"id":2740,"date":"2025-06-25T01:03:41","date_gmt":"2025-06-24T23:03:41","guid":{"rendered":"https:\/\/pb.edu.pl\/brpm\/?page_id=2740"},"modified":"2025-09-26T15:33:24","modified_gmt":"2025-09-26T13:33:24","slug":"opracowanie-innowacyjnego-inwertera-bateryjnego","status":"publish","type":"page","link":"https:\/\/pb.edu.pl\/brpm\/projekty-pb\/programy-ue\/projekty-realizowane\/opracowanie-innowacyjnego-inwertera-bateryjnego\/","title":{"rendered":"Opracowanie innowacyjnego inwertera bateryjnego dla instalacji fotowoltaicznych z automatycznym algorytmem zarz\u0105dzania energi\u0105 domow\u0105 (HEMS)"},"content":{"rendered":"<p>&nbsp;<\/p>\n<p><img loading=\"lazy\" decoding=\"async\" class=\"aligncenter size-full wp-image-2744\" src=\"https:\/\/pb.edu.pl\/brpm\/wp-content\/uploads\/sites\/6\/2025\/06\/FedP_logo-1140px.png\" alt=\"loga wymagane do projektu: UE, PL, podlaskie\" width=\"1140\" height=\"129\" srcset=\"https:\/\/pb.edu.pl\/brpm\/wp-content\/uploads\/sites\/6\/2025\/06\/FedP_logo-1140px.png 1140w, https:\/\/pb.edu.pl\/brpm\/wp-content\/uploads\/sites\/6\/2025\/06\/FedP_logo-1140px-300x34.png 300w, https:\/\/pb.edu.pl\/brpm\/wp-content\/uploads\/sites\/6\/2025\/06\/FedP_logo-1140px-1024x116.png 1024w, https:\/\/pb.edu.pl\/brpm\/wp-content\/uploads\/sites\/6\/2025\/06\/FedP_logo-1140px-768x87.png 768w\" sizes=\"auto, (max-width: 1140px) 100vw, 1140px\" \/><\/p>\n<p>&nbsp;<\/p>\n<p>WELLSOLAR sp\u00f3\u0142ka z o.o. w konsorcjum z Politechnik\u0105 Bia\u0142ostock\u0105 realizuje projekt \u201eOpracowanie innowacyjnego inwertera bateryjnego dla instalacji fotowoltaicznych z automatycznym algorytmem zarz\u0105dzania energi\u0105 domow\u0105 (HEMS)\u201d.<\/p>\n<p>Projekt realizowany w ramach programu Fundusze Europejskie dla Podlaskiego 2021-2027 Dzia\u0142anie 1.1 Rozw\u00f3j regionalnego potencja\u0142u B+R.<\/p>\n<p>Projekt obejmuje zadania:<\/p>\n<ol>\n<li>Etap 1, realizowany przez WELLSOLAR, dotyczy bada\u0144 przemys\u0142owych zwi\u0105zanych z opracowaniem schemat\u00f3w instalacji oraz metod sterowania pozwalaj\u0105cych na pe\u0142ne wykorzystanie projektowanych funkcjonalno\u015bci system\u00f3w, a tak\u017ce doboru kluczowych komponent\u00f3w i opracowania schemat\u00f3w wykonawczych przekszta\u0142tnik\u00f3w,<\/li>\n<li>Etap 2, realizowany przez POLITECHNIK\u0118 BIA\u0141OSTOCK\u0104, dotyczy bada\u0144 przemys\u0142owych zwi\u0105zanych z przeprowadzeniem analiz laboratoryjnych w zakresie parametr\u00f3w pr\u0105dowo-napi\u0119ciowych oraz wst\u0119pn\u0105 weryfikacj\u0105 termiczn\u0105 zaprojektowanych ga\u0142\u0119zi energoelektronicznych,<\/li>\n<li>Etap 3, realizowany przez WELLSOLAR, dotyczy bada\u0144 przemys\u0142owych zwi\u0105zanych z opracowaniem algorytm\u00f3w zarz\u0105dzania energi\u0105 w obr\u0119bie instalacji oraz po\u0142\u0105cze\u0144 (sposobu komunikacji) modu\u0142\u00f3w falownika i modu\u0142\u00f3w przekszta\u0142tnika DC\/DC,<\/li>\n<li>Etap 4, realizowany przez POLITECHNIK\u0118 BIA\u0141OSTOCK\u0104, dotyczy bada\u0144 przemys\u0142owych zwi\u0105zanych z opracowaniem algorytm\u00f3w regulacji pr\u0105du i napi\u0119cia wraz z badaniem zbudowanych przekszta\u0142tnik\u00f3w w trybie otwartej i zamkni\u0119tej p\u0119tli sterowania,<\/li>\n<li>Etap 5, realizowany przez WELLSOLAR, dotyczy prac rozwojowych zwi\u0105zanych z opracowaniem finalnej konstrukcji mechanicznej urz\u0105dzenia, a tak\u017ce integracji inwertera z platform\u0105 chmurow\u0105 i przeprowadzeniem finalnych test\u00f3w u\u017cytkowych,<\/li>\n<li>Etap 6, realizowany przez POLITECHNIK\u0118 BIA\u0141OSTOCK\u0104, dotyczy prac rozwojowych w zakresie prac laboratoryjnych opracowanych uk\u0142ad\u00f3w energoelektronicznych z magazynem energii w oparciu o sztucznie wygenerowanie profile napi\u0119cia sieciowego i mocy PV i odbior\u00f3w.<\/li>\n<li>Etap 7, obejmuje: a) szkolenie z zakresu wyceny w\u0142asno\u015bci intelektualnej i prawnej na potrzeby transferu technologii, b) dokonanie zg\u0142oszenia patentowego krajowego, c) dokonanie zg\u0142oszenia patentowego mi\u0119dzynarodowego, d) zastrze\u017cenia wzoru u\u017cytkowego<\/li>\n<\/ol>\n<p>Grupy docelowe rezultat\u00f3w projektu to prosumenci. Rezultat projektu jest dedykowany mikroinstalacjom PV prosumenckim. Celem realizacji prac B+R jest rozwi\u0105zanie dw\u00f3ch zasadniczych problem\u00f3w badawczych:<\/p>\n<ul>\n<li>rozwi\u0105zania problemu z wy\u0142\u0105czaniem si\u0119 inwerter\u00f3w PV przy wzro\u015bcie napi\u0119cia sieci lokalnej w szczytach produkcji energii,<\/li>\n<li>rozwi\u0105zania problemu z brakiem mo\u017cliwo\u015bci rozbudowy istniej\u0105cych instalacji PV o modu\u0142 magazynowania energii bez wymiany istniej\u0105cego (posiadanego) inwertera PV.<\/li>\n<\/ul>\n<p>CELEM jest opracowanie innowacyjnego inwertera bateryjnego dla instalacji fotowoltaicznych z automatycznym algorytmem zarz\u0105dzania energi\u0105 domow\u0105 (HEMS).<\/p>\n<p>W efekcie zrealizowanego projektu zak\u0142ada si\u0119 opracowanie innowacyjnego urz\u0105dzenia (inwertera bateryjnego), kt\u00f3ry cechowa\u0107 si\u0119 b\u0119dzie:<\/p>\n<ul>\n<li>automatyczn\u0105 adaptacj\u0105 do aktualnych warunk\u00f3w i parametr\u00f3w sieci zasilaj\u0105cej w celu lepszego wykorzystania energii s\u0142onecznej niezale\u017cnie od panuj\u0105cych warunk\u00f3w w sieci zasilaj\u0105cej oraz mo\u017cliwo\u015bci\u0105 osi\u0105gni\u0119cia pracy wyspowej przez ca\u0142\u0105 instalacj\u0105 PV z dowolnym istniej\u0105cym inwerterem PV,<\/li>\n<li>samoistnym integrowaniem zasobnika bateryjnego z dowolnym innym inwerterem PV pracuj\u0105cym w sieci prosumenta na zasadzie \u201eplug &amp; play\u201d bez konieczno\u015bci stosowania komunikacji,<\/li>\n<\/ul>\n<p>Efekty projektu zostan\u0105 wdro\u017cone do dzia\u0142alno\u015bci gospodarczej WELLSOLAR sp. z o.o.<\/p>\n<p><strong>Ca\u0142kowity koszt projektu to: 8 527 248,23 z\u0142.<\/strong><br \/>\n<strong>Wysoko\u015b\u0107 wk\u0142adu Funduszy Europejskich to: 6 080 357,29 z\u0142.<\/strong><\/p>\n","protected":false},"excerpt":{"rendered":"<p>&nbsp; &nbsp; WELLSOLAR sp\u00f3\u0142ka z o.o. w konsorcjum z Politechnik\u0105 Bia\u0142ostock\u0105 realizuje projekt \u201eOpracowanie innowacyjnego<\/p>\n","protected":false},"author":2,"featured_media":0,"parent":94,"menu_order":0,"comment_status":"closed","ping_status":"closed","template":"templates\/dzial.php","meta":{"_acf_changed":false,"ngg_post_thumbnail":0,"footnotes":""},"class_list":["post-2740","page","type-page","status-publish","hentry"],"acf":[],"_links":{"self":[{"href":"https:\/\/pb.edu.pl\/brpm\/wp-json\/wp\/v2\/pages\/2740","targetHints":{"allow":["GET"]}}],"collection":[{"href":"https:\/\/pb.edu.pl\/brpm\/wp-json\/wp\/v2\/pages"}],"about":[{"href":"https:\/\/pb.edu.pl\/brpm\/wp-json\/wp\/v2\/types\/page"}],"author":[{"embeddable":true,"href":"https:\/\/pb.edu.pl\/brpm\/wp-json\/wp\/v2\/users\/2"}],"replies":[{"embeddable":true,"href":"https:\/\/pb.edu.pl\/brpm\/wp-json\/wp\/v2\/comments?post=2740"}],"version-history":[{"count":0,"href":"https:\/\/pb.edu.pl\/brpm\/wp-json\/wp\/v2\/pages\/2740\/revisions"}],"up":[{"embeddable":true,"href":"https:\/\/pb.edu.pl\/brpm\/wp-json\/wp\/v2\/pages\/94"}],"wp:attachment":[{"href":"https:\/\/pb.edu.pl\/brpm\/wp-json\/wp\/v2\/media?parent=2740"}],"curies":[{"name":"wp","href":"https:\/\/api.w.org\/{rel}","templated":true}]}}