{"id":2684,"date":"2025-06-12T11:30:31","date_gmt":"2025-06-12T09:30:31","guid":{"rendered":"https:\/\/pb.edu.pl\/brpm\/?page_id=2684"},"modified":"2025-10-31T08:24:27","modified_gmt":"2025-10-31T07:24:27","slug":"dokumenty-pozyskania-eurograntu","status":"publish","type":"page","link":"https:\/\/pb.edu.pl\/brpm\/projekty-pb\/programy-ue\/projekty-zrealizowane\/dokumenty-pozyskania-eurograntu\/","title":{"rendered":"Przygotowanie dokument\u00f3w w celu pozyskania Eurograntu na realizacj\u0119 projektu w ramach konkursu Efficient, sustainable and inclusive energy use (HORIZON-CL5-2024-D4-02) w Programie Horyzont Europa"},"content":{"rendered":"<p><img loading=\"lazy\" decoding=\"async\" class=\"aligncenter size-full wp-image-2688\" src=\"https:\/\/pb.edu.pl\/brpm\/wp-content\/uploads\/sites\/6\/2025\/06\/FENG_RP_UE_RGB-1-scaled.jpg\" alt=\"loga projektu\" width=\"2560\" height=\"344\" srcset=\"https:\/\/pb.edu.pl\/brpm\/wp-content\/uploads\/sites\/6\/2025\/06\/FENG_RP_UE_RGB-1-scaled.jpg 2560w, https:\/\/pb.edu.pl\/brpm\/wp-content\/uploads\/sites\/6\/2025\/06\/FENG_RP_UE_RGB-1-300x40.jpg 300w, https:\/\/pb.edu.pl\/brpm\/wp-content\/uploads\/sites\/6\/2025\/06\/FENG_RP_UE_RGB-1-1024x138.jpg 1024w, https:\/\/pb.edu.pl\/brpm\/wp-content\/uploads\/sites\/6\/2025\/06\/FENG_RP_UE_RGB-1-768x103.jpg 768w, https:\/\/pb.edu.pl\/brpm\/wp-content\/uploads\/sites\/6\/2025\/06\/FENG_RP_UE_RGB-1-1536x207.jpg 1536w, https:\/\/pb.edu.pl\/brpm\/wp-content\/uploads\/sites\/6\/2025\/06\/FENG_RP_UE_RGB-1-2048x275.jpg 2048w\" sizes=\"auto, (max-width: 2560px) 100vw, 2560px\" \/><\/p>\n<h1>Przygotowanie dokument\u00f3w w celu pozyskania Eurograntu na realizacj\u0119 projektu w ramach konkursu Efficient, sustainable and inclusive energy use (HORIZON-CL5-2024-D4-02) w Programie Horyzont Europa<\/h1>\n<p><strong>Skr\u00f3cona nazwa: Eurogrant DARTS<\/strong><br \/>\n<strong>Numer projektu: FENG.02.12-IP.02-0282\/24<\/strong><\/p>\n<p><strong>Projekt wsp\u00f3\u0142finansowany ze \u015brodk\u00f3w Unii Europejskiej<\/strong><\/p>\n<p>W ramach Programu Fundusze Europejskie dla Nowoczesnej Gospodarki 2021\u20132027 (FENG).<\/p>\n<p><strong>Cel projektu:<\/strong><br \/>\nCelem projektu jest przygotowanie kompletnej dokumentacji aplikacyjnej niezb\u0119dnej do z\u0142o\u017cenia wniosku o Eurogrant w ramach konkursu Efficient, sustainable and inclusive energy use (HORIZON-CL5-2024-D4-02), organizowanego w ramach Programu Horyzont Europa. Dokumentacja ta b\u0119dzie dotyczy\u0107 projektu badawczo-rozwojowego o nazwie DARTS.<\/p>\n<p><strong>Efekty i rezultaty projektu:<\/strong><\/p>\n<ul>\n<li>przygotowanie kompletnej dokumentacji aplikacyjnej zgodnej z wymaganiami KE,<\/li>\n<li>z\u0142o\u017cenie wniosku o dofinansowanie w ramach programu Horyzont Europa,<\/li>\n<li>zwi\u0119kszenie potencja\u0142u instytucjonalnego w zakresie pozyskiwania \u015brodk\u00f3w unijnych na badania i innowacje.<\/li>\n<\/ul>\n<p><strong>Warto\u015b\u0107 projektu:<\/strong> 38 225,00 z\u0142<\/p>\n<p><strong>Wysoko\u015b\u0107 wk\u0142adu Funduszy Europejskich:<\/strong> 38 225,00 z\u0142<\/p>\n<p><strong>Termin realizacji:<\/strong> 1 pa\u017adziernika 2024 r. \u2013 31 lipca 2025 r.<\/p>\n<p><strong>Kierownik projektu:<\/strong> dr in\u017c. Rafa\u0142 Gr\u0105dzki<\/p>\n","protected":false},"excerpt":{"rendered":"<p>Przygotowanie dokument\u00f3w w celu pozyskania Eurograntu na realizacj\u0119 projektu w ramach konkursu Efficient, sustainable and<\/p>\n","protected":false},"author":2,"featured_media":0,"parent":89,"menu_order":0,"comment_status":"closed","ping_status":"closed","template":"templates\/dzial.php","meta":{"_acf_changed":false,"ngg_post_thumbnail":0,"footnotes":""},"class_list":["post-2684","page","type-page","status-publish","hentry"],"acf":[],"_links":{"self":[{"href":"https:\/\/pb.edu.pl\/brpm\/wp-json\/wp\/v2\/pages\/2684","targetHints":{"allow":["GET"]}}],"collection":[{"href":"https:\/\/pb.edu.pl\/brpm\/wp-json\/wp\/v2\/pages"}],"about":[{"href":"https:\/\/pb.edu.pl\/brpm\/wp-json\/wp\/v2\/types\/page"}],"author":[{"embeddable":true,"href":"https:\/\/pb.edu.pl\/brpm\/wp-json\/wp\/v2\/users\/2"}],"replies":[{"embeddable":true,"href":"https:\/\/pb.edu.pl\/brpm\/wp-json\/wp\/v2\/comments?post=2684"}],"version-history":[{"count":0,"href":"https:\/\/pb.edu.pl\/brpm\/wp-json\/wp\/v2\/pages\/2684\/revisions"}],"up":[{"embeddable":true,"href":"https:\/\/pb.edu.pl\/brpm\/wp-json\/wp\/v2\/pages\/89"}],"wp:attachment":[{"href":"https:\/\/pb.edu.pl\/brpm\/wp-json\/wp\/v2\/media?parent=2684"}],"curies":[{"name":"wp","href":"https:\/\/api.w.org\/{rel}","templated":true}]}}