{"id":2662,"date":"2025-05-20T17:27:16","date_gmt":"2025-05-20T15:27:16","guid":{"rendered":"https:\/\/pb.edu.pl\/brpm\/?page_id=2662"},"modified":"2025-05-20T17:34:44","modified_gmt":"2025-05-20T15:34:44","slug":"cortic23","status":"publish","type":"page","link":"https:\/\/pb.edu.pl\/brpm\/projekty-pb\/programy-krajowe\/projekty-zrealizowane\/cortic23\/","title":{"rendered":"Cortic23"},"content":{"rendered":"<div class=\"h1\">Cortic23 \u2013 Ocena potencja\u0142u grzyb\u00f3w korticjoidalnych, jako \u017ar\u00f3d\u0142a substancji o dzia\u0142aniu przeciw bakteriom towarzysz\u0105cym chorobom uk\u0142adu oddechowego i wywo\u0142uj\u0105cym koinfekcje m.in. w przebiegu COVID-12<\/div>\n<p><img loading=\"lazy\" decoding=\"async\" src=\"https:\/\/pb.edu.pl\/brpm\/wp-content\/uploads\/sites\/6\/2025\/05\/Logo-RP-NCBR-1600\u00d7300-px-1536x288-1.png\" alt=\"Logo RP oraz NCBR\" width=\"1536\" height=\"288\" class=\"aligncenter size-full wp-image-2669\" srcset=\"https:\/\/pb.edu.pl\/brpm\/wp-content\/uploads\/sites\/6\/2025\/05\/Logo-RP-NCBR-1600\u00d7300-px-1536x288-1.png 1536w, https:\/\/pb.edu.pl\/brpm\/wp-content\/uploads\/sites\/6\/2025\/05\/Logo-RP-NCBR-1600\u00d7300-px-1536x288-1-300x56.png 300w, https:\/\/pb.edu.pl\/brpm\/wp-content\/uploads\/sites\/6\/2025\/05\/Logo-RP-NCBR-1600\u00d7300-px-1536x288-1-1024x192.png 1024w, https:\/\/pb.edu.pl\/brpm\/wp-content\/uploads\/sites\/6\/2025\/05\/Logo-RP-NCBR-1600\u00d7300-px-1536x288-1-768x144.png 768w\" sizes=\"auto, (max-width: 1536px) 100vw, 1536px\" \/><\/p>\n<p>Projekt \u201eOcena potencja\u0142u grzyb\u00f3w korticjoidalnych, jako \u017ar\u00f3d\u0142a substancji o dzia\u0142aniu przeciw bakteriom towarzysz\u0105cym chorobom uk\u0142adu oddechowego i wywo\u0142uj\u0105cym koinfekcje m.in. w przebiegu COVID-12\u201d [akronim: Cortic23] jest finansowany przez <a href=\"https:\/\/www.gov.pl\/web\/ncbr\">Narodowe Centrum Bada\u0144 i Rozwoju<\/a> w ramach konkursu &#8222;Solidarni z Naukowcami &#8211; II nab\u00f3r.<\/p>\n<p>Celem projektu jest okre\u015blenie potencja\u0142u antyoksydacyjnego 30 gatunk\u00f3w grzyb\u00f3w z rz\u0119d\u00f3w Hymenochaetales, Polyporales, Russulales oraz przeprowadzenie bada\u0144 przesiewowych w kierunku ich dzia\u0142ania antybiotycznego wzgl\u0119dem bakterii towarzysz\u0105cych chorobom uk\u0142adu oddechowego i wywo\u0142uj\u0105cym koinfekcje, m.in. w przebiegu COVID19, tj.: Staphylococcus aureus, Pseudomonas aeruginosa, Haemophilus influenzae, Klebsiella pneumoniae, Corynebacterium striatum.<\/p>\n<p>Obiektem bada\u0144 b\u0119d\u0105 gatunki grzyb\u00f3w korticjoidalnych z tereny Puszczy Bia\u0142owieskiej, dla kt\u00f3rych takie badania nie by\u0142y wcze\u015bniej prowadzone w innych instytucjach oraz krajach.<\/p>\n<p>Planowane zadania obejm\u0105 zbi\u00f3r owocnik\u00f3w, przygotowanie ekstrakt\u00f3w, badanie dzia\u0142ania antybakteryjnego i przeciwutleniaj\u0105cego oraz hodowl\u0119 grzybni pi\u0119ciu najaktywniejszych gatunk\u00f3w grzyb\u00f3w w warunkach kontrolowanych. Wyniki zostan\u0105 opracowane w postaci publikacji naukowych i ew. zg\u0142osze\u0144 patentowych.<\/p>\n<p>Efektem realizacji projektu b\u0119dzie identyfikacja gatunk\u00f3w grzyb\u00f3w, kt\u00f3rych substancje bioaktywne mog\u0105 stanowi\u0107 baz\u0119 do stworzenia nowych produkty o dzia\u0142aniu antybiotycznym, kt\u00f3re mog\u0142yby by\u0107 stosowane m.in. u pacjent\u00f3w z COVID-19.<\/p>\n<p><strong>Warto\u015b\u0107 projektu: 250 000,00 z\u0142<\/strong><\/p>\n<p><strong>Dofinansowanie NCBR:<\/strong> 250 000,00 z\u0142<br \/>\n<strong><strong>Okres realizacji projektu:<\/strong> 01.04.2023 \u2013 31.03.2025<br \/>\nKierownik Projektu:<\/strong> dr Yauheni Yurchanka <\/p>\n","protected":false},"excerpt":{"rendered":"<p>Cortic23 \u2013 Ocena potencja\u0142u grzyb\u00f3w korticjoidalnych, jako \u017ar\u00f3d\u0142a substancji o dzia\u0142aniu przeciw bakteriom towarzysz\u0105cym chorobom<\/p>\n","protected":false},"author":2,"featured_media":0,"parent":1575,"menu_order":4,"comment_status":"closed","ping_status":"closed","template":"templates\/dzial.php","meta":{"_acf_changed":false,"ngg_post_thumbnail":0,"footnotes":""},"class_list":["post-2662","page","type-page","status-publish","hentry"],"acf":[],"_links":{"self":[{"href":"https:\/\/pb.edu.pl\/brpm\/wp-json\/wp\/v2\/pages\/2662","targetHints":{"allow":["GET"]}}],"collection":[{"href":"https:\/\/pb.edu.pl\/brpm\/wp-json\/wp\/v2\/pages"}],"about":[{"href":"https:\/\/pb.edu.pl\/brpm\/wp-json\/wp\/v2\/types\/page"}],"author":[{"embeddable":true,"href":"https:\/\/pb.edu.pl\/brpm\/wp-json\/wp\/v2\/users\/2"}],"replies":[{"embeddable":true,"href":"https:\/\/pb.edu.pl\/brpm\/wp-json\/wp\/v2\/comments?post=2662"}],"version-history":[{"count":0,"href":"https:\/\/pb.edu.pl\/brpm\/wp-json\/wp\/v2\/pages\/2662\/revisions"}],"up":[{"embeddable":true,"href":"https:\/\/pb.edu.pl\/brpm\/wp-json\/wp\/v2\/pages\/1575"}],"wp:attachment":[{"href":"https:\/\/pb.edu.pl\/brpm\/wp-json\/wp\/v2\/media?parent=2662"}],"curies":[{"name":"wp","href":"https:\/\/api.w.org\/{rel}","templated":true}]}}