{"id":2645,"date":"2025-04-18T21:55:24","date_gmt":"2025-04-18T19:55:24","guid":{"rendered":"https:\/\/pb.edu.pl\/brpm\/?page_id=2645"},"modified":"2025-04-23T20:46:32","modified_gmt":"2025-04-23T18:46:32","slug":"baztech-2025-2026","status":"publish","type":"page","link":"https:\/\/pb.edu.pl\/brpm\/projekty-pb\/programy-krajowe\/projekty-realizowane\/baztech-2025-2026\/","title":{"rendered":"Projekt \u201eBaza danych o zawarto\u015bci polskich czasopism technicznych BazTech edycja 2025\u20132026\u201d"},"content":{"rendered":"<p><img loading=\"lazy\" decoding=\"async\" src=\"https:\/\/pb.edu.pl\/brpm\/wp-content\/uploads\/sites\/6\/2025\/04\/logo-BAZTECH.jpg\" alt=\"loga projektu\" width=\"1140\" height=\"114\" class=\"aligncenter size-full wp-image-2652\" srcset=\"https:\/\/pb.edu.pl\/brpm\/wp-content\/uploads\/sites\/6\/2025\/04\/logo-BAZTECH.jpg 1140w, https:\/\/pb.edu.pl\/brpm\/wp-content\/uploads\/sites\/6\/2025\/04\/logo-BAZTECH-300x30.jpg 300w, https:\/\/pb.edu.pl\/brpm\/wp-content\/uploads\/sites\/6\/2025\/04\/logo-BAZTECH-1024x102.jpg 1024w, https:\/\/pb.edu.pl\/brpm\/wp-content\/uploads\/sites\/6\/2025\/04\/logo-BAZTECH-768x77.jpg 768w\" sizes=\"auto, (max-width: 1140px) 100vw, 1140px\" \/><\/p>\n<h1>Projekt \u201eBaza danych o zawarto\u015bci polskich czasopism technicznych BazTech edycja 2025\u20132026\u201d<\/h1>\n<p><strong>Nr umowy POPUL\/SP\/0154\/2024\/02<\/strong><\/p>\n<p>Nazwa programu Spo\u0142eczna odpowiedzialno\u015b\u0107 nauki II &#8211; Popularyzacja nauki <\/p>\n<p><strong>Projekt dofinansowany ze \u015brodk\u00f3w bud\u017cetu pa\u0144stwa, przyznanych przez Ministra Nauki w ramach Programu Spo\u0142eczna odpowiedzialno\u015b\u0107 nauki II.<\/strong><\/p>\n<p>Przedmiotem projektu jest kontynuacja tworzenia i rozbudowy &#8222;Bazy danych o zawarto\u015bci polskich czasopism technicznych BazTech&#8221; http:\/\/baztech.icm.edu.pl\/, rejestruj\u0105cej i udost\u0119pniaj\u0105cej bezp\u0142atnie w sieci opisy artyku\u0142\u00f3w z 767 polskich czasopism naukowych, bran\u017cowych oraz materia\u0142\u00f3w pokonferencyjnych wydawanych przez jednostki naukowe, instytuty naukowo-badawcze, komitety PAN, stowarzyszenia naukowe. <\/p>\n<p>Planowane dzia\u0142ania przyczyni\u0105 si\u0119 do popularyzacji osi\u0105gni\u0119\u0107 naukowych i wiedzy technicznej w\u015br\u00f3d spo\u0142ecze\u0144stwa oraz promocji nauki.<br \/>\nCelem g\u0142\u00f3wnym jest rozw\u00f3j bazy danych BazTech, czyli powszechne i bezp\u0142atne udost\u0119pnianie w internecie informacji o publikacjach w polskich czasopismach technicznych. <\/p>\n<p>Dzia\u0142anie 1 Aktualizacja bazy BazTech<\/p>\n<p>Projekt realizowany w partnerstwie z 22 instytucjami  pod kierunkiem lidera \u2013 Politechniki Lubelskiej.<\/p>\n<p><strong>Kwota dofinansowania projektu:<\/strong> 971 025,00 z\u0142<br \/>\n<strong>Kwota dofinansowania Politechnika Bia\u0142ostocka:<\/strong> 40 107,10 z\u0142<br \/>\n<strong>Okres realizacji:<\/strong> 01.12.2024 r. &#8211; 30.11.2026 r.<\/p>\n","protected":false},"excerpt":{"rendered":"<p>Projekt \u201eBaza danych o zawarto\u015bci polskich czasopism technicznych BazTech edycja 2025\u20132026\u201d Nr umowy POPUL\/SP\/0154\/2024\/02 Nazwa<\/p>\n","protected":false},"author":2,"featured_media":0,"parent":1520,"menu_order":2,"comment_status":"closed","ping_status":"closed","template":"templates\/dzial.php","meta":{"_acf_changed":false,"ngg_post_thumbnail":0,"footnotes":""},"class_list":["post-2645","page","type-page","status-publish","hentry"],"acf":[],"_links":{"self":[{"href":"https:\/\/pb.edu.pl\/brpm\/wp-json\/wp\/v2\/pages\/2645","targetHints":{"allow":["GET"]}}],"collection":[{"href":"https:\/\/pb.edu.pl\/brpm\/wp-json\/wp\/v2\/pages"}],"about":[{"href":"https:\/\/pb.edu.pl\/brpm\/wp-json\/wp\/v2\/types\/page"}],"author":[{"embeddable":true,"href":"https:\/\/pb.edu.pl\/brpm\/wp-json\/wp\/v2\/users\/2"}],"replies":[{"embeddable":true,"href":"https:\/\/pb.edu.pl\/brpm\/wp-json\/wp\/v2\/comments?post=2645"}],"version-history":[{"count":0,"href":"https:\/\/pb.edu.pl\/brpm\/wp-json\/wp\/v2\/pages\/2645\/revisions"}],"up":[{"embeddable":true,"href":"https:\/\/pb.edu.pl\/brpm\/wp-json\/wp\/v2\/pages\/1520"}],"wp:attachment":[{"href":"https:\/\/pb.edu.pl\/brpm\/wp-json\/wp\/v2\/media?parent=2645"}],"curies":[{"name":"wp","href":"https:\/\/api.w.org\/{rel}","templated":true}]}}