{"id":2574,"date":"2025-01-14T01:26:20","date_gmt":"2025-01-14T00:26:20","guid":{"rendered":"https:\/\/pb.edu.pl\/brpm\/?page_id=2574"},"modified":"2025-04-07T12:33:15","modified_gmt":"2025-04-07T10:33:15","slug":"krajowy-magazyn-danych-uniwersalna-infrastruktura-dla-skladowania-i-udostepniania-danych-oraz-efektywnego-przetwarzania-duzych-wolumenow-danych-w-modelach-hpc-bigdata-i-sztucznej-inteligencji","status":"publish","type":"page","link":"https:\/\/pb.edu.pl\/brpm\/projekty-pb\/programy-ue\/projekty-realizowane\/krajowy-magazyn-danych-uniwersalna-infrastruktura-dla-skladowania-i-udostepniania-danych-oraz-efektywnego-przetwarzania-duzych-wolumenow-danych-w-modelach-hpc-bigdata-i-sztucznej-inteligencji\/","title":{"rendered":"Krajowy Magazyn Danych. Uniwersalna Infrastruktura dla Sk\u0142adowania i Udost\u0119pniania Danych oraz Efektywnego Przetwarzania Du\u017cych Wolumen\u00f3w Danych w Modelach HPC, BigData i Sztucznej Inteligencji"},"content":{"rendered":"<p><img loading=\"lazy\" decoding=\"async\" style=\"margin-top:80px\" src=\"https:\/\/pb.edu.pl\/brpm\/wp-content\/uploads\/sites\/6\/2025\/01\/FENG-OPI.png\" alt=\"loga do projektu FENG\" width=\"1140\" height=\"92\" class=\"aligncenter size-full wp-image-2581\" srcset=\"https:\/\/pb.edu.pl\/brpm\/wp-content\/uploads\/sites\/6\/2025\/01\/FENG-OPI.png 1140w, https:\/\/pb.edu.pl\/brpm\/wp-content\/uploads\/sites\/6\/2025\/01\/FENG-OPI-300x24.png 300w, https:\/\/pb.edu.pl\/brpm\/wp-content\/uploads\/sites\/6\/2025\/01\/FENG-OPI-1024x83.png 1024w, https:\/\/pb.edu.pl\/brpm\/wp-content\/uploads\/sites\/6\/2025\/01\/FENG-OPI-768x62.png 768w\" sizes=\"auto, (max-width: 1140px) 100vw, 1140px\" \/><\/p>\n<div class=\"h1\">Krajowy Magazyn Danych. Uniwersalna Infrastruktura dla Sk\u0142adowania i Udost\u0119pniania Danych oraz Efektywnego Przetwarzania Du\u017cych Wolumen\u00f3w Danych w Modelach HPC, BigData i Sztucznej Inteligencji<\/div>\n<p>Projekt realizowany w ramach programu Fundusze Europejskie dla Nowoczesnej Gospodarki 2021-2027 dzia\u0142anie 2.4.<\/p>\n<p>Krajowy Magazyn Danych (Uniwersalna infrastruktura dla sk\u0142adowania i udost\u0119pniania danych oraz efektywnego przetwarzania du\u017cych wolumen\u00f3w danych w modelach HPC, BigData i sztucznej inteligencji) jest projektem zamieszczonym na Mapie Infrastruktur Badawczych Ministerstwa Nauki i Szkolnictwa Wy\u017cszego. Prace B+R i wyzwania pojawiaj\u0105ce si\u0119 w gospodarce wymagaj\u0105 pos\u0142ugiwania si\u0119 coraz wi\u0119kszymi wolumenami danych. Kluczowe tym samym staje si\u0119 dysponowanie du\u017cymi pojemno\u015bciami do przechowywania danych jak r\u00f3wnie\u017c us\u0142ug umo\u017cliwiaj\u0105cych wykorzystanie tak du\u017cej infrastruktury.<\/p>\n<p><strong>Celem<\/strong> nadrz\u0119dnym projektu jest utworzenie krajowego w\u0119z\u0142a EOSC po\u0142\u0105czonego w federacyjnym \u015brodowisku europejskim w\u0119z\u0142em danych Komisji Europejskiej EOSC EU NODE oraz innymi w\u0119z\u0142ami narodowymi kraj\u00f3w cz\u0142onkowskich EU.<\/p>\n<p><strong>Grupy docelowe:<\/strong> \u015brodowiska naukowe i B+R, m.in uczelnie, instytuty PAN, jednostki B+R \u2013 Pa\u0144stwowe Instytuty Badawcze (PIB), jednostki z Sieci Badawczej \u0141ukasiewicza, szeroko poj\u0119ta gospodarka.<\/p>\n<p><strong>Okres realizacji:<\/strong> 01.01.2025 &#8211; 31.12.2027<\/p>\n<p><strong>Sk\u0142ad konsorcjum:<\/strong><\/p>\n<ol>\n<li>Instytut Chemii Bioorganicznej Polskiej Akademii Nauk, Pozna\u0144skie Centrum Superkomputerowo-Sieciowe (Lider Projektu)<\/li>\n<li>Akademickie Centrum Komputerowym Cyfronet AGH<\/li>\n<li>Politechnika Gda\u0144ska, Centrum Informatyczne Tr\u00f3jmiejskiej Akademickiej Sieci Komputerowej<\/li>\n<li>Politechnika Wroc\u0142awska<\/li>\n<li>Politechnika Cz\u0119stochowska<\/li>\n<li>Politechnika Bia\u0142ostocka<\/li>\n<li>Politechnika \u015awi\u0119tokrzyska<\/li>\n<li>Politechnika \u0141\u00f3dzka<\/li>\n<li>Narodowe Centrum Bada\u0144 J\u0105drowych<\/li>\n<li>Uniwersytet Warszawski Interdyscyplinarne Centrum Modelowania Matematycznego i Komputerowego<\/li>\n<li>Uniwersytet Zielonog\u00f3rski<\/li>\n<\/ol>\n<p><strong>Bud\u017cet projektu:<\/strong> 241 250 005,87 z\u0142 (PB: 8 904 250,00 z\u0142, wysoko\u015b\u0107 wk\u0142adu z Funduszy Europejskich 7 135 250,00 z\u0142)<\/p>\n<p><strong>Link do strony projektu:<\/strong> <a href=\"https:\/\/kmd4eosc.pl\/\">kmd4eosc.pl\/<\/a><\/p>\n<p><strong>Biuro Projektu:<\/strong><br \/>\nBiuro ds. Rozwoju i Program\u00f3w Mi\u0119dzynarodowych<br \/>\nPolitechnika Bia\u0142ostocka<br \/>\n15-351 Bia\u0142ystok<br \/>\nul. Wiejska 45 A, <strong>pok\u00f3j B4<\/strong><br \/>\n<i class=\"fal fa-phone\"><\/i> 85 746 97 64<\/p>\n","protected":false},"excerpt":{"rendered":"<p>Krajowy Magazyn Danych. Uniwersalna Infrastruktura dla Sk\u0142adowania i Udost\u0119pniania Danych oraz Efektywnego Przetwarzania Du\u017cych Wolumen\u00f3w<\/p>\n","protected":false},"author":2,"featured_media":0,"parent":94,"menu_order":0,"comment_status":"closed","ping_status":"closed","template":"templates\/dzial.php","meta":{"_acf_changed":false,"ngg_post_thumbnail":0,"footnotes":""},"class_list":["post-2574","page","type-page","status-publish","hentry"],"acf":[],"_links":{"self":[{"href":"https:\/\/pb.edu.pl\/brpm\/wp-json\/wp\/v2\/pages\/2574","targetHints":{"allow":["GET"]}}],"collection":[{"href":"https:\/\/pb.edu.pl\/brpm\/wp-json\/wp\/v2\/pages"}],"about":[{"href":"https:\/\/pb.edu.pl\/brpm\/wp-json\/wp\/v2\/types\/page"}],"author":[{"embeddable":true,"href":"https:\/\/pb.edu.pl\/brpm\/wp-json\/wp\/v2\/users\/2"}],"replies":[{"embeddable":true,"href":"https:\/\/pb.edu.pl\/brpm\/wp-json\/wp\/v2\/comments?post=2574"}],"version-history":[{"count":0,"href":"https:\/\/pb.edu.pl\/brpm\/wp-json\/wp\/v2\/pages\/2574\/revisions"}],"up":[{"embeddable":true,"href":"https:\/\/pb.edu.pl\/brpm\/wp-json\/wp\/v2\/pages\/94"}],"wp:attachment":[{"href":"https:\/\/pb.edu.pl\/brpm\/wp-json\/wp\/v2\/media?parent=2574"}],"curies":[{"name":"wp","href":"https:\/\/api.w.org\/{rel}","templated":true}]}}