{"id":2569,"date":"2025-01-03T22:23:09","date_gmt":"2025-01-03T21:23:09","guid":{"rendered":"https:\/\/pb.edu.pl\/brpm\/?page_id=2569"},"modified":"2025-01-03T22:23:09","modified_gmt":"2025-01-03T21:23:09","slug":"frizo","status":"publish","type":"page","link":"https:\/\/pb.edu.pl\/brpm\/projekty-pb\/programy-ue\/projekty-realizowane\/frizo\/","title":{"rendered":"Praca zlecona przez firm\u0119 FRIZO Sp. z o.o."},"content":{"rendered":"<h2>Praca zlecona przez firm\u0119 FRIZO Sp. z o.o w ramach projektu: \u201eOpracowanie wysokotemperaturowej pompy ciep\u0142a o mocy grzewczej 1.3 MW z wykorzystaniem naturalnych czynnik\u00f3w do zastosowania w przemy\u015ble\u201d<\/h2>\n<p>Przeprowadzenie prac badawczych w celu opracowanie wysokotemperaturowej parowodnej spr\u0119\u017carkowej pompy ciep\u0142a \u2013 zapewniaj\u0105cej mo\u017cliwo\u015b\u0107 wykorzystania dolnego \u017ar\u00f3d\u0142a ciep\u0142a w zakresie temperatur od 25 C oraz g\u00f3rnego \u017ar\u00f3d\u0142a ciep\u0142a do 180 C, za\u015b z zastosowaniem kaskady w uk\u0142adzie amoniak (dolna kaskada) \u2013 woda (g\u00f3rna kaskada) z mo\u017cliwo\u015bci\u0105 wykorzystania dolnego \u017ar\u00f3d\u0142a ciep\u0142a od 0 C.<\/p>\n<p><strong>Finansowane w ramach:<\/strong> Dzia\u0142ania 1.1. \u015acie\u017cka SMART, Konkurs FENG.01.01-IP.02-001\/23.<br \/>\n<strong><br \/>\nPrzedmiot umowy:<\/strong> Wykonanie us\u0142ug badawczych.<br \/>\n<strong><br \/>\nInstytucja Po\u015brednicz\u0105ca:<\/strong> Polska Agencja Rozwoju Przedsi\u0119biorczo\u015bci<\/p>\n<p><strong>Warto\u015b\u0107 zlecenia:<\/strong> 2 275 500,00 z\u0142<\/p>\n<p><strong>Okres realizacji pracy:<\/strong> 01.01.2025 r.- 30.06.2028 r.<\/p>\n<p><strong>Jednostka realizuj\u0105ca:<\/strong> Wydzia\u0142 Mechaniczny Politechniki Bia\u0142ostockiej<\/p>\n<p><strong>Kierownik Pracy:<\/strong> prof. dr hab. in\u017c. Dariusz Butrymowicz<\/p>\n","protected":false},"excerpt":{"rendered":"<p>Praca zlecona przez firm\u0119 FRIZO Sp. z o.o w ramach projektu: \u201eOpracowanie wysokotemperaturowej pompy ciep\u0142a<\/p>\n","protected":false},"author":2,"featured_media":0,"parent":94,"menu_order":0,"comment_status":"closed","ping_status":"closed","template":"","meta":{"_acf_changed":false,"ngg_post_thumbnail":0,"footnotes":""},"class_list":["post-2569","page","type-page","status-publish","hentry"],"acf":[],"_links":{"self":[{"href":"https:\/\/pb.edu.pl\/brpm\/wp-json\/wp\/v2\/pages\/2569","targetHints":{"allow":["GET"]}}],"collection":[{"href":"https:\/\/pb.edu.pl\/brpm\/wp-json\/wp\/v2\/pages"}],"about":[{"href":"https:\/\/pb.edu.pl\/brpm\/wp-json\/wp\/v2\/types\/page"}],"author":[{"embeddable":true,"href":"https:\/\/pb.edu.pl\/brpm\/wp-json\/wp\/v2\/users\/2"}],"replies":[{"embeddable":true,"href":"https:\/\/pb.edu.pl\/brpm\/wp-json\/wp\/v2\/comments?post=2569"}],"version-history":[{"count":0,"href":"https:\/\/pb.edu.pl\/brpm\/wp-json\/wp\/v2\/pages\/2569\/revisions"}],"up":[{"embeddable":true,"href":"https:\/\/pb.edu.pl\/brpm\/wp-json\/wp\/v2\/pages\/94"}],"wp:attachment":[{"href":"https:\/\/pb.edu.pl\/brpm\/wp-json\/wp\/v2\/media?parent=2569"}],"curies":[{"name":"wp","href":"https:\/\/api.w.org\/{rel}","templated":true}]}}