{"id":2554,"date":"2025-01-03T22:03:40","date_gmt":"2025-01-03T21:03:40","guid":{"rendered":"https:\/\/pb.edu.pl\/brpm\/?page_id=2554"},"modified":"2025-01-03T22:17:32","modified_gmt":"2025-01-03T21:17:32","slug":"opracowanie-innowacyjnej-powietrznej-pompy-ciepla-opartej-o-mikrokanalowy-wymiennik","status":"publish","type":"page","link":"https:\/\/pb.edu.pl\/brpm\/projekty-pb\/programy-ue\/projekty-realizowane\/opracowanie-innowacyjnej-powietrznej-pompy-ciepla-opartej-o-mikrokanalowy-wymiennik\/","title":{"rendered":"Opracowanie w ramach zaawansowanych prac badawczo-rozwojowych pierwszej na \u015bwiecie innowacyjnej powietrznej pompy ciep\u0142a opartej o mikrokana\u0142owy wymiennik zapewniaj\u0105cy minimalizacj\u0119 nape\u0142nienia pompy propanem przy jednoczesnym podwy\u017cszeniu efektywno\u015bci energetycznej"},"content":{"rendered":"<p><img loading=\"lazy\" decoding=\"async\" style=\"margin-top:60px\" src=\"https:\/\/pb.edu.pl\/brpm\/wp-content\/uploads\/sites\/6\/2025\/01\/belka_FENGnew.jpg\" alt=\"loga do projektu FENG\" width=\"1778\" height=\"164\" class=\"aligncenter size-full wp-image-2567\" srcset=\"https:\/\/pb.edu.pl\/brpm\/wp-content\/uploads\/sites\/6\/2025\/01\/belka_FENGnew.jpg 1778w, https:\/\/pb.edu.pl\/brpm\/wp-content\/uploads\/sites\/6\/2025\/01\/belka_FENGnew-300x28.jpg 300w, https:\/\/pb.edu.pl\/brpm\/wp-content\/uploads\/sites\/6\/2025\/01\/belka_FENGnew-1024x94.jpg 1024w, https:\/\/pb.edu.pl\/brpm\/wp-content\/uploads\/sites\/6\/2025\/01\/belka_FENGnew-768x71.jpg 768w, https:\/\/pb.edu.pl\/brpm\/wp-content\/uploads\/sites\/6\/2025\/01\/belka_FENGnew-1536x142.jpg 1536w\" sizes=\"auto, (max-width: 1778px) 100vw, 1778px\" \/><\/p>\n<div class=\"h1\">Opracowanie w ramach zaawansowanych prac badawczo-rozwojowych pierwszej na \u015bwiecie innowacyjnej powietrznej pompy ciep\u0142a opartej o mikrokana\u0142owy wymiennik zapewniaj\u0105cy minimalizacj\u0119 nape\u0142nienia pompy propanem przy jednoczesnym podwy\u017cszeniu efektywno\u015bci energetycznej<\/div>\n<p>Projekt \u201eOpracowanie w ramach zaawansowanych prac badawczo-rozwojowych pierwszej na \u015bwiecie innowacyjnej powietrznej pompy ciep\u0142a opartej o mikrokana\u0142owy wymiennik zapewniaj\u0105cy minimalizacj\u0119 nape\u0142nienia pompy propanem przy jednoczesnym podwy\u017cszeniu efektywno\u015bci energetycznej\u201d <\/p>\n<p>(nr umowy FENG.01.01-IP.01-A0MO\/24) jest realizowany w ramach programu Fundusze Europejskie dla Nowoczesnej Gospodarki 2021-2027 wsp\u00f3\u0142finansowanego ze \u015brodk\u00f3w Europejskiego Funduszu Sp\u00f3jno\u015bci.<\/p>\n<p><strong>Celem projektu<\/strong> jest opracowanie w ramach prac B+R innowacyjnej w skali \u015bwiata powietrznej pompy ciep\u0142a opartej o mikrokana\u0142owy wymiennik zapewniaj\u0105cy minimalizacj\u0119 nape\u0142nienia pompy propanem, przy jednoczesnym podwy\u017cszeniu efektywno\u015bci energetycznej  wraz z now\u0105 technologi\u0105 jej produkcji. Projekt zrealizuje za\u0142o\u017cenia zasady ekoinnowacji ze wzgl\u0119du na ograniczenie negatywnego wp\u0142ywu na \u015brodowisko poprzez redukcj\u0119 emisji CO<sub>2<\/sub> do atmosfery, eliminacj\u0119 stosowania substancji syntetycznej (R32) o wysokim potencjale tworzenia efektu cieplarnianego czy zmniejszenie ilo\u015bci zu\u017cywanej energii.<\/p>\n<p><strong>Okres realizacji projektu:<\/strong> 01.2025 r. \u2013 12.2027 r.<\/p>\n<p><strong>Sk\u0142ad konsorcjum:<\/strong><\/p>\n<ul>\n<li>BRATA sp. z o.o. \u2013 Lider<\/li>\n<li>Politechnika Bia\u0142ostocka \u2013 Partner<\/li>\n<\/ul>\n<p><strong>Bud\u017cet projektu:<\/strong> 7 567 808,50 z\u0142 (PB \u2013 2 478 448,50 z\u0142)<\/p>\n<hr>\n<p><strong>Biuro Projektu:<\/strong><br \/>\nBiuro ds. Rozwoju i Program\u00f3w Mi\u0119dzynarodowych<br \/>\nPolitechnika Bia\u0142ostocka<br \/>\n15-351 Bia\u0142ystok<br \/>\nul. Wiejska 45 A, <strong>pok\u00f3j B10<\/strong><br \/>\n<i class=\"fal fa-phone\"><\/i> 85 746 70 25<\/p>\n","protected":false},"excerpt":{"rendered":"<p>Opracowanie w ramach zaawansowanych prac badawczo-rozwojowych pierwszej na \u015bwiecie innowacyjnej powietrznej pompy ciep\u0142a opartej o<\/p>\n","protected":false},"author":2,"featured_media":0,"parent":94,"menu_order":0,"comment_status":"closed","ping_status":"closed","template":"templates\/dzial.php","meta":{"_acf_changed":false,"ngg_post_thumbnail":0,"footnotes":""},"class_list":["post-2554","page","type-page","status-publish","hentry"],"acf":[],"_links":{"self":[{"href":"https:\/\/pb.edu.pl\/brpm\/wp-json\/wp\/v2\/pages\/2554","targetHints":{"allow":["GET"]}}],"collection":[{"href":"https:\/\/pb.edu.pl\/brpm\/wp-json\/wp\/v2\/pages"}],"about":[{"href":"https:\/\/pb.edu.pl\/brpm\/wp-json\/wp\/v2\/types\/page"}],"author":[{"embeddable":true,"href":"https:\/\/pb.edu.pl\/brpm\/wp-json\/wp\/v2\/users\/2"}],"replies":[{"embeddable":true,"href":"https:\/\/pb.edu.pl\/brpm\/wp-json\/wp\/v2\/comments?post=2554"}],"version-history":[{"count":0,"href":"https:\/\/pb.edu.pl\/brpm\/wp-json\/wp\/v2\/pages\/2554\/revisions"}],"up":[{"embeddable":true,"href":"https:\/\/pb.edu.pl\/brpm\/wp-json\/wp\/v2\/pages\/94"}],"wp:attachment":[{"href":"https:\/\/pb.edu.pl\/brpm\/wp-json\/wp\/v2\/media?parent=2554"}],"curies":[{"name":"wp","href":"https:\/\/api.w.org\/{rel}","templated":true}]}}