{"id":2455,"date":"2024-09-07T21:56:27","date_gmt":"2024-09-07T19:56:27","guid":{"rendered":"https:\/\/pb.edu.pl\/brpm\/?page_id=2455"},"modified":"2024-09-09T20:16:24","modified_gmt":"2024-09-09T18:16:24","slug":"platforma-startowa-dla-nowych-pomyslow-hub-of-talents-3","status":"publish","type":"page","link":"https:\/\/pb.edu.pl\/brpm\/projekty-pb\/programy-ue\/projekty-realizowane\/platforma-startowa-dla-nowych-pomyslow-hub-of-talents-3\/","title":{"rendered":"Platforma startowa dla nowych pomys\u0142\u00f3w \u2013 Hub of Talents 3"},"content":{"rendered":"<p><img loading=\"lazy\" decoding=\"async\" src=\"https:\/\/pb.edu.pl\/brpm\/wp-content\/uploads\/sites\/6\/2024\/09\/logo-UE-RP.png\" alt=\"logo projektu UE i RP\" width=\"1474\" height=\"178\" class=\"aligncenter size-full wp-image-2475\" srcset=\"https:\/\/pb.edu.pl\/brpm\/wp-content\/uploads\/sites\/6\/2024\/09\/logo-UE-RP.png 1474w, https:\/\/pb.edu.pl\/brpm\/wp-content\/uploads\/sites\/6\/2024\/09\/logo-UE-RP-300x36.png 300w, https:\/\/pb.edu.pl\/brpm\/wp-content\/uploads\/sites\/6\/2024\/09\/logo-UE-RP-1024x124.png 1024w, https:\/\/pb.edu.pl\/brpm\/wp-content\/uploads\/sites\/6\/2024\/09\/logo-UE-RP-768x93.png 768w\" sizes=\"auto, (max-width: 1474px) 100vw, 1474px\" \/><\/p>\n<p><strong>Cel projektu:<\/strong> stworzenie na obszarze wojew\u00f3dztwa podlaskiego korzystnych warunk\u00f3w dla powstawania i rozwoju innowacyjnych przedsi\u0119biorstw, poprzez realizacj\u0119 profesjonalnego programu inkubacji startup\u2019\u00f3w.<\/p>\n<p><strong>Bud\u017cet projektu:<\/strong><br \/>\n\u2013 warto\u015b\u0107 projektu: 23&nbsp;592&nbsp;002,20 z\u0142, w tym PB 1&nbsp;301&nbsp;670,00 z\u0142<\/p>\n<p>\u2013 kwota dofinansowania: 22&nbsp;312&nbsp;850,00 z\u0142, w tym PB 1&nbsp;247&nbsp;670,00 z\u0142<\/p>\n<p><strong>Czas trwania projektu:<\/strong> od 01.10.2023 r. do 31.01.2027 r.<\/p>\n<p>Lider Projektu:<br \/>\nMiasto Bia\u0142ystok \u2013 Bia\u0142ostocki Park Naukowo-Technologiczny<\/p>\n<p>Partnerzy Projektu:<\/p>\n<ul>\n<li>Effective Sp. z o. o.<\/li>\n<li>Fundacja Nowych Technologii<\/li>\n<li>Infini Seed Sp. z o. o.<\/li>\n<li>Instytut Innowacji i Technologii Politechniki Bia\u0142ostockiej sp. z o. o.<\/li>\n<li>MICHA\u0141 JURCZUK GoodSoft<\/li>\n<li>Park Naukowo-Technologiczny Polska-Wsch\u00f3d w Suwa\u0142kach sp. z o. o.<\/li>\n<li>Park Przemys\u0142owy \u0141om\u017ca sp. z o. o.<\/li>\n<li>Politechnika Bia\u0142ostocka<\/li>\n<\/ul>\n<p>Partnerzy ekosystemowi<\/p>\n<p>Wsparcia udzielaj\u0105 r\u00f3wnie\u017c partnerzy ekosystemowi projektu:<\/p>\n<ul>\n<li>EXPERTEAM Sp. z o.o.<\/li>\n<li>TECHNOLOGY APPLIED Sp. z o.o.<\/li>\n<li>TREDECIM ASSET MANAGEMENT Sp\u00f3\u0142ka Akcyjna<\/li>\n<li>PROMOTECH Sp. z o.o.<\/li>\n<li>Solidexpert Sp. z o. o. Sp. K.<\/li>\n<li>Uniwersytet w Bia\u0142ymstoku<\/li>\n<li>Uniwersytet Medyczny w Bia\u0142ymstoku<\/li>\n<li>ELASTIC CLOUD SOLUTIONS Sp. z o.o.<\/li>\n<li>ORLEN S.A.<\/li>\n<\/ul>\n<p>Wi\u0119cej informacji na stronie <a href=\"https:\/\/bpnt.bialystok.pl\/PL\/bpn-t\/Projekty\/platforma-startowa-dla-nowych-pomyslow-hub-of-talents-3\">bpnt.bialystok.pl\/PL\/bpn-t\/Projekty\/platforma-startowa-dla-nowych-pomyslow-hub-of-talents-3<\/a><\/p>\n","protected":false},"excerpt":{"rendered":"<p>Cel projektu: stworzenie na obszarze wojew\u00f3dztwa podlaskiego korzystnych warunk\u00f3w dla powstawania i rozwoju innowacyjnych przedsi\u0119biorstw,<\/p>\n","protected":false},"author":2,"featured_media":0,"parent":94,"menu_order":0,"comment_status":"closed","ping_status":"closed","template":"","meta":{"_acf_changed":false,"ngg_post_thumbnail":0,"footnotes":""},"class_list":["post-2455","page","type-page","status-publish","hentry"],"acf":[],"_links":{"self":[{"href":"https:\/\/pb.edu.pl\/brpm\/wp-json\/wp\/v2\/pages\/2455","targetHints":{"allow":["GET"]}}],"collection":[{"href":"https:\/\/pb.edu.pl\/brpm\/wp-json\/wp\/v2\/pages"}],"about":[{"href":"https:\/\/pb.edu.pl\/brpm\/wp-json\/wp\/v2\/types\/page"}],"author":[{"embeddable":true,"href":"https:\/\/pb.edu.pl\/brpm\/wp-json\/wp\/v2\/users\/2"}],"replies":[{"embeddable":true,"href":"https:\/\/pb.edu.pl\/brpm\/wp-json\/wp\/v2\/comments?post=2455"}],"version-history":[{"count":0,"href":"https:\/\/pb.edu.pl\/brpm\/wp-json\/wp\/v2\/pages\/2455\/revisions"}],"up":[{"embeddable":true,"href":"https:\/\/pb.edu.pl\/brpm\/wp-json\/wp\/v2\/pages\/94"}],"wp:attachment":[{"href":"https:\/\/pb.edu.pl\/brpm\/wp-json\/wp\/v2\/media?parent=2455"}],"curies":[{"name":"wp","href":"https:\/\/api.w.org\/{rel}","templated":true}]}}