{"id":2315,"date":"2024-02-19T22:27:59","date_gmt":"2024-02-19T21:27:59","guid":{"rendered":"https:\/\/pb.edu.pl\/brpm\/?page_id=2315"},"modified":"2024-02-20T16:27:25","modified_gmt":"2024-02-20T15:27:25","slug":"polybiomat","status":"publish","type":"page","link":"https:\/\/pb.edu.pl\/brpm\/projekty-pb\/programy-ue\/projekty-realizowane\/polybiomat\/","title":{"rendered":"PolyBioMat"},"content":{"rendered":"<p><img loading=\"lazy\" decoding=\"async\" class=\"aligncenter size-full wp-image-2321\" src=\"https:\/\/pb.edu.pl\/brpm\/wp-content\/uploads\/sites\/6\/2024\/02\/logo-pl-i-ncbr.jpg\" alt=\"logo PL i NCBR\" width=\"555\" height=\"75\" srcset=\"https:\/\/pb.edu.pl\/brpm\/wp-content\/uploads\/sites\/6\/2024\/02\/logo-pl-i-ncbr.jpg 555w, https:\/\/pb.edu.pl\/brpm\/wp-content\/uploads\/sites\/6\/2024\/02\/logo-pl-i-ncbr-300x41.jpg 300w\" sizes=\"auto, (max-width: 555px) 100vw, 555px\" \/><br \/>\n&nbsp;<br \/>\nOd 01.07.2023 roku rozpocz\u0119\u0142a si\u0119 realizacja projektu <strong>Wielofunkcyjne materia\u0142y na osnowie polilaktydu<\/strong> (akronim: PolyBioMat) wybranego w ramach programu M-ERA.NET 3 Call 2022.<\/p>\n<p><img loading=\"lazy\" decoding=\"async\" class=\"alignright wp-image-2324\" src=\"https:\/\/pb.edu.pl\/brpm\/wp-content\/uploads\/sites\/6\/2024\/02\/stanowisko.jpg\" alt=\"stanowisko badawcze\" width=\"350\" height=\"233\" srcset=\"https:\/\/pb.edu.pl\/brpm\/wp-content\/uploads\/sites\/6\/2024\/02\/stanowisko.jpg 800w, https:\/\/pb.edu.pl\/brpm\/wp-content\/uploads\/sites\/6\/2024\/02\/stanowisko-300x200.jpg 300w, https:\/\/pb.edu.pl\/brpm\/wp-content\/uploads\/sites\/6\/2024\/02\/stanowisko-768x512.jpg 768w, https:\/\/pb.edu.pl\/brpm\/wp-content\/uploads\/sites\/6\/2024\/02\/stanowisko-480x320.jpg 480w\" sizes=\"auto, (max-width: 350px) 100vw, 350px\" \/><strong>Projekt dotyczy wytwarzania innowacyjnych funkcjonalnych materia\u0142\u00f3w kompozytowych na bazie polilaktydu (PLA).<\/strong> PLA charakteryzuje si\u0119 nisk\u0105 odporno\u015bci\u0105 na uderzenia (udarno\u015b\u0107) i niewielkim wyd\u0142u\u017ceniem przy zerwaniu. \u0141\u0105czy si\u0119 go z r\u00f3\u017cnymi dodatkami w celu zwi\u0119kszenia zakresu jego zastosowa\u0144. W&nbsp;projekcie planowane jest opracowanie nowych receptur kompozyt\u00f3w polimerowych wraz z metodami ich wytwarzania w oparciu o PLA, z zastosowaniem odpowiednich dodatk\u00f3w chemicznych i procesowych. Jako dodatki przetw\u00f3rcze i kompatybilizatory zostan\u0105 zastosowane nietoksyczne \u015brodki chemiczne i\/lub materia\u0142y komercyjne (wraz z optymalizacj\u0105 metodyki obr\u00f3bki chemicznej), wp\u0142ywaj\u0105ce na popraw\u0119 oddzia\u0142ywania matryca &#8211; nape\u0142niacz, co zapewni popraw\u0119 b\u0105d\u017a niepogorszenie w\u0142a\u015bciwo\u015bci mechanicznych kompozytu oraz wp\u0142ynie to na jego stabilno\u015b\u0107. Dodatkowym aspektem projektu jest ocena mo\u017cliwo\u015b\u0107 recyklingu wytworzonych kompozyt\u00f3w oraz ograniczenie zu\u017cycia materia\u0142\u00f3w bazowych poprzez wprowadzenie porofor\u00f3w do materia\u0142u recyklingowego.<\/p>\n<p>Projekt realizowany w konsorcjum: Chemnitz University of Technology (DE), Politechnika Bia\u0142ostocka; Uniwersytet im. Adama Mickiewicza w Poznaniu; Pimar-Plastic, Polymer Institute Slovak Academy of Sciences (SK).<br \/>\n<strong><br \/>\nTytu\u0142 projektu:<\/strong> Wielofunkcyjne materia\u0142y na osnowie polilaktydu (akronim: PolyBioMat)<br \/>\n<strong>Warto\u015b\u0107 projektu:<\/strong> 2 462 459,99 PLN<br \/>\n<strong>Dofinansowanie:<\/strong> 2 235 127,70 PLN<br \/>\n<strong>Okres trwania:<\/strong> 01.07.2023 &#8211; 30.06.2026<\/p>\n<p>Projekt wsp\u00f3\u0142finansowany\/finansowany przez Narodowe Centrum Bada\u0144 i Rozwoju w ramach programu M-ERA.NET 3 Call 2022.<\/p>\n","protected":false},"excerpt":{"rendered":"<p>&nbsp; Od 01.07.2023 roku rozpocz\u0119\u0142a si\u0119 realizacja projektu Wielofunkcyjne materia\u0142y na osnowie polilaktydu (akronim: PolyBioMat)<\/p>\n","protected":false},"author":2,"featured_media":0,"parent":94,"menu_order":2,"comment_status":"closed","ping_status":"closed","template":"","meta":{"_acf_changed":false,"ngg_post_thumbnail":0,"footnotes":""},"class_list":["post-2315","page","type-page","status-publish","hentry"],"acf":[],"_links":{"self":[{"href":"https:\/\/pb.edu.pl\/brpm\/wp-json\/wp\/v2\/pages\/2315","targetHints":{"allow":["GET"]}}],"collection":[{"href":"https:\/\/pb.edu.pl\/brpm\/wp-json\/wp\/v2\/pages"}],"about":[{"href":"https:\/\/pb.edu.pl\/brpm\/wp-json\/wp\/v2\/types\/page"}],"author":[{"embeddable":true,"href":"https:\/\/pb.edu.pl\/brpm\/wp-json\/wp\/v2\/users\/2"}],"replies":[{"embeddable":true,"href":"https:\/\/pb.edu.pl\/brpm\/wp-json\/wp\/v2\/comments?post=2315"}],"version-history":[{"count":0,"href":"https:\/\/pb.edu.pl\/brpm\/wp-json\/wp\/v2\/pages\/2315\/revisions"}],"up":[{"embeddable":true,"href":"https:\/\/pb.edu.pl\/brpm\/wp-json\/wp\/v2\/pages\/94"}],"wp:attachment":[{"href":"https:\/\/pb.edu.pl\/brpm\/wp-json\/wp\/v2\/media?parent=2315"}],"curies":[{"name":"wp","href":"https:\/\/api.w.org\/{rel}","templated":true}]}}