{"id":21,"date":"2017-11-08T21:44:29","date_gmt":"2017-11-08T20:44:29","guid":{"rendered":"https:\/\/pb.edu.pl\/brpm\/?page_id=21"},"modified":"2025-12-12T10:02:54","modified_gmt":"2025-12-12T09:02:54","slug":"kontakt","status":"publish","type":"page","link":"https:\/\/pb.edu.pl\/brpm\/kontakt\/","title":{"rendered":"Kontakt"},"content":{"rendered":"<div class=\"h3\">p. o. Kierownika Biura ds. Rozwoju i Program\u00f3w Mi\u0119dzynarodowych<\/div>\n<p>Tomasz Charkiewicz, pok\u00f3j B1<\/p>\n<p><i class=\"fal fa-phone\"><\/i> 85 746 91 68, <i class=\"fal fa-envelope\"><\/i> <a href=\"#\" rel=\"nofollow\"  onclick=\"this.href='mailto:' + 't.charkiewicz' + '@' + 'pb.edu.pl'\">t.charkiewicz [at] pb.edu.pl<\/a>\n<p><strong>Specjalizacje:<\/strong> Programy Ramowe, FENG, FERS, FEnIKS, FERC, FE dla Podlaskiego, FE dla Polski Wschodniej, INTERREG, ERA-NET, Programy mi\u0119dzynarodowe NCBR, inne programy.<\/p>\n<div class=\"h3\">p. o. Zast\u0119pcy Kierownika Biura ds. Rozwoju i Program\u00f3w Mi\u0119dzynarodowych<\/div>\n<p>Katarzyna Karp, pok\u00f3j B10<br \/>\n<i class=\"fal fa-phone\"><\/i> 85 746 70 25, <i class=\"fal fa-envelope\"><\/i> <a href=\"#\" rel=\"nofollow\"  onclick=\"this.href='mailto:' + 'k.karp' + '@' + 'pb.edu.pl'\">k.karp [at] pb.edu.pl<\/a>\n<p><strong>Specjalizacje:<\/strong> FEnIKS, FENG, FERS, zlecone prace B+R, inne programy.<br \/>\n&nbsp;<\/p>\n<div class=\"h3\">Obs\u0142uga administracyjna projekt\u00f3w UE realizowanych na Politechnice Bia\u0142ostockiej:<\/div>\n<p>Justyna Chlabicz, pok\u00f3j B4<br \/>\n<i class=\"fal fa-phone\"><\/i> 85 746 97 64, <i class=\"fal fa-envelope\"><\/i> <a href=\"#\" rel=\"nofollow\"  onclick=\"this.href='mailto:' + 'j.chlabicz' + '@' + 'pb.edu.pl'\">j.chlabicz [at] pb.edu.pl<\/a>\n<p><strong>Specjalizacje:<\/strong> FE dla Podlaskiego, ERA-NET, Programy Ramowe, inne programy.<\/p>\n<hr>\n<p>Agnieszka Czykwin, pok\u00f3j B10<br \/>\n<i class=\"fal fa-phone\"><\/i> 85 746 70 25, <i class=\"fal fa-envelope\"><\/i> <a href=\"#\" rel=\"nofollow\"  onclick=\"this.href='mailto:' + 'agnieszka.czykwin' + '@' + 'pb.edu.pl'\">agnieszka.czykwin [at] pb.edu.pl<\/a>\n<p><strong>Specjalizacje:<\/strong> Programy mi\u0119dzynarodowe NCBR, FERS, zlecone prace B+R, inne programy.<\/p>\n<hr>\n<p>Maciej \u0141ukaszuk, pok\u00f3j B1<br \/>\n<i class=\"fal fa-phone\"><\/i> 85 746 91 63, <i class=\"fal fa-envelope\"><\/i> <a href=\"#\" rel=\"nofollow\"  onclick=\"this.href='mailto:' + 'maciej.lukaszuk' + '@' + 'pb.edu.pl'\">maciej.lukaszuk [at] pb.edu.pl<\/a>\n<p><strong>Specjalizacje:<\/strong> Programy Ramowe, FERS, FENG, inne programy.<\/p>\n<hr>\n<p>Hanna Piotrowska, pok\u00f3j B4<br \/>\n<i class=\"fal fa-phone\"><\/i> 85 746 97 64, <i class=\"fal fa-envelope\"><\/i> <a href=\"#\" rel=\"nofollow\"  onclick=\"this.href='mailto:' + 'h.piotrowska' + '@' + 'pb.edu.pl'\">h.piotrowska [at] pb.edu.pl<\/a>\n<p><strong>Specjalizacje:<\/strong> FE dla Podlaskiego, FERC, inne programy.<\/p>\n<hr>\n<p>\u017banna Skar\u017cy\u0144ska-\u0141otysz, pok\u00f3j B1<br \/>\n<i class=\"fal fa-phone\"><\/i> 85 746 93 37, <i class=\"fal fa-envelope\"><\/i> <a href=\"#\" rel=\"nofollow\"  onclick=\"this.href='mailto:' + 'z.lotysz' + '@' + 'pb.edu.pl'\">z.lotysz [at] pb.edu.pl<\/a>\n<p><strong>Specjalizacje:<\/strong> FERS, FE dla Polski Wschodniej, inne programy.<\/p>\n<hr>\n<p>Ewelina Ustymowicz, pok\u00f3j B1<br \/>\n<i class=\"fal fa-phone\"><\/i> 85 746 91 69, <i class=\"fal fa-envelope\"><\/i> <a href=\"#\" rel=\"nofollow\"  onclick=\"this.href='mailto:' + 'e.ustymowicz' + '@' + 'pb.edu.pl'\">e.ustymowicz [at] pb.edu.pl<\/a>\n<p><strong>Specjalizacje:<\/strong> FE dla Podlaskiego, FE dla Polski Wschodniej, FERS, inne programy.<\/p>\n<hr>\n<p>Beata Weremijewicz, pok\u00f3j B4<br \/>\n<i class=\"fal fa-phone\"><\/i> 85 746 97 33, <i class=\"fal fa-envelope\"><\/i> <a href=\"#\" rel=\"nofollow\"  onclick=\"this.href='mailto:' + 'b.weremijewicz' + '@' + 'pb.edu.pl'\">b.weremijewicz [at] pb.edu.pl<\/a>\n<p><strong>Specjalizacje:<\/strong> FERS, INTERREG, inne programy.<\/p>\n","protected":false},"excerpt":{"rendered":"<p>p. o. Kierownika Biura ds. Rozwoju i Program\u00f3w Mi\u0119dzynarodowych Tomasz Charkiewicz, pok\u00f3j B1 85 746<\/p>\n","protected":false},"author":2,"featured_media":0,"parent":0,"menu_order":0,"comment_status":"closed","ping_status":"closed","template":"","meta":{"_acf_changed":false,"ngg_post_thumbnail":0,"footnotes":""},"class_list":["post-21","page","type-page","status-publish","hentry"],"acf":[],"_links":{"self":[{"href":"https:\/\/pb.edu.pl\/brpm\/wp-json\/wp\/v2\/pages\/21","targetHints":{"allow":["GET"]}}],"collection":[{"href":"https:\/\/pb.edu.pl\/brpm\/wp-json\/wp\/v2\/pages"}],"about":[{"href":"https:\/\/pb.edu.pl\/brpm\/wp-json\/wp\/v2\/types\/page"}],"author":[{"embeddable":true,"href":"https:\/\/pb.edu.pl\/brpm\/wp-json\/wp\/v2\/users\/2"}],"replies":[{"embeddable":true,"href":"https:\/\/pb.edu.pl\/brpm\/wp-json\/wp\/v2\/comments?post=21"}],"version-history":[{"count":0,"href":"https:\/\/pb.edu.pl\/brpm\/wp-json\/wp\/v2\/pages\/21\/revisions"}],"wp:attachment":[{"href":"https:\/\/pb.edu.pl\/brpm\/wp-json\/wp\/v2\/media?parent=21"}],"curies":[{"name":"wp","href":"https:\/\/api.w.org\/{rel}","templated":true}]}}