{"id":2040,"date":"2023-08-22T15:17:18","date_gmt":"2023-08-22T13:17:18","guid":{"rendered":"https:\/\/pb.edu.pl\/brpm\/?page_id=2040"},"modified":"2023-08-22T15:17:18","modified_gmt":"2023-08-22T13:17:18","slug":"praca-zlecona-agrimet-sp-z-o-o","status":"publish","type":"page","link":"https:\/\/pb.edu.pl\/brpm\/projekty-pb\/programy-ue\/projekty-zrealizowane\/praca-zlecona-agrimet-sp-z-o-o\/","title":{"rendered":"Praca zlecona &#8211; Agrimet Sp. z o.o."},"content":{"rendered":"<div id=\"isPasted\" class=\"row\">\n<div class=\"col-xs-12\">\n<h1>Praca zlecona przez Agrimet Sp. z o.o. &nbsp;w ramach projektu \u201eProwadzenie prac badawczo-rozwojowych nad nowymi rozwi\u0105zaniami jako strategiczny element umocnienia przewagi technologicznej i wzrostu innowacyjno\u015bci Agrimet Sp. z o.o.&#8221;.<\/h1>\n<\/div>\n<\/div>\n<div class=\"row content\">\n<div class=\"col-xs-12\">\n<div><strong>Finansowanie w ramach:<\/strong>&nbsp;Regionalny Program Operacyjny Wojew\u00f3dztwa Warmi\u0144sko \u2013 Mazurskiego na lata 2014-2020 O\u015b 1 Inteligentna gospodarka Warmii i Mazur Dzia\u0142anie 1.2 Innowacyjne firmy Poddzia\u0142anie 1.2.2 Wsp\u00f3\u0142praca biznesu z nauk\u0105&nbsp;<\/div>\n<div><strong>Warto\u015b\u0107 zlecenia:<\/strong> 15 000 z\u0142 brutto<\/div>\n<div><strong>Okres realizacji pracy:<\/strong>&nbsp;22.02.2023 r. \u2013 28.02.2023 r.<\/div>\n<div><strong>Jednostka realizuj\u0105ca:<\/strong>&nbsp;Wydzia\u0142 Mechaniczny&nbsp;<\/div>\n<div><strong>Kierownik Pracy:&nbsp;<\/strong>dr hab. in\u017c. prof. PB \u0141ukasz Derpe\u0144ski&nbsp;<\/div>\n<div><strong>Cel &nbsp;projektu<\/strong>: &nbsp;<\/div>\n<ul id=\"isPasted\">\n<li>opracowanie m.in. koncepcji projektu funkcjonalnego systemu g\u0142\u0119boszowania tak by wykluczy\u0107 awaryjno\u015b\u0107 urz\u0105dzenia po natkni\u0119ciu si\u0119 na kamie\u0144 oraz doprowadzi\u0107 do tego by g\u0142\u0119bosz by\u0142 w stanie wydoby\u0107 kamie\u0144 na powierzchni\u0119 gleby nie ulegaj\u0105c awarii. Przeprowadzona w tym zakresie zostanie analiza kosztowno\u015bci zaplanowanych rozwi\u0105za\u0144 (zar\u00f3wno od strony u\u017cywanych materia\u0142\u00f3w i podzespo\u0142\u00f3w, jak r\u00f3wnie\u017c od strony procesu budowy). Ze wzgl\u0119d\u00f3w wok\u00f3\u0142 produkcyjnych celem przedmiotowych prac \/analiz powinno by\u0107 teoretyczne opracowanie optymalnej wersji rozwi\u0105zania konstrukcyjnego uwzgl\u0119dniaj\u0105cego celowo\u015b\u0107 i op\u0142acalno\u015b\u0107 przysz\u0142ej produkcji;<\/li>\n<li>przeprowadzenia bada\u0144 naukowych dotycz\u0105cych opracowanie modelu obliczeniowego, a tak\u017ce przeprowadzenie symulacji komputerowych przy obci\u0105\u017ceniach tego\u017c modelu, &#8211; co pozostaje warunkiem niezb\u0119dnym do potwierdzenia prawdziwo\u015bci za\u0142o\u017ce\u0144 przyj\u0119tych koncepcji prowadzenia prac B+R<\/li>\n<li>opracowanie technologii wykonania g\u0142\u0119boszowania<\/li>\n<\/ul>\n<div>&#8211; zaproponowania sposob\u00f3w \u0142\u0105czenia element\u00f3w maszyny do g\u0142\u0119boszowania: liczba, wielko\u015b\u0107 i usytuowanie element\u00f3w mocuj\u0105cych w tym spaw\u00f3w i \u0142\u0105cznik\u00f3w, jak r\u00f3wnie\u017c grubo\u015b\u0107 element\u00f3w szczeg\u00f3lnie nara\u017conych na odkszta\u0142cenia, co wynika z niedoskona\u0142o\u015bci model\u00f3w opracowywanych w oprogramowaniu typu CAD\/CAM.<\/div>\n<\/div>\n<\/div>\n","protected":false},"excerpt":{"rendered":"<p>Praca zlecona przez Agrimet Sp. z o.o. &nbsp;w ramach projektu \u201eProwadzenie prac badawczo-rozwojowych nad nowymi<\/p>\n","protected":false},"author":33,"featured_media":0,"parent":89,"menu_order":0,"comment_status":"closed","ping_status":"closed","template":"","meta":{"_acf_changed":false,"ngg_post_thumbnail":0,"footnotes":""},"class_list":["post-2040","page","type-page","status-publish","hentry"],"acf":[],"_links":{"self":[{"href":"https:\/\/pb.edu.pl\/brpm\/wp-json\/wp\/v2\/pages\/2040","targetHints":{"allow":["GET"]}}],"collection":[{"href":"https:\/\/pb.edu.pl\/brpm\/wp-json\/wp\/v2\/pages"}],"about":[{"href":"https:\/\/pb.edu.pl\/brpm\/wp-json\/wp\/v2\/types\/page"}],"author":[{"embeddable":true,"href":"https:\/\/pb.edu.pl\/brpm\/wp-json\/wp\/v2\/users\/33"}],"replies":[{"embeddable":true,"href":"https:\/\/pb.edu.pl\/brpm\/wp-json\/wp\/v2\/comments?post=2040"}],"version-history":[{"count":0,"href":"https:\/\/pb.edu.pl\/brpm\/wp-json\/wp\/v2\/pages\/2040\/revisions"}],"up":[{"embeddable":true,"href":"https:\/\/pb.edu.pl\/brpm\/wp-json\/wp\/v2\/pages\/89"}],"wp:attachment":[{"href":"https:\/\/pb.edu.pl\/brpm\/wp-json\/wp\/v2\/media?parent=2040"}],"curies":[{"name":"wp","href":"https:\/\/api.w.org\/{rel}","templated":true}]}}