{"id":2036,"date":"2023-08-22T15:10:01","date_gmt":"2023-08-22T13:10:01","guid":{"rendered":"https:\/\/pb.edu.pl\/brpm\/?page_id=2036"},"modified":"2024-09-07T21:41:28","modified_gmt":"2024-09-07T19:41:28","slug":"hajnowka-odnowa-zielona-transformacja","status":"publish","type":"page","link":"https:\/\/pb.edu.pl\/brpm\/projekty-pb\/programy-ue\/projekty-zrealizowane\/hajnowka-odnowa-zielona-transformacja\/","title":{"rendered":"Hajn\u00f3wka OdNowa \u2013 Zielona Transformacja"},"content":{"rendered":"<h2 style=\"font-weight: 400\">Projekt ,,Hajn\u00f3wka OdNowa \u2013 Zielona Transformacja\u201d jest realizowany w ramach Programu ,,Rozw\u00f3j Lokalny\u201d, finansowanego ze \u015brodk\u00f3w Mechanizmu Finansowego EOG 2014-2021 oraz bud\u017cetu pa\u0144stwa.<\/h2>\n<p style=\"font-weight: 400\"><strong>Celem projektu&nbsp;<\/strong>jest pobudzenie rozwoju gospodarczego, podniesienie poziomu \u017cycia mieszka\u0144c\u00f3w miasta oraz poprawa dialogu samorz\u0105du miejskiego z mieszka\u0144cami, w wi\u0119kszym stopniu odpowiadaj\u0105c na ich potrzeby. Realizacj\u0119 ww. celu okre\u015blaj\u0105 cztery kierunki rozwoju:<\/p>\n<ul style=\"font-weight: 400\">\n<li>Nowy \u0141ad Przestrzenny \u2013 Nowe Centrum Hajn\u00f3wki;<\/li>\n<li>Zr\u00f3b biznes w Hajn\u00f3wce \u2013 dywersyfikacja dzia\u0142alno\u015bci gospodarczej w oparciu o zasoby i produkty lokalne;<\/li>\n<li>\u015arodowisko i klimat nie tylko w Puszczy Bia\u0142owieskiej;<\/li>\n<li>Integracja i to\u017csamo\u015b\u0107 dla silnej spo\u0142eczno\u015bci.<\/li>\n<\/ul>\n<h3 style=\"font-weight: 400\">Projekt jest wdra\u017cany w partnerstwach na podstawie Um\u00f3w partnerstwa z Liderem<\/h3>\n<p style=\"font-weight: 400\"><strong>Lider:<\/strong>&nbsp;Gmina Miejska Hajn\u00f3wka<br \/>\n<strong>Partner:<\/strong>&nbsp;Politechnika Bia\u0142ostocka<\/p>\n<p style=\"font-weight: 400\"><strong>Okres realizacji projektu:<\/strong>&nbsp;od 09.07.2021 r. do 30.04.2024 r.<\/p>\n<p style=\"font-weight: 400\"><strong>Koszty projektu:<\/strong>&nbsp;ca\u0142kowite maksymalne koszty kwalifikowalne w ramach projektu wynosz\u0105&nbsp;<strong>15 316 008,63 PLN.<\/strong><\/p>\n<p style=\"font-weight: 400\">Dofinansowanie jest w 85% wsp\u00f3\u0142finansowane ze \u015brodk\u00f3w Mechanizmu Finansowego EOG 2014-2021 oraz w 15% z bud\u017cetu pa\u0144stwa.<\/p>\n<h5 style=\"font-weight: 400\">Projekt jest finansowany ze \u015brodk\u00f3w Mechanizmu Finansowego EOG 2014-2021 na podstawie umowy nr 25\/2021\/RL.<\/h5>\n","protected":false},"excerpt":{"rendered":"<p>Projekt ,,Hajn\u00f3wka OdNowa \u2013 Zielona Transformacja\u201d jest realizowany w ramach Programu ,,Rozw\u00f3j Lokalny\u201d, finansowanego ze<\/p>\n","protected":false},"author":33,"featured_media":0,"parent":89,"menu_order":0,"comment_status":"closed","ping_status":"closed","template":"","meta":{"_acf_changed":false,"ngg_post_thumbnail":0,"footnotes":""},"class_list":["post-2036","page","type-page","status-publish","hentry"],"acf":[],"_links":{"self":[{"href":"https:\/\/pb.edu.pl\/brpm\/wp-json\/wp\/v2\/pages\/2036","targetHints":{"allow":["GET"]}}],"collection":[{"href":"https:\/\/pb.edu.pl\/brpm\/wp-json\/wp\/v2\/pages"}],"about":[{"href":"https:\/\/pb.edu.pl\/brpm\/wp-json\/wp\/v2\/types\/page"}],"author":[{"embeddable":true,"href":"https:\/\/pb.edu.pl\/brpm\/wp-json\/wp\/v2\/users\/33"}],"replies":[{"embeddable":true,"href":"https:\/\/pb.edu.pl\/brpm\/wp-json\/wp\/v2\/comments?post=2036"}],"version-history":[{"count":0,"href":"https:\/\/pb.edu.pl\/brpm\/wp-json\/wp\/v2\/pages\/2036\/revisions"}],"up":[{"embeddable":true,"href":"https:\/\/pb.edu.pl\/brpm\/wp-json\/wp\/v2\/pages\/89"}],"wp:attachment":[{"href":"https:\/\/pb.edu.pl\/brpm\/wp-json\/wp\/v2\/media?parent=2036"}],"curies":[{"name":"wp","href":"https:\/\/api.w.org\/{rel}","templated":true}]}}