{"id":1754,"date":"2023-01-12T10:44:57","date_gmt":"2023-01-12T09:44:57","guid":{"rendered":"https:\/\/pb.edu.pl\/brpm\/?page_id=1754"},"modified":"2023-10-18T15:16:03","modified_gmt":"2023-10-18T13:16:03","slug":"sumo-masters-4-3","status":"publish","type":"page","link":"https:\/\/pb.edu.pl\/brpm\/projekty-pb\/programy-ue\/projekty-zrealizowane\/sumo-masters-4-3\/","title":{"rendered":"Sumo Masters 4.3"},"content":{"rendered":"<p><img loading=\"lazy\" decoding=\"async\" class=\"aligncenter size-full wp-image-1630\" src=\"https:\/\/pb.edu.pl\/brpm\/wp-content\/uploads\/sites\/6\/2022\/10\/logo-dda-1600\u00d7160.png\" alt=\"\" width=\"1600\" height=\"160\" srcset=\"https:\/\/pb.edu.pl\/brpm\/wp-content\/uploads\/sites\/6\/2022\/10\/logo-dda-1600\u00d7160.png 1600w, https:\/\/pb.edu.pl\/brpm\/wp-content\/uploads\/sites\/6\/2022\/10\/logo-dda-1600\u00d7160-300x30.png 300w, https:\/\/pb.edu.pl\/brpm\/wp-content\/uploads\/sites\/6\/2022\/10\/logo-dda-1600\u00d7160-1024x102.png 1024w, https:\/\/pb.edu.pl\/brpm\/wp-content\/uploads\/sites\/6\/2022\/10\/logo-dda-1600\u00d7160-768x77.png 768w, https:\/\/pb.edu.pl\/brpm\/wp-content\/uploads\/sites\/6\/2022\/10\/logo-dda-1600\u00d7160-1536x154.png 1536w\" sizes=\"auto, (max-width: 1600px) 100vw, 1600px\" \/><\/p>\n<h2>Projekt \u201eSumoMasters 4.3 &#8211; rozw\u00f3j innowacyjno\u015bci robot\u00f3w MegaSumo, MiniSumo oraz NanoSumo poprzez udzia\u0142 w mi\u0119dzynarodowych zawodach robotycznych\u201d realizowany w ramach projektu pozakonkursowego o charakterze koncepcyjnym pt. \u201eNajlepsi z najlepszych! 4.0.\u201d z Programu Operacyjnego Wiedza Edukacja Rozw\u00f3j. Projekt jest wsp\u00f3\u0142finansowany ze \u015brodk\u00f3w Europejskiego Funduszu Spo\u0142ecznego.<\/h2>\n<p>G\u0142\u00f3wnym celem projektu jest udzia\u0142 cz\u0142onk\u00f3w Ko\u0142a Naukowego Robotyk\u00f3w z sekcji Sumo Masters w 7 mi\u0119dzynarodowych zawodach robotycznych, kt\u00f3re maj\u0105 szans\u0119 odby\u0107 si\u0119 w 2022r i 2023r. Wytypowane zawody s\u0105 uznawane za jedne z najwi\u0119kszych zawod\u00f3w robotycznych i ciesz\u0105 si\u0119 najwi\u0119ksz\u0105 popularno\u015bci\u0105 w\u015br\u00f3d zawodnik\u00f3w. Wi\u0119kszo\u015b\u0107 z nich zosta\u0142a co najmniej raz zrealizowana w poprzednich edycjach konkursu Najlepsi z Najlepszych.<\/p>\n<p>Za\u0142o\u017ceniem projektu jest zdobycie nowej wiedzy z zakresu mechatroniki i robotyki oraz popularyzacja w\u0142asnych przemy\u015ble\u0144 i rozwi\u0105za\u0144 stosowanych w konstrukcjach robotycznych. Udzia\u0142 w projekcie i uczestnictwo w zadaniach pozwoli na wykorzystanie zdobytej wiedzy do modernizacji obecnych konstrukcji robot\u00f3w, z kt\u00f3rymi studenci nieprzerwanie startuj\u0105 od 2016 roku w zawodach mi\u0119dzynarodowych aby spr\u00f3bowa\u0107 powt\u00f3rzy\u0107 sukces z 2017r, w kt\u00f3rym dru\u017cyna zosta\u0142a najlepsz\u0105 dru\u017cyn\u0105 \u015bwiata.<br \/>\nPodj\u0119te za\u0142o\u017cenia i cele pozwalaj\u0105 na dalsze zwi\u0119kszanie wiedzy i do\u015bwiadczenia cz\u0142onk\u00f3w zespo\u0142u zar\u00f3wno tych, kt\u00f3rzy ju\u017c budowali takie konstrukcje, jak i nowo przyj\u0119tych do sekcji SumoMasters.<br \/>\nR\u00f3wnolegle prowadzone b\u0119d\u0105 badania nad skuteczno\u015bci\u0105 dzia\u0142ania robot\u00f3w, tak aby w przysz\u0142o\u015bci mo\u017cna by\u0142o zaprezentowa\u0107 wyniki prac na konferencjach naukowych.<\/p>\n<p><strong>Termin realizacji:<\/strong> 15.05.2022 \u2013 14.05.2023 r.<\/p>\n<p><strong>Warto\u015b\u0107 projektu\/dofinansowania:<\/strong> 288 500,00 PLN<\/p>\n","protected":false},"excerpt":{"rendered":"<p>Projekt \u201eSumoMasters 4.3 &#8211; rozw\u00f3j innowacyjno\u015bci robot\u00f3w MegaSumo, MiniSumo oraz NanoSumo poprzez udzia\u0142 w mi\u0119dzynarodowych<\/p>\n","protected":false},"author":33,"featured_media":0,"parent":89,"menu_order":0,"comment_status":"closed","ping_status":"closed","template":"","meta":{"_acf_changed":false,"ngg_post_thumbnail":0,"footnotes":""},"class_list":["post-1754","page","type-page","status-publish","hentry"],"acf":[],"_links":{"self":[{"href":"https:\/\/pb.edu.pl\/brpm\/wp-json\/wp\/v2\/pages\/1754","targetHints":{"allow":["GET"]}}],"collection":[{"href":"https:\/\/pb.edu.pl\/brpm\/wp-json\/wp\/v2\/pages"}],"about":[{"href":"https:\/\/pb.edu.pl\/brpm\/wp-json\/wp\/v2\/types\/page"}],"author":[{"embeddable":true,"href":"https:\/\/pb.edu.pl\/brpm\/wp-json\/wp\/v2\/users\/33"}],"replies":[{"embeddable":true,"href":"https:\/\/pb.edu.pl\/brpm\/wp-json\/wp\/v2\/comments?post=1754"}],"version-history":[{"count":0,"href":"https:\/\/pb.edu.pl\/brpm\/wp-json\/wp\/v2\/pages\/1754\/revisions"}],"up":[{"embeddable":true,"href":"https:\/\/pb.edu.pl\/brpm\/wp-json\/wp\/v2\/pages\/89"}],"wp:attachment":[{"href":"https:\/\/pb.edu.pl\/brpm\/wp-json\/wp\/v2\/media?parent=1754"}],"curies":[{"name":"wp","href":"https:\/\/api.w.org\/{rel}","templated":true}]}}