{"id":1750,"date":"2023-01-12T10:29:01","date_gmt":"2023-01-12T09:29:01","guid":{"rendered":"https:\/\/pb.edu.pl\/brpm\/?page_id=1750"},"modified":"2023-10-18T15:16:28","modified_gmt":"2023-10-18T13:16:28","slug":"cerber-2022","status":"publish","type":"page","link":"https:\/\/pb.edu.pl\/brpm\/projekty-pb\/programy-ue\/projekty-zrealizowane\/cerber-2022\/","title":{"rendered":"Udzia\u0142 student\u00f3w zespo\u0142u Cerber Motorsport w mi\u0119dzynarodowych zawodach Formula Student i konferencji naukowej"},"content":{"rendered":"<h2><img loading=\"lazy\" decoding=\"async\" class=\"aligncenter wp-image-1630 size-full\" src=\"https:\/\/pb.edu.pl\/brpm\/wp-content\/uploads\/sites\/6\/2022\/10\/logo-dda-1600\u00d7160.png\" alt=\"\" width=\"1600\" height=\"160\" srcset=\"https:\/\/pb.edu.pl\/brpm\/wp-content\/uploads\/sites\/6\/2022\/10\/logo-dda-1600\u00d7160.png 1600w, https:\/\/pb.edu.pl\/brpm\/wp-content\/uploads\/sites\/6\/2022\/10\/logo-dda-1600\u00d7160-300x30.png 300w, https:\/\/pb.edu.pl\/brpm\/wp-content\/uploads\/sites\/6\/2022\/10\/logo-dda-1600\u00d7160-1024x102.png 1024w, https:\/\/pb.edu.pl\/brpm\/wp-content\/uploads\/sites\/6\/2022\/10\/logo-dda-1600\u00d7160-768x77.png 768w, https:\/\/pb.edu.pl\/brpm\/wp-content\/uploads\/sites\/6\/2022\/10\/logo-dda-1600\u00d7160-1536x154.png 1536w\" sizes=\"auto, (max-width: 1600px) 100vw, 1600px\" \/><\/h2>\n<h2>Celem projektu jest uczestnictwo student\u00f3w zespo\u0142u Cerber Motorsport w 5 presti\u017cowych mi\u0119dzynarodowych zawodach in\u017cynierskich Formula Student organizowanych w sezonie 2022 oraz prezentacja autorskich rozwi\u0105za\u0144 konstrukcyjnych na mi\u0119dzynarodowej konferencji naukowej.<\/h2>\n<h4>G\u0142\u00f3wne za\u0142o\u017cenia:<\/h4>\n<ul>\n<li>uczestnictwo bolidu CMS-08 w europejskich zawodach: FS Italy, FS Czech Republic, FS Austria, FS EAST, FS Germany<\/li>\n<li>weryfikacja do\u015bwiadczalna w trakcie zawod\u00f3w nowych rozwi\u0105za\u0144 uk\u0142adu telemetrii, konstrukcji no\u015bnej oraz pakietu aerodynamicznego<\/li>\n<li>prezentacja studenckich koncepcji in\u017cynierskich na mi\u0119dzynarodowej konferencji naukowej.<\/li>\n<\/ul>\n<div>\n<div>Liczba os\u00f3b obj\u0119tych programami wsparcia ich uczestnictwa w mi\u0119dzynarodowych konkursach, zawodach, konferencjach: 22<\/div>\n<div><strong>Bud\u017cet projektu:<\/strong> 274 273,44 z\u0142<\/div>\n<div><strong>Termin realizacji:<\/strong> 04.05.2022 r. do 31.03.2023 r.<\/div>\n<\/div>\n","protected":false},"excerpt":{"rendered":"<p>Celem projektu jest uczestnictwo student\u00f3w zespo\u0142u Cerber Motorsport w 5 presti\u017cowych mi\u0119dzynarodowych zawodach in\u017cynierskich Formula<\/p>\n","protected":false},"author":33,"featured_media":0,"parent":89,"menu_order":0,"comment_status":"closed","ping_status":"closed","template":"","meta":{"_acf_changed":false,"ngg_post_thumbnail":0,"footnotes":""},"class_list":["post-1750","page","type-page","status-publish","hentry"],"acf":[],"_links":{"self":[{"href":"https:\/\/pb.edu.pl\/brpm\/wp-json\/wp\/v2\/pages\/1750","targetHints":{"allow":["GET"]}}],"collection":[{"href":"https:\/\/pb.edu.pl\/brpm\/wp-json\/wp\/v2\/pages"}],"about":[{"href":"https:\/\/pb.edu.pl\/brpm\/wp-json\/wp\/v2\/types\/page"}],"author":[{"embeddable":true,"href":"https:\/\/pb.edu.pl\/brpm\/wp-json\/wp\/v2\/users\/33"}],"replies":[{"embeddable":true,"href":"https:\/\/pb.edu.pl\/brpm\/wp-json\/wp\/v2\/comments?post=1750"}],"version-history":[{"count":0,"href":"https:\/\/pb.edu.pl\/brpm\/wp-json\/wp\/v2\/pages\/1750\/revisions"}],"up":[{"embeddable":true,"href":"https:\/\/pb.edu.pl\/brpm\/wp-json\/wp\/v2\/pages\/89"}],"wp:attachment":[{"href":"https:\/\/pb.edu.pl\/brpm\/wp-json\/wp\/v2\/media?parent=1750"}],"curies":[{"name":"wp","href":"https:\/\/api.w.org\/{rel}","templated":true}]}}