{"id":1726,"date":"2022-12-01T11:51:50","date_gmt":"2022-12-01T10:51:50","guid":{"rendered":"https:\/\/pb.edu.pl\/brpm\/?page_id=1726"},"modified":"2025-04-18T21:31:05","modified_gmt":"2025-04-18T19:31:05","slug":"inne","status":"publish","type":"page","link":"https:\/\/pb.edu.pl\/brpm\/biuro-ds-rozwoju-programow-miedzynarodowych\/dla-wnioskujacych\/inne\/","title":{"rendered":"Inne"},"content":{"rendered":"<div class=\"row row-h\">\n<div class=\"col-sm-3\"><img loading=\"lazy\" decoding=\"async\" src=\"https:\/\/pb.edu.pl\/brpm\/wp-content\/uploads\/sites\/6\/2025\/04\/05_znak_uproszczony_kolor_biale_tlo.png\" alt=\"logo Ministerstwa Nauki i Szkolnictwa Wy\u017cszego\" width=\"1389\" height=\"432\" class=\"alignnone size-full wp-image-2627\" srcset=\"https:\/\/pb.edu.pl\/brpm\/wp-content\/uploads\/sites\/6\/2025\/04\/05_znak_uproszczony_kolor_biale_tlo.png 1389w, https:\/\/pb.edu.pl\/brpm\/wp-content\/uploads\/sites\/6\/2025\/04\/05_znak_uproszczony_kolor_biale_tlo-300x93.png 300w, https:\/\/pb.edu.pl\/brpm\/wp-content\/uploads\/sites\/6\/2025\/04\/05_znak_uproszczony_kolor_biale_tlo-1024x318.png 1024w, https:\/\/pb.edu.pl\/brpm\/wp-content\/uploads\/sites\/6\/2025\/04\/05_znak_uproszczony_kolor_biale_tlo-768x239.png 768w\" sizes=\"auto, (max-width: 1389px) 100vw, 1389px\" \/><\/div>\n<div class=\"col-sm-6\">\n<p><a href=\"https:\/\/www.gov.pl\/web\/nauka\/programy-aktywne\">Programy  i przedsi\u0119wzi\u0119cia Ministerstwa Nauki i Szkolnictwa Wy\u017cszego<\/a><\/p>\n<\/div>\n<\/div>\n","protected":false},"excerpt":{"rendered":"<p>Programy i przedsi\u0119wzi\u0119cia Ministerstwa Nauki i Szkolnictwa Wy\u017cszego<\/p>\n","protected":false},"author":147,"featured_media":0,"parent":1661,"menu_order":0,"comment_status":"closed","ping_status":"closed","template":"","meta":{"_acf_changed":false,"ngg_post_thumbnail":0,"footnotes":""},"class_list":["post-1726","page","type-page","status-publish","hentry"],"acf":[],"_links":{"self":[{"href":"https:\/\/pb.edu.pl\/brpm\/wp-json\/wp\/v2\/pages\/1726","targetHints":{"allow":["GET"]}}],"collection":[{"href":"https:\/\/pb.edu.pl\/brpm\/wp-json\/wp\/v2\/pages"}],"about":[{"href":"https:\/\/pb.edu.pl\/brpm\/wp-json\/wp\/v2\/types\/page"}],"author":[{"embeddable":true,"href":"https:\/\/pb.edu.pl\/brpm\/wp-json\/wp\/v2\/users\/147"}],"replies":[{"embeddable":true,"href":"https:\/\/pb.edu.pl\/brpm\/wp-json\/wp\/v2\/comments?post=1726"}],"version-history":[{"count":0,"href":"https:\/\/pb.edu.pl\/brpm\/wp-json\/wp\/v2\/pages\/1726\/revisions"}],"up":[{"embeddable":true,"href":"https:\/\/pb.edu.pl\/brpm\/wp-json\/wp\/v2\/pages\/1661"}],"wp:attachment":[{"href":"https:\/\/pb.edu.pl\/brpm\/wp-json\/wp\/v2\/media?parent=1726"}],"curies":[{"name":"wp","href":"https:\/\/api.w.org\/{rel}","templated":true}]}}