{"id":172,"date":"2018-04-13T15:12:58","date_gmt":"2018-04-13T13:12:58","guid":{"rendered":"https:\/\/pb.edu.pl\/brpm\/?page_id=172"},"modified":"2022-01-10T09:37:22","modified_gmt":"2022-01-10T08:37:22","slug":"projekt-vetpro-exiq-eng","status":"publish","type":"page","link":"https:\/\/pb.edu.pl\/brpm\/projekty-pb\/programy-ue\/projekty-zrealizowane\/projekt-vetpro-exiq-eng\/","title":{"rendered":"Projekt VETPRO \u2013 EXIQ ENG"},"content":{"rendered":"<p><img loading=\"lazy\" decoding=\"async\" class=\"size-medium wp-image-178 aligncenter\" src=\"https:\/\/pb.edu.pl\/brpm\/wp-content\/uploads\/sites\/6\/2018\/04\/LOGO_vetpro-300x83.jpg\" alt=\"LOGO vetpro\" width=\"300\" height=\"83\" srcset=\"https:\/\/pb.edu.pl\/brpm\/wp-content\/uploads\/sites\/6\/2018\/04\/LOGO_vetpro-300x83.jpg 300w, https:\/\/pb.edu.pl\/brpm\/wp-content\/uploads\/sites\/6\/2018\/04\/LOGO_vetpro.jpg 400w\" sizes=\"auto, (max-width: 300px) 100vw, 300px\" \/><\/p>\n<h2>\u201eWymiana do\u015bwiadcze\u0144 i dobrych praktyk jako najlepszy spos\u00f3b na popraw\u0119 jako\u015bci kszta\u0142cenia in\u017cynier\u00f3w\u201d uzyska\u0142 dofinansowanie w wysoko\u015bci 24 456 EUR w og\u00f3lnopolskim konkursie Projekty mobilno\u015bci 2013 programu Leonardo da Vinci.<\/h2>\n<p>Politechnika Bia\u0142ostocka po raz pierwszy uczestniczy\u0142a w tym programie, a wniosek aplikacyjny opracowa\u0142 zesp\u00f3\u0142 zajmuj\u0105cy si\u0119 jako\u015bci\u0105 kszta\u0142cenia w naszej Uczelni. &nbsp;Uczestnicy projektu, kt\u00f3rzy zostan\u0105 wy\u0142onieni&nbsp; w post\u0119powaniu rekrutacyjnym, poznaj\u0105 metody nauczania w uczelni partnerskiej Via University College (Dania). Wezm\u0105 te\u017c udzia\u0142 w dyskusjach na temat wsp\u00f3\u0142pracy VIA UC z firmami, odwiedz\u0105 niekt\u00f3re z nich oraz zapoznaj\u0105 si\u0119 z dzia\u0142alno\u015bci\u0105 Biura Karier.<\/p>\n<p>Program Leonardo da&nbsp;Vinci jest cz\u0119\u015bci\u0105 programu \u201eUczenie si\u0119&nbsp;przez&nbsp;ca\u0142e \u017cycie\u201d, kt\u00f3rego g\u0142\u00f3wnym&nbsp; celem jest promocja i&nbsp;poprawa system\u00f3w kszta\u0142cenia i&nbsp;szkolenia zawodowego. Do&nbsp;programu zg\u0142oszono ponad 700&nbsp;wniosk\u00f3w, jedynie 95&nbsp;zosta\u0142o zakwalifikowanych do&nbsp;realizacji, w\u015br\u00f3d nich \u2013&nbsp;projekt Politechniki Bia\u0142ostockiej.<\/p>\n<p>Projekty mobilno\u015bci polegaj\u0105 na&nbsp;organizowaniu wyjazd\u00f3w zagranicznych dla&nbsp;uczni\u00f3w, pracownik\u00f3w, absolwent\u00f3w i&nbsp;bezrobotnych, a&nbsp;tak\u017ce szkoleniowc\u00f3w. Celem wyjazd\u00f3w jest szkolenie i&nbsp;zdobywanie do\u015bwiadczenia zawodowego (praktyki i&nbsp;sta\u017ce zagraniczne) b\u0105d\u017a poznawanie ciekawych rozwi\u0105za\u0144, metod i&nbsp;praktyk w&nbsp;zakresie kszta\u0142cenia i&nbsp;szkolenia zawodowego. Za\u0142o\u017ceniem projekt\u00f3w tego typu jest po\u0142\u0105czenie teorii z&nbsp;praktyk\u0105, a&nbsp;co&nbsp;za&nbsp;tym&nbsp;idzie \u2013&nbsp;wzmacnianie wi\u0119zi mi\u0119dzy \u015bwiatem edukacji i&nbsp;pracy. Dotyczy to&nbsp;r\u00f3wnie\u017c w\u0142\u0105czania szk\u00f3\u0142 wy\u017cszych do&nbsp;wsp\u00f3\u0142pracy z&nbsp;zak\u0142adami i&nbsp;przedsi\u0119biorcami.<\/p>\n<p>&nbsp;<\/p>\n","protected":false},"excerpt":{"rendered":"<p>\u201eWymiana do\u015bwiadcze\u0144 i dobrych praktyk jako najlepszy spos\u00f3b na popraw\u0119 jako\u015bci kszta\u0142cenia in\u017cynier\u00f3w\u201d uzyska\u0142 dofinansowanie<\/p>\n","protected":false},"author":3,"featured_media":0,"parent":89,"menu_order":0,"comment_status":"closed","ping_status":"closed","template":"","meta":{"_acf_changed":false,"ngg_post_thumbnail":0,"footnotes":""},"class_list":["post-172","page","type-page","status-publish","hentry"],"acf":[],"_links":{"self":[{"href":"https:\/\/pb.edu.pl\/brpm\/wp-json\/wp\/v2\/pages\/172","targetHints":{"allow":["GET"]}}],"collection":[{"href":"https:\/\/pb.edu.pl\/brpm\/wp-json\/wp\/v2\/pages"}],"about":[{"href":"https:\/\/pb.edu.pl\/brpm\/wp-json\/wp\/v2\/types\/page"}],"author":[{"embeddable":true,"href":"https:\/\/pb.edu.pl\/brpm\/wp-json\/wp\/v2\/users\/3"}],"replies":[{"embeddable":true,"href":"https:\/\/pb.edu.pl\/brpm\/wp-json\/wp\/v2\/comments?post=172"}],"version-history":[{"count":0,"href":"https:\/\/pb.edu.pl\/brpm\/wp-json\/wp\/v2\/pages\/172\/revisions"}],"up":[{"embeddable":true,"href":"https:\/\/pb.edu.pl\/brpm\/wp-json\/wp\/v2\/pages\/89"}],"wp:attachment":[{"href":"https:\/\/pb.edu.pl\/brpm\/wp-json\/wp\/v2\/media?parent=172"}],"curies":[{"name":"wp","href":"https:\/\/api.w.org\/{rel}","templated":true}]}}