{"id":1693,"date":"2022-11-30T10:45:06","date_gmt":"2022-11-30T09:45:06","guid":{"rendered":"https:\/\/pb.edu.pl\/brpm\/?page_id=1693"},"modified":"2025-04-24T11:56:36","modified_gmt":"2025-04-24T09:56:36","slug":"dla-realizujacych","status":"publish","type":"page","link":"https:\/\/pb.edu.pl\/brpm\/biuro-ds-rozwoju-programow-miedzynarodowych\/dla-realizujacych\/","title":{"rendered":"Dla realizuj\u0105cych"},"content":{"rendered":"<div class=\"h3\">Dokumenty i zasady reguluj\u0105ce kwestie finansowe obowi\u0105zuj\u0105ce na PB, dotycz\u0105ce realizacji projektu:<\/div>\n<p><a href=\"https:\/\/bip.pb.edu.pl\/index.php?event=informacja&#038;id=20953\">Zasady realizacji projekt\u00f3w na PB<\/a> \u2013 od 13.12.2023 r.<\/p>\n<p><a href=\"https:\/\/bip.pb.edu.pl\/index.php?event=informacja&#038;id=20625\">Regulacje dotycz\u0105ce \u015brodk\u00f3w trwa\u0142ych<\/a> \u2013 od 24.08.2023 r.<\/p>\n<p><a href=\"https:\/\/bip.pb.edu.pl\/index.php?event=informacja&#038;id=20719\">Podzia\u0142 koszt\u00f3w po\u015brednich<\/a> \u2013 od 22.09.2023 r.<\/p>\n<p><a href=\"https:\/\/bip.pb.edu.pl\/index.php?event=informacja&#038;id=22100\">Podr\u00f3\u017ce s\u0142u\u017cbowe na PB<\/a> \u2013 od 15.10.2024 r.<\/p>\n<p><a href=\"https:\/\/bip.pb.edu.pl\/index.php?event=informacja&#038;id=21683\">Polecenie wyjazdu<\/a> \u2013 od 15.10.2024 r.<\/p>\n<p><a href=\"https:\/\/pb.edu.pl\/pracownicy\/ocena-nauczycieli-akademickich\/\">Ocena parametryczna<\/a><\/p>\n<p><a href=\"https:\/\/pb.edu.pl\/pracownicy\/kontrola-zarzadcza-i-zarzadzenie-ryzykiem\/\">Kontrola zarz\u0105dcza i zarz\u0105dzanie ryzykiem<\/a><\/p>\n","protected":false},"excerpt":{"rendered":"<p>Dokumenty i zasady reguluj\u0105ce kwestie finansowe obowi\u0105zuj\u0105ce na PB, dotycz\u0105ce realizacji projektu: Zasady realizacji projekt\u00f3w<\/p>\n","protected":false},"author":147,"featured_media":0,"parent":11,"menu_order":0,"comment_status":"closed","ping_status":"closed","template":"","meta":{"_acf_changed":false,"ngg_post_thumbnail":0,"footnotes":""},"class_list":["post-1693","page","type-page","status-publish","hentry"],"acf":[],"_links":{"self":[{"href":"https:\/\/pb.edu.pl\/brpm\/wp-json\/wp\/v2\/pages\/1693","targetHints":{"allow":["GET"]}}],"collection":[{"href":"https:\/\/pb.edu.pl\/brpm\/wp-json\/wp\/v2\/pages"}],"about":[{"href":"https:\/\/pb.edu.pl\/brpm\/wp-json\/wp\/v2\/types\/page"}],"author":[{"embeddable":true,"href":"https:\/\/pb.edu.pl\/brpm\/wp-json\/wp\/v2\/users\/147"}],"replies":[{"embeddable":true,"href":"https:\/\/pb.edu.pl\/brpm\/wp-json\/wp\/v2\/comments?post=1693"}],"version-history":[{"count":0,"href":"https:\/\/pb.edu.pl\/brpm\/wp-json\/wp\/v2\/pages\/1693\/revisions"}],"up":[{"embeddable":true,"href":"https:\/\/pb.edu.pl\/brpm\/wp-json\/wp\/v2\/pages\/11"}],"wp:attachment":[{"href":"https:\/\/pb.edu.pl\/brpm\/wp-json\/wp\/v2\/media?parent=1693"}],"curies":[{"name":"wp","href":"https:\/\/api.w.org\/{rel}","templated":true}]}}