{"id":1684,"date":"2022-11-20T13:00:09","date_gmt":"2022-11-20T12:00:09","guid":{"rendered":"https:\/\/pb.edu.pl\/brpm\/?page_id=1684"},"modified":"2023-04-17T14:08:12","modified_gmt":"2023-04-17T12:08:12","slug":"dane-pb","status":"publish","type":"page","link":"https:\/\/pb.edu.pl\/brpm\/biuro-ds-rozwoju-programow-miedzynarodowych\/dla-wnioskujacych\/dane-pb\/","title":{"rendered":"Dane PB"},"content":{"rendered":"<table style=\"height: 721px;width: 100%\" border=\"1\">\n<tbody>\n<tr style=\"height: 22px\">\n<td style=\"width: 99.8788%;height: 22px\" colspan=\"2\"><strong>Dane podstawowe jednostki<\/strong><\/td>\n<\/tr>\n<tr style=\"height: 22px\">\n<td style=\"width: 49.0909%;height: 22px\">Nazwa (pe\u0142na)<\/td>\n<td style=\"width: 50.7879%;height: 22px\">Politechnika Bia\u0142ostocka<\/td>\n<\/tr>\n<tr style=\"height: 22px\">\n<td style=\"width: 49.0909%;height: 22px\">Nazwa (skr\u00f3cona)<\/td>\n<td style=\"width: 50.7879%;height: 22px\">PB<\/td>\n<\/tr>\n<tr style=\"height: 22px\">\n<td style=\"width: 49.0909%;height: 22px\">Nazwa w j\u0119zyku angielskim<\/td>\n<td style=\"width: 50.7879%;height: 22px\">Bialystok University of Technology<\/td>\n<\/tr>\n<tr style=\"height: 22px\">\n<td style=\"width: 49.0909%;height: 22px\">Skr\u00f3t w j\u0119zyku angielskim<\/td>\n<td style=\"width: 50.7879%;height: 22px\">BUT<\/td>\n<\/tr>\n<tr style=\"height: 22px\">\n<td style=\"width: 49.0909%;height: 22px\">NIP<\/td>\n<td style=\"width: 50.7879%;height: 22px\">5420208721<\/td>\n<\/tr>\n<tr style=\"height: 22px\">\n<td style=\"width: 49.0909%;height: 22px\">REGON<\/td>\n<td style=\"width: 50.7879%;height: 22px\">000001672<\/td>\n<\/tr>\n<tr style=\"height: 22px\">\n<td style=\"width: 49.0909%;height: 22px\">PIC<\/td>\n<td style=\"width: 50.7879%;height: 22px\">999889193<\/td>\n<\/tr>\n<tr style=\"height: 22px\">\n<td style=\"width: 49.0909%;height: 22px\">KRS\/CEIDG\/inny rejestr<\/td>\n<td style=\"width: 50.7879%;height: 22px\">Nie dotyczy<\/td>\n<\/tr>\n<tr style=\"height: 22px\">\n<td style=\"width: 49.0909%;height: 22px\">Elektroniczna skrzynka podawcza ESP (ePUAP)<\/td>\n<td style=\"width: 50.7879%;height: 22px\">\/Politechnika-Bialostocka\/SkrytkaESP<\/td>\n<\/tr>\n<tr style=\"height: 22px\">\n<td style=\"width: 49.0909%;height: 22px\">Adres strony internetowej<\/td>\n<td style=\"width: 50.7879%;height: 22px\">www.pb.edu.pl<\/td>\n<\/tr>\n<tr style=\"height: 22px\">\n<td style=\"width: 49.0909%;height: 22px\">Adres siedziby<\/td>\n<td style=\"width: 50.7879%;height: 22px\">ul. Wiejska 45A; 15-351 Bia\u0142ystok<\/td>\n<\/tr>\n<tr style=\"height: 22px\">\n<td style=\"width: 49.0909%;height: 22px\">PKD g\u0142\u00f3wnej dzia\u0142alno\u015bci Jednostki<\/td>\n<td style=\"width: 50.7879%;height: 22px\">85.42.Z Szko\u0142y wy\u017csze<\/td>\n<\/tr>\n<tr style=\"height: 22px\">\n<td style=\"width: 49.0909%;height: 22px\">Forma prawna<\/td>\n<td style=\"width: 50.7879%;height: 22px\">uczelnie<\/td>\n<\/tr>\n<tr style=\"height: 22px\">\n<td style=\"width: 49.0909%;height: 22px\">Forma w\u0142asno\u015bci<\/td>\n<td style=\"width: 50.7879%;height: 22px\">Pa\u0144stwowe osoby prawne<\/td>\n<\/tr>\n<tr style=\"height: 22px\">\n<td style=\"width: 49.0909%;height: 22px\">Status przedsi\u0119biorcy<\/td>\n<td style=\"width: 50.7879%;height: 22px\">nie dotyczy<\/td>\n<\/tr>\n<tr style=\"height: 43px\">\n<td style=\"width: 49.0909%;height: 43px\">Czy podmiot stanowi jednostk\u0119 zaliczan\u0105 do sektora finans\u00f3w publicznych?<\/td>\n<td style=\"width: 50.7879%;height: 43px\">tak<\/td>\n<\/tr>\n<tr style=\"height: 43px\">\n<td style=\"width: 49.0909%;height: 43px\">Klasyfikacja podmiotu zgodnie z ustaw\u0105 o finansach publicznych<\/td>\n<td style=\"width: 50.7879%;height: 43px\">Uczelnie publiczne<\/td>\n<\/tr>\n<tr style=\"height: 64px\">\n<td style=\"width: 49.0909%;height: 64px\">Czy podmiot pozostaje pod zarz\u0105dem komisarycznym lub znajduje si\u0119 w toku likwidacji b\u0105d\u017a post\u0119powania upad\u0142o\u015bciowego?<\/td>\n<td style=\"width: 50.7879%;height: 64px\">nie<\/td>\n<\/tr>\n<tr style=\"height: 43px\">\n<td style=\"width: 49.0909%;height: 43px\">Czy podmiot otrzymuje subwencj\u0119 na prowadzenie dzia\u0142alno\u015bci naukowej?<\/td>\n<td style=\"width: 50.7879%;height: 43px\">tak<\/td>\n<\/tr>\n<tr style=\"height: 22px\">\n<td style=\"width: 99.8788%;height: 22px\" colspan=\"2\"><strong>Osoba uprawniona do reprezentacji<\/strong><\/td>\n<\/tr>\n<tr style=\"height: 22px\">\n<td style=\"width: 49.0909%;height: 22px\">Tytu\u0142<\/td>\n<td style=\"width: 50.7879%;height: 22px\">dr hab. in\u017c. Prof. PB<\/td>\n<\/tr>\n<tr style=\"height: 22px\">\n<td style=\"width: 49.0909%;height: 22px\">Imi\u0119 i nazwisko<\/td>\n<td style=\"width: 50.7879%;height: 22px\">Miros\u0142aw \u015awiercz<\/td>\n<\/tr>\n<tr style=\"height: 22px\">\n<td style=\"width: 49.0909%;height: 22px\">Stanowisko \/ Funkcja<\/td>\n<td style=\"width: 50.7879%;height: 22px\">Prorektor ds. Rozwoju<\/td>\n<\/tr>\n<tr style=\"height: 22px\">\n<td style=\"width: 49.0909%;height: 22px\">E-mail<\/td>\n<td style=\"width: 50.7879%;height: 22px\">prorektor.rozwoj@pb.edu.pl<\/td>\n<\/tr>\n<tr style=\"height: 22px\">\n<td style=\"width: 49.0909%;height: 22px\">Numer telefonu s\u0142u\u017cbowego<\/td>\n<td style=\"width: 50.7879%;height: 22px\">85 746 91 14<\/td>\n<\/tr>\n<tr style=\"height: 22px\">\n<td style=\"width: 49.0909%;height: 22px\" colspan=\"2\"><strong>Opisy Uczelni<\/strong><\/td>\n<\/tr>\n<tr style=\"height: 22px\">\n<td style=\"width: 49.0909%;height: 22px\">W j. polskim do dostosowania na potrzeby konkursu<\/td>\n<td style=\"width: 50.7879%;height: 22px\"><a class=\"docx\" title=\"Strona otworzy si\u0119 w nowym oknie.\" href=\"https:\/\/pb.edu.pl\/brpm\/wp-content\/uploads\/sites\/6\/2023\/04\/Opis-PB-1000-znakow.docx\">Opis PB 1000 znak\u00f3w (docx, wersja dost\u0119pna cyfrowo, 22 KB)<\/a><\/p>\n<p><a class=\"docx\" title=\"Strona otworzy si\u0119 w nowym oknie.\" href=\"https:\/\/pb.edu.pl\/brpm\/wp-content\/uploads\/sites\/6\/2023\/04\/opis-PB-projektowy-1000-znakow.docx\">opis PB projektowy 1000 znak\u00f3w (docx, wersja dost\u0119pna cyfrowo, 23 KB)<\/a><\/p>\n<p><a class=\"docx\" title=\"Strona otworzy si\u0119 w nowym oknie.\" href=\"https:\/\/pb.edu.pl\/brpm\/wp-content\/uploads\/sites\/6\/2023\/04\/opis-PB-pelny-projektowy.docx\">opis PB pe\u0142ny projektowy (docx, wersja dost\u0119pna cyfrowo, 23 KB)<\/a><\/p>\n<p><a class=\"docx\" title=\"Strona otworzy si\u0119 w nowym oknie.\" href=\"https:\/\/pb.edu.pl\/brpm\/wp-content\/uploads\/sites\/6\/2023\/04\/opis-PB-pelny-projektowy-badawczy.docx\">opis PB pe\u0142ny projektowy badawczy (docx, wersja dost\u0119pna cyfrowo, 22 KB)<\/a><\/td>\n<\/tr>\n<\/tbody>\n<\/table>\n","protected":false},"excerpt":{"rendered":"<p>Dane podstawowe jednostki Nazwa (pe\u0142na) Politechnika Bia\u0142ostocka Nazwa (skr\u00f3cona) PB Nazwa w j\u0119zyku angielskim Bialystok<\/p>\n","protected":false},"author":33,"featured_media":0,"parent":1661,"menu_order":0,"comment_status":"closed","ping_status":"closed","template":"","meta":{"_acf_changed":false,"ngg_post_thumbnail":0,"footnotes":""},"class_list":["post-1684","page","type-page","status-publish","hentry"],"acf":[],"_links":{"self":[{"href":"https:\/\/pb.edu.pl\/brpm\/wp-json\/wp\/v2\/pages\/1684","targetHints":{"allow":["GET"]}}],"collection":[{"href":"https:\/\/pb.edu.pl\/brpm\/wp-json\/wp\/v2\/pages"}],"about":[{"href":"https:\/\/pb.edu.pl\/brpm\/wp-json\/wp\/v2\/types\/page"}],"author":[{"embeddable":true,"href":"https:\/\/pb.edu.pl\/brpm\/wp-json\/wp\/v2\/users\/33"}],"replies":[{"embeddable":true,"href":"https:\/\/pb.edu.pl\/brpm\/wp-json\/wp\/v2\/comments?post=1684"}],"version-history":[{"count":0,"href":"https:\/\/pb.edu.pl\/brpm\/wp-json\/wp\/v2\/pages\/1684\/revisions"}],"up":[{"embeddable":true,"href":"https:\/\/pb.edu.pl\/brpm\/wp-json\/wp\/v2\/pages\/1661"}],"wp:attachment":[{"href":"https:\/\/pb.edu.pl\/brpm\/wp-json\/wp\/v2\/media?parent=1684"}],"curies":[{"name":"wp","href":"https:\/\/api.w.org\/{rel}","templated":true}]}}