{"id":1675,"date":"2022-11-20T12:39:49","date_gmt":"2022-11-20T11:39:49","guid":{"rendered":"https:\/\/pb.edu.pl\/brpm\/?page_id=1675"},"modified":"2025-04-18T21:35:48","modified_gmt":"2025-04-18T19:35:48","slug":"ogolne-zasady-przygotowywania-wnioskow","status":"publish","type":"page","link":"https:\/\/pb.edu.pl\/brpm\/biuro-ds-rozwoju-programow-miedzynarodowych\/dla-wnioskujacych\/ogolne-zasady-przygotowywania-wnioskow\/","title":{"rendered":"Og\u00f3lne zasady przygotowywania wniosk\u00f3w"},"content":{"rendered":"<p>Drodzy Pa\u0144stwo,<\/p>\n<p>Serdecznie zapraszamy do zapoznania si\u0119 z zasadami oraz trybem post\u0119powania na etapie przygotowania i realizacji projekt\u00f3w finansowanych z funduszy strukturalnych, program\u00f3w Komisji Europejskiej, krajowych i zagranicznych program\u00f3w badawczych, badawczo-rozwojowych, edukacyjnych, inwestycyjnych obs\u0142ugiwanych przez Biuro ds. Rozwoju i Program\u00f3w Mi\u0119dzynarodowych Politechniki Bia\u0142ostockiej (BRiPM).<\/p>\n<p>Wed\u0142ug wymog\u00f3w formalnych na naszej uczelni niezb\u0119dne jest uzyskanie zgody na z\u0142o\u017cenie wniosku o dofinansowanie projekt najp\u00f3\u017aniej na 7 dni przed terminem zamkni\u0119cia konkursu. Serdecznie prosimy o pobranie i wype\u0142nienie formularza zg\u0142oszenia projektu. Orygina\u0142 nale\u017cy dostarczy\u0107 do BRiPM pok\u00f3j 17B bud. Rektoratu.<\/p>\n<p><a title=\"pobierz plik\" class=\"docx\" href=\"https:\/\/pb.edu.pl\/brpm\/wp-content\/uploads\/sites\/6\/2024\/02\/Formularz-Zgloszenia-Projektu-Zarz-117_2023.docx\" data-id=\"2311\" >Formularz Zg\u0142oszenia Projektu <span>(DOCX, 24 KB)<\/span><\/a> &#8211; Za\u0142\u0105cznik nr 1 do Zarz\u0105dzenia nr 117\/2023 Rektora PB.<\/p>\n<p>Ponadto, projekty wymagaj\u0105 uzyskania informacji o kwalifikowalno\u015bci podatku VAT. Uzupe\u0142niony dokument nale\u017cy dostarczy\u0107 wraz z Formularzem zg\u0142oszenia projektu do BRiPM &#8211; opinia o kwalifikowalno\u015bci podatku VAT (w zale\u017cno\u015bci od rodzaju projektu):<\/p>\n<p><a title=\"Strona otworzy si\u0119 w nowym oknie.\" href=\"https:\/\/pb.edu.pl\/brpm\/wp-content\/uploads\/sites\/6\/2022\/11\/Ankieta-sporzadzona-na-potrzeby-oceny-kwalifikowalnosci-podatku-VAT-w-projektach-B-R-finansowanych-ze-srodkow-krajowych-i.docx\" target=\"_blank\" rel=\"noopener\">Ankieta VAT w projektach badawczych B+R<\/a><\/p>\n<p><a title=\"Strona otworzy si\u0119 w nowym oknie.\" href=\"https:\/\/pb.edu.pl\/brpm\/wp-content\/uploads\/sites\/6\/2022\/11\/Ankieta-na-potrzeby-oceny-kwalifikowalnosci-podatku-VAT-w-projektach-finansowanych-ze-zrodel-zewnetrznych-w-tym-srodkow-e.docx\" target=\"_blank\" rel=\"noopener\">Ankieta VAT projekty dydaktyczne, inwestycyjne<\/a><\/p>\n<div class=\"h3\">Dokumenty i zasady reguluj\u0105ce kwestie finansowe obowi\u0105zuj\u0105ce na PB, u\u0142atwiaj\u0105ce pisanie projektu:<\/div>\n<p><a href=\"https:\/\/bip.pb.edu.pl\/index.php?event=informacja&#038;id=20953\">Zasady realizacji projekt\u00f3w na PB<\/a> \u2013 od 13.12.2023 r.<\/p>\n<p><a href=\"https:\/\/bip.pb.edu.pl\/index.php?event=informacja&#038;id=20625\">Regulacje dotycz\u0105ce \u015brodk\u00f3w trwa\u0142ych<\/a> \u2013 od 24.08.2023 r.<\/p>\n<p><a href=\"https:\/\/bip.pb.edu.pl\/index.php?event=informacja&#038;id=20719\">Podzia\u0142 koszt\u00f3w po\u015brednich<\/a> \u2013 od 22.09.2023 r.<\/p>\n<p><a href=\"https:\/\/bip.pb.edu.pl\/index.php?event=informacja&#038;id=22100\">Podr\u00f3\u017ce s\u0142u\u017cbowe na PB<\/a> \u2013 od 15.10.2024 r.<\/p>\n<p><a href=\"https:\/\/bip.pb.edu.pl\/index.php?event=informacja&#038;id=21683\">Polecenie wyjazdu<\/a> \u2013 od 15.10.2024 r.<\/p>\n","protected":false},"excerpt":{"rendered":"<p>Drodzy Pa\u0144stwo, Serdecznie zapraszamy do zapoznania si\u0119 z zasadami oraz trybem post\u0119powania na etapie przygotowania<\/p>\n","protected":false},"author":147,"featured_media":0,"parent":1661,"menu_order":0,"comment_status":"closed","ping_status":"closed","template":"","meta":{"_acf_changed":false,"ngg_post_thumbnail":0,"footnotes":""},"class_list":["post-1675","page","type-page","status-publish","hentry"],"acf":[],"_links":{"self":[{"href":"https:\/\/pb.edu.pl\/brpm\/wp-json\/wp\/v2\/pages\/1675","targetHints":{"allow":["GET"]}}],"collection":[{"href":"https:\/\/pb.edu.pl\/brpm\/wp-json\/wp\/v2\/pages"}],"about":[{"href":"https:\/\/pb.edu.pl\/brpm\/wp-json\/wp\/v2\/types\/page"}],"author":[{"embeddable":true,"href":"https:\/\/pb.edu.pl\/brpm\/wp-json\/wp\/v2\/users\/147"}],"replies":[{"embeddable":true,"href":"https:\/\/pb.edu.pl\/brpm\/wp-json\/wp\/v2\/comments?post=1675"}],"version-history":[{"count":0,"href":"https:\/\/pb.edu.pl\/brpm\/wp-json\/wp\/v2\/pages\/1675\/revisions"}],"up":[{"embeddable":true,"href":"https:\/\/pb.edu.pl\/brpm\/wp-json\/wp\/v2\/pages\/1661"}],"wp:attachment":[{"href":"https:\/\/pb.edu.pl\/brpm\/wp-json\/wp\/v2\/media?parent=1675"}],"curies":[{"name":"wp","href":"https:\/\/api.w.org\/{rel}","templated":true}]}}