{"id":1650,"date":"2022-10-24T12:40:59","date_gmt":"2022-10-24T10:40:59","guid":{"rendered":"https:\/\/pb.edu.pl\/brpm\/?page_id=1650"},"modified":"2024-09-07T22:20:05","modified_gmt":"2024-09-07T20:20:05","slug":"technika-pomiarowa","status":"publish","type":"page","link":"https:\/\/pb.edu.pl\/brpm\/projekty-pb\/programy-krajowe\/projekty-zrealizowane\/technika-pomiarowa\/","title":{"rendered":"Innowacyjna technika pomiarowa wspomagana algorytmami cyfrowego przetwarzania danych na rzecz ulepszonych proces\u00f3w i produkt\u00f3w"},"content":{"rendered":"<p><img loading=\"lazy\" decoding=\"async\" class=\"aligncenter wp-image-1604\" src=\"https:\/\/pb.edu.pl\/brpm\/wp-content\/uploads\/sites\/6\/2022\/10\/mein_polska_metrologia_logo-1024x321.jpg\" alt=\"\" width=\"300\" height=\"94\" srcset=\"https:\/\/pb.edu.pl\/brpm\/wp-content\/uploads\/sites\/6\/2022\/10\/mein_polska_metrologia_logo-1024x321.jpg 1024w, https:\/\/pb.edu.pl\/brpm\/wp-content\/uploads\/sites\/6\/2022\/10\/mein_polska_metrologia_logo-300x94.jpg 300w, https:\/\/pb.edu.pl\/brpm\/wp-content\/uploads\/sites\/6\/2022\/10\/mein_polska_metrologia_logo-768x240.jpg 768w, https:\/\/pb.edu.pl\/brpm\/wp-content\/uploads\/sites\/6\/2022\/10\/mein_polska_metrologia_logo-1536x481.jpg 1536w, https:\/\/pb.edu.pl\/brpm\/wp-content\/uploads\/sites\/6\/2022\/10\/mein_polska_metrologia_logo-2048x641.jpg 2048w\" sizes=\"auto, (max-width: 300px) 100vw, 300px\" \/><\/p>\n<h2>Projekt &#8222;Innowacyjna technika pomiarowa wspomagana algorytmami cyfrowego przetwarzania danych na rzecz ulepszonych proces\u00f3w i produkt\u00f3w&#8221; jest finansowany ze \u015brodk\u00f3w Ministerstwa Edukacji i Nauki na podstawie umowy nr PM\/SP\/0063\/2021\/1 z dnia 14.07.2022 w ramach programu Polska Metrologia.<\/h2>\n<p><strong>Celem projektu jest<\/strong>&nbsp;jest prowadzenie prac naukowo-technicznych wspieraj\u0105cych rozw\u00f3j podstawowej metrologii naukowej stanowi\u0105cej baz\u0119 dalszych etap\u00f3w, w tym bada\u0144 i rozwoju w dziedzinie metrologii stosowanej oraz us\u0142ug zwi\u0105zanych z metrologi\u0105. Jego podstaw\u0105 s\u0105 badania metrologiczne s\u0142u\u017c\u0105ce dostarczeniu innowacyjnych rozwi\u0105za\u0144 w zakresie wyzwa\u0144 naukowych i gospodarczych zidentyfikowanych w krajowych i unijnych dokumentach strategicznych. Mi\u0119dzy innymi poprzez dzia\u0142ania w zakresie rozwoju kompetencji kadry B+R, budowaniazdolno\u015bci w dziedzinie metrologii prowadzonych na r\u00f3\u017cnych poziomach technologicznych i aplikacyjnych, bazuj\u0105cych na komplementarno\u015bci kompetencji i zasob\u00f3w sprz\u0119towych partner\u00f3w projektu oraz GUM. Celem prac przewidzianych do realizacji w ramach projektu jest rozw\u00f3j w tematyce metrologicznej, ukierunkowany na innowacyjno\u015b\u0107 i jej transfer w formie nowych technologii do sektora przemys\u0142owego.<\/p>\n<p>Zadanie PB. \u201eRozw\u00f3j aplikacyjnych technik pomiarowych na rzecz ulepszonych proces\u00f3w i produkt\u00f3w \u2013 opracowanie nowej, efektywnej metody pomiaru i poprawy dok\u0142adno\u015bci powierzchni swobodnego kszta\u0142tu\u201d.<\/p>\n<p>Koncepcja nowej metody pomiaru wychodzi naprzeciw za\u0142o\u017ceniom przemys\u0142u 4.0 \u2013 szybkiemu podejmowaniu decyzji o jako\u015bci produktu na podstawie uzyskanych danych pomiarowych przy maksymalnym wykorzystaniu techniki cyfrowej, i dotyczy pomiar\u00f3w wsp\u00f3\u0142rz\u0119dno\u015bciowych powierzchni swobodnego kszta\u0142tu po frezowaniu.&nbsp;<\/p>\n<p>Metoda zapewni skr\u00f3cenie czasu pomiaru (zmniejszenie liczby punkt\u00f3w pomiarowych) i zwi\u0119kszenie prawdopodobie\u0144stwa wykrywania punkt\u00f3w krytycznych decyduj\u0105cych o wyniku oceny dok\u0142adno\u015bci oraz dostarczy danych do poprawy procesu obr\u00f3bkowego, a tym samym poprawy jako\u015bci produktu.<\/p>\n<p><strong>W trakcie realizacji projektu planowane jest:<\/strong><\/p>\n<ol>\n<li>Opracowanie modelu zale\u017cno\u015bci warto\u015bci odchy\u0142ek powierzchni rzeczywistej od warunk\u00f3w obr\u00f3bki oraz cech geometrycznych powierzchni nominalnej.<\/li>\n<li>Opracowanie algorytmu korelacji liczby i rozmieszczenia punkt\u00f3w pomiarowych z rozk\u0142adem warto\u015bci odchy\u0142ek symulowanych numerycznie.<\/li>\n<li>Implementacja algorytmu w \u015brodowisku CAD oraz w oprogramowaniu steruj\u0105cym prac\u0105 wsp\u00f3\u0142rz\u0119dno\u015bciowej maszyny pomiarowej.<\/li>\n<li>Optymalizacja strategii pr\u00f3bkowania w odniesieniu do wymaga\u0144 GPS i niepewno\u015bci pomiaru.<\/li>\n<li>Weryfikacja do\u015bwiadczalna opracowanej metodyki na powierzchniach wykalibrowanych w GUM.<\/li>\n<li>Zastosowanie opracowanej strategii pomiaru w procesie poprawy jako\u015bci produktu, do wyznaczenia poprawek koryguj\u0105cych b\u0142\u0119dy wytwarzania, modyfikacj\u0119 modelu CAD produktu oraz wygenerowanie programu steruj\u0105cego obr\u00f3bk\u0105.<\/li>\n<\/ol>\n<p>Efektywno\u015b\u0107 metody zostanie zweryfikowana na przyk\u0142adzie oceny dok\u0142adno\u015bci i poprawy jako\u015bci powierzchni zamykaj\u0105cych i powierzchni formuj\u0105cych form wtryskowych.<\/p>\n<p><strong>Rezultaty projektu<\/strong><br \/>\nW ramach projektu zostanie opracowana efektywna strategia pr\u00f3bkowania powierzchni swobodnego kszta\u0142tu umo\u017cliwiaj\u0105ca dob\u00f3r optymalnej liczby i rozmieszczenia punkt\u00f3w pomiarowych na modelu nominalnym CAD na etapie projektowania produktu. Nowe rozwi\u0105zanie znajdzie zastosowanie w ocenie i poprawie dok\u0142adno\u015bci powierzchni po frezowaniu.<\/p>\n<p><strong>Okres realizacji:<\/strong> 14.07.2022-14.07.2024<\/p>\n<p><strong>Dofinansowanie:<\/strong> 999 851,60 z\u0142<\/p>\n<p><strong>Koordynator projektu:<\/strong> dr hab. in\u017c. Ma\u0142gorzata Poniatowska, prof. PB.<\/p>\n","protected":false},"excerpt":{"rendered":"<p>Projekt &#8222;Innowacyjna technika pomiarowa wspomagana algorytmami cyfrowego przetwarzania danych na rzecz ulepszonych proces\u00f3w i produkt\u00f3w&#8221;<\/p>\n","protected":false},"author":33,"featured_media":0,"parent":1575,"menu_order":0,"comment_status":"closed","ping_status":"closed","template":"","meta":{"_acf_changed":false,"ngg_post_thumbnail":0,"footnotes":""},"class_list":["post-1650","page","type-page","status-publish","hentry"],"acf":[],"_links":{"self":[{"href":"https:\/\/pb.edu.pl\/brpm\/wp-json\/wp\/v2\/pages\/1650","targetHints":{"allow":["GET"]}}],"collection":[{"href":"https:\/\/pb.edu.pl\/brpm\/wp-json\/wp\/v2\/pages"}],"about":[{"href":"https:\/\/pb.edu.pl\/brpm\/wp-json\/wp\/v2\/types\/page"}],"author":[{"embeddable":true,"href":"https:\/\/pb.edu.pl\/brpm\/wp-json\/wp\/v2\/users\/33"}],"replies":[{"embeddable":true,"href":"https:\/\/pb.edu.pl\/brpm\/wp-json\/wp\/v2\/comments?post=1650"}],"version-history":[{"count":0,"href":"https:\/\/pb.edu.pl\/brpm\/wp-json\/wp\/v2\/pages\/1650\/revisions"}],"up":[{"embeddable":true,"href":"https:\/\/pb.edu.pl\/brpm\/wp-json\/wp\/v2\/pages\/1575"}],"wp:attachment":[{"href":"https:\/\/pb.edu.pl\/brpm\/wp-json\/wp\/v2\/media?parent=1650"}],"curies":[{"name":"wp","href":"https:\/\/api.w.org\/{rel}","templated":true}]}}