{"id":1641,"date":"2022-10-17T14:57:25","date_gmt":"2022-10-17T12:57:25","guid":{"rendered":"https:\/\/pb.edu.pl\/brpm\/?page_id=1641"},"modified":"2024-09-07T22:06:44","modified_gmt":"2024-09-07T20:06:44","slug":"ginco","status":"publish","type":"page","link":"https:\/\/pb.edu.pl\/brpm\/projekty-pb\/programy-krajowe\/projekty-zrealizowane\/ginco\/","title":{"rendered":"GINCO"},"content":{"rendered":"<p><img loading=\"lazy\" decoding=\"async\" class=\"alignnone size-full wp-image-1642\" src=\"https:\/\/pb.edu.pl\/brpm\/wp-content\/uploads\/sites\/6\/2022\/10\/logo-cornet-1600\u00d7160.png\" alt=\"\" width=\"1600\" height=\"160\" srcset=\"https:\/\/pb.edu.pl\/brpm\/wp-content\/uploads\/sites\/6\/2022\/10\/logo-cornet-1600\u00d7160.png 1600w, https:\/\/pb.edu.pl\/brpm\/wp-content\/uploads\/sites\/6\/2022\/10\/logo-cornet-1600\u00d7160-300x30.png 300w, https:\/\/pb.edu.pl\/brpm\/wp-content\/uploads\/sites\/6\/2022\/10\/logo-cornet-1600\u00d7160-1024x102.png 1024w, https:\/\/pb.edu.pl\/brpm\/wp-content\/uploads\/sites\/6\/2022\/10\/logo-cornet-1600\u00d7160-768x77.png 768w, https:\/\/pb.edu.pl\/brpm\/wp-content\/uploads\/sites\/6\/2022\/10\/logo-cornet-1600\u00d7160-1536x154.png 1536w\" sizes=\"auto, (max-width: 1600px) 100vw, 1600px\" \/><\/p>\n<h2><strong>Projekt Advanced Glass Interposer with Carbon Copper Composite Metallization (GINCO) <\/strong>\u2013 projekt realizowany w ramach Inicjatywy CORNET, finansowany przez Narodowe Centrum Bada\u0144 i Rozwoju (na podstawie umowy CORNET\/32\/94\/GINCO\/2022 z dn. 15.09.2022 r.)<\/h2>\n<p>G\u0142\u00f3wnym celem projektu jest opracowanie materia\u0142u kompozytowego obejmuj\u0105cego warstw\u0119 Cu\/C na szklanym pod\u0142o\u017cu pozwalaj\u0105cego na zast\u0105pienie dotychczas stosowanego pod\u0142o\u017ca krzemowego w interfejsie elektrycznym.<\/p>\n<p>Wsp\u00f3\u0142czesne urz\u0105dzenia elektroniczne wykorzystuj\u0105 uk\u0142ady scalone. Poszczeg\u00f3lne elementy logiczne (np. rdzenie przetwarzaj\u0105ce, pami\u0119\u0107, czujniki) s\u0105 najcz\u0119\u015bciej zgrupowane w tzw. <em>interposerze<\/em>, czyli interfejsie elektrycznym stanowi\u0105cym po\u0142\u0105czenie pomi\u0119dzy gniazdami i drukowan\u0105 p\u0142ytk\u0105. Poza tym interfejs elektryczny odpowiada tak\u017ce za rozprowadzanie ciep\u0142a powsta\u0142ego w obwodach mikroelektronicznych. Obecna technologia wytwarzania interfejsu elektrycznego jako cienkiej, monokrystalicznej p\u0142ytki krzemowej z miedzianymi po\u0142\u0105czeniami przelotowymi jest skomplikowana i droga.<\/p>\n<p>W ramach projektu planowane jest wytworzenie testowej konstrukcji pozwalaj\u0105cej na eksperymentalne potwierdzenie przyj\u0119tej koncepcji. Zak\u0142ada si\u0119, \u017ce zaproponowane rozwi\u0105zanie pozwoli uzyska\u0107 wy\u017csz\u0105 wydajno\u015b\u0107 odprowadzania ciep\u0142a i obni\u017cy\u0107 koszty wytwarzanie interfejs\u00f3w elektrycznych.<\/p>\n<p>Oczekuje si\u0119, \u017ce innowacyjnym produktem zainteresowana b\u0119dzie przede wszystkim bran\u017ca elektroniczna (produkcja komputer\u00f3w, sprz\u0119tu i urz\u0105dze\u0144 radiowych, telewizyjnych i telekomunikacyjnych), a tak\u017ce aparatury rozdzielczej i kontrolnej energii elektrycznej (instrument\u00f3w i przyrz\u0105d\u00f3w pomiarowych, kontrolnych i badawczych). Nie wyklucza si\u0119 tak\u017ce zainteresowania innych ga\u0142\u0119zi przemys\u0142u wykorzystuj\u0105cych urz\u0105dzenia elektroniczne, np. motoryzacyjny i lotniczy.<\/p>\n<h4>Projekt jest realizowany przez konsorcjum naukowo \u2013 przemys\u0142owe w sk\u0142adzie:<\/h4>\n<ul>\n<li>Hahn-Schickard-Gesellschaft f\u00fcr angewandte Forschung e.V. (lider konsorcjum),<\/li>\n<li>Centrum Promocji Innowacji i Rozwoju, koordynator Klastra Obr\u00f3bki Metali<\/li>\n<li>Fraunhofer Institute for Ceramic Technologies and Systems<\/li>\n<li>Hahn-Schickard, Institut f\u00fcr Mikro- und Informations-technik<\/li>\n<li>Politechnika Bia\u0142ostocka<\/li>\n<\/ul>\n<h4><strong>Okres realizacji:<\/strong> 01\/09\/2022-31\/08\/2024<\/h4>\n<h4><strong>Bud\u017cet projektu:<\/strong> \u20ac 1 173 708.00,(w tym PB: \u20ac 193 336.21 \u2013 tj. 873 725 z\u0142)<\/h4>\n","protected":false},"excerpt":{"rendered":"<p>Projekt Advanced Glass Interposer with Carbon Copper Composite Metallization (GINCO) \u2013 projekt realizowany w ramach<\/p>\n","protected":false},"author":33,"featured_media":0,"parent":1575,"menu_order":0,"comment_status":"closed","ping_status":"closed","template":"","meta":{"_acf_changed":false,"ngg_post_thumbnail":0,"footnotes":""},"class_list":["post-1641","page","type-page","status-publish","hentry"],"acf":[],"_links":{"self":[{"href":"https:\/\/pb.edu.pl\/brpm\/wp-json\/wp\/v2\/pages\/1641","targetHints":{"allow":["GET"]}}],"collection":[{"href":"https:\/\/pb.edu.pl\/brpm\/wp-json\/wp\/v2\/pages"}],"about":[{"href":"https:\/\/pb.edu.pl\/brpm\/wp-json\/wp\/v2\/types\/page"}],"author":[{"embeddable":true,"href":"https:\/\/pb.edu.pl\/brpm\/wp-json\/wp\/v2\/users\/33"}],"replies":[{"embeddable":true,"href":"https:\/\/pb.edu.pl\/brpm\/wp-json\/wp\/v2\/comments?post=1641"}],"version-history":[{"count":0,"href":"https:\/\/pb.edu.pl\/brpm\/wp-json\/wp\/v2\/pages\/1641\/revisions"}],"up":[{"embeddable":true,"href":"https:\/\/pb.edu.pl\/brpm\/wp-json\/wp\/v2\/pages\/1575"}],"wp:attachment":[{"href":"https:\/\/pb.edu.pl\/brpm\/wp-json\/wp\/v2\/media?parent=1641"}],"curies":[{"name":"wp","href":"https:\/\/api.w.org\/{rel}","templated":true}]}}