{"id":1638,"date":"2022-10-17T09:53:57","date_gmt":"2022-10-17T07:53:57","guid":{"rendered":"https:\/\/pb.edu.pl\/brpm\/?page_id=1638"},"modified":"2024-09-07T22:17:17","modified_gmt":"2024-09-07T20:17:17","slug":"science-kultura","status":"publish","type":"page","link":"https:\/\/pb.edu.pl\/brpm\/projekty-pb\/programy-krajowe\/projekty-zrealizowane\/science-kultura\/","title":{"rendered":"SCIENCE-KULTURA"},"content":{"rendered":"<h2><img loading=\"lazy\" decoding=\"async\" class=\"aligncenter wp-image-1179\" src=\"https:\/\/pb.edu.pl\/brpm\/wp-content\/uploads\/sites\/6\/2021\/01\/znaki_strona_www-1024x341.png\" alt=\"Flaga Republiki Polski oraz God\u0142o Polski\" width=\"300\" height=\"100\" srcset=\"https:\/\/pb.edu.pl\/brpm\/wp-content\/uploads\/sites\/6\/2021\/01\/znaki_strona_www-1024x341.png 1024w, https:\/\/pb.edu.pl\/brpm\/wp-content\/uploads\/sites\/6\/2021\/01\/znaki_strona_www-300x100.png 300w, https:\/\/pb.edu.pl\/brpm\/wp-content\/uploads\/sites\/6\/2021\/01\/znaki_strona_www-768x256.png 768w, https:\/\/pb.edu.pl\/brpm\/wp-content\/uploads\/sites\/6\/2021\/01\/znaki_strona_www-1536x511.png 1536w, https:\/\/pb.edu.pl\/brpm\/wp-content\/uploads\/sites\/6\/2021\/01\/znaki_strona_www.png 1751w\" sizes=\"auto, (max-width: 300px) 100vw, 300px\" \/><\/h2>\n<h2>Projekt ,,SCIENCE-KULTURA\u201d finansowany przez Ministerstwo Edukacji i Nauki w ramach programu ,,Spo\u0142eczna odpowiedzialno\u015b\u0107 nauki\u201d, modu\u0142 Popularyzacja nauki i promocja sportu<\/h2>\n<p>Projekt ma na celu popularyzacj\u0119 osi\u0105gni\u0119\u0107 naukowych i pracy naukowc\u00f3w oraz prac rozwojowych, promocj\u0119 nauki w przyst\u0119pny, atrakcyjny dla uczestnik\u00f3w i nowoczesny spos\u00f3b. Dodatkowo projekt ma na celu organizacj\u0119 przedsi\u0119wzi\u0119\u0107 promuj\u0105cych i wspieraj\u0105cych sport akademicki. Wszystkie dzia\u0142ania maj\u0105 na celu nie tylko organizacj\u0119 wydarze\u0144 w okresie realizacji projektu, ale utrwalenie tych dzia\u0142a\u0144, wypracowanie metodologii i utrwalenie w tradycji akademickiej Politechniki Bia\u0142ostockiej z mo\u017cliwo\u015bci\u0105 przekazania zdobytych do\u015bwiadcze\u0144 do innych o\u015brodk\u00f3w.<\/p>\n<p><strong>Bud\u017cet projektu:<\/strong> 183&nbsp;230,00 z\u0142<\/p>\n<p><strong>Termin realizacji:<\/strong> 01.11.2022 \u2013 30.06.2024<\/p>\n","protected":false},"excerpt":{"rendered":"<p>Projekt ,,SCIENCE-KULTURA\u201d finansowany przez Ministerstwo Edukacji i Nauki w ramach programu ,,Spo\u0142eczna odpowiedzialno\u015b\u0107 nauki\u201d, modu\u0142<\/p>\n","protected":false},"author":33,"featured_media":0,"parent":1575,"menu_order":0,"comment_status":"closed","ping_status":"closed","template":"","meta":{"_acf_changed":false,"ngg_post_thumbnail":0,"footnotes":""},"class_list":["post-1638","page","type-page","status-publish","hentry"],"acf":[],"_links":{"self":[{"href":"https:\/\/pb.edu.pl\/brpm\/wp-json\/wp\/v2\/pages\/1638","targetHints":{"allow":["GET"]}}],"collection":[{"href":"https:\/\/pb.edu.pl\/brpm\/wp-json\/wp\/v2\/pages"}],"about":[{"href":"https:\/\/pb.edu.pl\/brpm\/wp-json\/wp\/v2\/types\/page"}],"author":[{"embeddable":true,"href":"https:\/\/pb.edu.pl\/brpm\/wp-json\/wp\/v2\/users\/33"}],"replies":[{"embeddable":true,"href":"https:\/\/pb.edu.pl\/brpm\/wp-json\/wp\/v2\/comments?post=1638"}],"version-history":[{"count":0,"href":"https:\/\/pb.edu.pl\/brpm\/wp-json\/wp\/v2\/pages\/1638\/revisions"}],"up":[{"embeddable":true,"href":"https:\/\/pb.edu.pl\/brpm\/wp-json\/wp\/v2\/pages\/1575"}],"wp:attachment":[{"href":"https:\/\/pb.edu.pl\/brpm\/wp-json\/wp\/v2\/media?parent=1638"}],"curies":[{"name":"wp","href":"https:\/\/api.w.org\/{rel}","templated":true}]}}