{"id":1602,"date":"2022-10-06T12:59:41","date_gmt":"2022-10-06T10:59:41","guid":{"rendered":"https:\/\/pb.edu.pl\/brpm\/?page_id=1602"},"modified":"2024-09-07T22:13:52","modified_gmt":"2024-09-07T20:13:52","slug":"stanowiska-do-wzorcowania","status":"publish","type":"page","link":"https:\/\/pb.edu.pl\/brpm\/projekty-pb\/programy-krajowe\/projekty-zrealizowane\/stanowiska-do-wzorcowania\/","title":{"rendered":"Opracowanie metody i stanowiska do wzorcowania przyrz\u0105d\u00f3w pomiarowych dedykowanych do pomiar\u00f3w rozk\u0142ad\u00f3w luminancji"},"content":{"rendered":"<p><img loading=\"lazy\" decoding=\"async\" class=\"wp-image-1604 size-large aligncenter\" src=\"https:\/\/pb.edu.pl\/brpm\/wp-content\/uploads\/sites\/6\/2022\/10\/mein_polska_metrologia_logo-1024x321.jpg\" alt=\"\" width=\"1024\" height=\"321\" srcset=\"https:\/\/pb.edu.pl\/brpm\/wp-content\/uploads\/sites\/6\/2022\/10\/mein_polska_metrologia_logo-1024x321.jpg 1024w, https:\/\/pb.edu.pl\/brpm\/wp-content\/uploads\/sites\/6\/2022\/10\/mein_polska_metrologia_logo-300x94.jpg 300w, https:\/\/pb.edu.pl\/brpm\/wp-content\/uploads\/sites\/6\/2022\/10\/mein_polska_metrologia_logo-768x240.jpg 768w, https:\/\/pb.edu.pl\/brpm\/wp-content\/uploads\/sites\/6\/2022\/10\/mein_polska_metrologia_logo-1536x481.jpg 1536w, https:\/\/pb.edu.pl\/brpm\/wp-content\/uploads\/sites\/6\/2022\/10\/mein_polska_metrologia_logo-2048x641.jpg 2048w\" sizes=\"auto, (max-width: 1024px) 100vw, 1024px\" \/><\/p>\n<h2>Projekt &#8222;Opracowanie metody i stanowiska do wzorcowania przyrz\u0105d\u00f3w pomiarowych dedykowanych do pomiar\u00f3w rozk\u0142ad\u00f3w luminancji&#8221; finansowany w ramach programu Polska Metrologia Ministerstwa Edukacji i Nauki.<\/h2>\n<p>Przedmiotem projektu jest przeprowadzenie prac badawczo-rozwojowych s\u0142u\u017c\u0105cych podniesieniu poziomu zdolno\u015bci badawczych, wiedzy technicznej i wzmocnieniu kapita\u0142u intelektualnego pracownik\u00f3w G\u0142\u00f3wnego Urz\u0119du Miar i Okr\u0119gowego Urz\u0119du Miar w Bia\u0142ymstoku poprzez wsp\u00f3\u0142prac\u0119 z konsorcjum uczelni. Realizacja projektu przyczyni si\u0119 do rozwoju fotometrii jako obszaru metrologii, maj\u0105cego zastosowanie w szeregu obszar\u00f3w gospodarki, przy czym nale\u017cy zauwa\u017cy\u0107, \u017ce z uwagi na nowatorski charakter tego typu przyrz\u0105d\u00f3w, ich upowszechnienie dotychczas by\u0142o niewielkie. W ostatnich latach mo\u017cna zauwa\u017cy\u0107 istotny wzrost ich liczby w kraju, tak\u017ce z powodu wprowadzenia na rynek pierwszych przyrz\u0105d\u00f3w tego typu przez krajowego producenta, kt\u00f3ry jako jeden z nielicznych na \u015bwiecie posiada know-how w tym zakresie. Wsparcie w zabezpieczeniu rozwoju unikatowych nowoczesnych technologii i zwi\u0119kszenia konkurencyjno\u015bci polskich przedsi\u0119biorstw stanowi istotne uzasadnienie dla realizacji projektu, kt\u00f3rego celem g\u0142\u00f3wnym jest stworzenie mo\u017cliwo\u015bci realizacji procedury wzorcowania przyrz\u0105d\u00f3w matrycowych s\u0142u\u017c\u0105cych do pomiaru rozk\u0142adu luminancji przez G\u0142\u00f3wny Urz\u0105d Miar lub jego jednostki terenowe.<\/p>\n<h3>Sk\u0142ad konsorcjum:<\/h3>\n<ul>\n<li style=\"font-weight: 400\">Politechnika Bia\u0142ostocka &#8211; Lider projektu<\/li>\n<li style=\"font-weight: 400\">Politechnika Rzeszowska &#8211; Partner<\/li>\n<\/ul>\n<p style=\"font-weight: 400\"><strong>\u0141\u0105czna wysoko\u015b\u0107 wydatk\u00f3w kwalifikowalnych projektu:<\/strong> 978 312,00 z\u0142:<\/p>\n<p style=\"font-weight: 400\"><strong>Dofinansowanie krajowe 100% w kwocie:<\/strong> 978 312,00 z\u0142<\/p>\n","protected":false},"excerpt":{"rendered":"<p>Projekt &#8222;Opracowanie metody i stanowiska do wzorcowania przyrz\u0105d\u00f3w pomiarowych dedykowanych do pomiar\u00f3w rozk\u0142ad\u00f3w luminancji&#8221; finansowany<\/p>\n","protected":false},"author":33,"featured_media":0,"parent":1575,"menu_order":0,"comment_status":"closed","ping_status":"closed","template":"","meta":{"_acf_changed":false,"ngg_post_thumbnail":0,"footnotes":""},"class_list":["post-1602","page","type-page","status-publish","hentry"],"acf":[],"_links":{"self":[{"href":"https:\/\/pb.edu.pl\/brpm\/wp-json\/wp\/v2\/pages\/1602","targetHints":{"allow":["GET"]}}],"collection":[{"href":"https:\/\/pb.edu.pl\/brpm\/wp-json\/wp\/v2\/pages"}],"about":[{"href":"https:\/\/pb.edu.pl\/brpm\/wp-json\/wp\/v2\/types\/page"}],"author":[{"embeddable":true,"href":"https:\/\/pb.edu.pl\/brpm\/wp-json\/wp\/v2\/users\/33"}],"replies":[{"embeddable":true,"href":"https:\/\/pb.edu.pl\/brpm\/wp-json\/wp\/v2\/comments?post=1602"}],"version-history":[{"count":0,"href":"https:\/\/pb.edu.pl\/brpm\/wp-json\/wp\/v2\/pages\/1602\/revisions"}],"up":[{"embeddable":true,"href":"https:\/\/pb.edu.pl\/brpm\/wp-json\/wp\/v2\/pages\/1575"}],"wp:attachment":[{"href":"https:\/\/pb.edu.pl\/brpm\/wp-json\/wp\/v2\/media?parent=1602"}],"curies":[{"name":"wp","href":"https:\/\/api.w.org\/{rel}","templated":true}]}}