{"id":1596,"date":"2022-10-06T12:19:59","date_gmt":"2022-10-06T10:19:59","guid":{"rendered":"https:\/\/pb.edu.pl\/brpm\/?page_id=1596"},"modified":"2026-03-02T14:25:12","modified_gmt":"2026-03-02T13:25:12","slug":"hpk","status":"publish","type":"page","link":"https:\/\/pb.edu.pl\/brpm\/projekty-pb\/programy-krajowe\/projekty-realizowane\/hpk\/","title":{"rendered":"Horyzontalny Punkt Kontaktowy Polska Wschodnia"},"content":{"rendered":"<p><img loading=\"lazy\" decoding=\"async\" class=\"alignnone size-full wp-image-1599\" src=\"https:\/\/pb.edu.pl\/brpm\/wp-content\/uploads\/sites\/6\/2022\/10\/naglowek-HPK-caly-1600\u00d7160.png\" alt=\"\" width=\"1600\" height=\"160\" srcset=\"https:\/\/pb.edu.pl\/brpm\/wp-content\/uploads\/sites\/6\/2022\/10\/naglowek-HPK-caly-1600\u00d7160.png 1600w, https:\/\/pb.edu.pl\/brpm\/wp-content\/uploads\/sites\/6\/2022\/10\/naglowek-HPK-caly-1600\u00d7160-300x30.png 300w, https:\/\/pb.edu.pl\/brpm\/wp-content\/uploads\/sites\/6\/2022\/10\/naglowek-HPK-caly-1600\u00d7160-1024x102.png 1024w, https:\/\/pb.edu.pl\/brpm\/wp-content\/uploads\/sites\/6\/2022\/10\/naglowek-HPK-caly-1600\u00d7160-768x77.png 768w, https:\/\/pb.edu.pl\/brpm\/wp-content\/uploads\/sites\/6\/2022\/10\/naglowek-HPK-caly-1600\u00d7160-1536x154.png 1536w\" sizes=\"auto, (max-width: 1600px) 100vw, 1600px\" \/><\/p>\n<h2>Projekt &#8222;Horyzontalny Punkt Kontaktowy Polska Wschodnia&#8221; finansowany jest ze \u015brodk\u00f3w Narodowego Centrum Bada\u0144 i Rozwoju w ramach naboru na Horyzontalne Punkty Kontaktowe do Programu Ramowego Horyzont Europa.<\/h2>\n<p>Celem HPK Polska Wschodnia jest wspieranie beneficjent\u00f3w i wnioskodawc\u00f3w programu Horyzont Europa w latach 2022-27.<\/p>\n<h3>Dzia\u0142ania do realizacji w ramach HPK Polska Wschodnia:<\/h3>\n<ul>\n<li>Dzia\u0142alno\u015b\u0107 informacyjna i konsultacyjna<\/li>\n<li>Organizacja szkole\u0144 i warsztat\u00f3w<\/li>\n<li>Konsultacje dla podmiot\u00f3w przygotowuj\u0105cych wnioski projektowe<\/li>\n<li>Konsultacje dla podmiot\u00f3w realizuj\u0105cych projekty<\/li>\n<li>Opiniowanie dokument\u00f3w dotycz\u0105cych programu Horyzont Europa<\/li>\n<\/ul>\n<h3>Sk\u0142ad konsorcjum:<\/h3>\n<ul>\n<li>Instytut Agrofizyki im. Bohdana Dobrza\u0144skiego Polskiej Akademii Nauk w Lublinie &#8211; Lider<\/li>\n<li>Politechnika Bia\u0142ostocka &#8211; Partner<\/li>\n<\/ul>\n<p><strong>Okres realizacji:<\/strong> 01.01.2022 &#8211; 31.12.2027<\/p>\n<p>&nbsp;<\/p>\n<p><strong>Biuro w&nbsp;Bia\u0142ymstoku:<\/strong><\/p>\n<p>Politechnika Bia\u0142ostocka<\/p>\n<p>ul. Wiejska 45 A, 15-351 Bia\u0142ystok<\/p>\n<p>Budynek Rektoratu PB, pok\u00f3j B1 i B4<\/p>\n<p>e-mail: <span style=\"text-decoration: underline\">hpk@pb.edu.pl<\/span><\/p>\n<p>&nbsp;<\/p>\n<p><strong>EKSPERCI HPK:<\/strong><\/p>\n<p><strong>Tomasz Charkiewicz<\/strong><\/p>\n<p><strong>Dane kontaktowe:<\/strong><\/p>\n<p>&nbsp; tel. +48 797 994 889<\/p>\n<p>&nbsp; e-mail: <a href=\"mailto:t.charkiewicz@pb.edu.pl\">t.charkiewicz@pb.edu.pl<\/a><\/p>\n<p><strong>Maciej&nbsp;\u0141ukaszuk<\/strong><\/p>\n<p><strong>Dane kontaktowe:<\/strong><\/p>\n<p>&nbsp; tel. +48 797 995 955<\/p>\n<p>&nbsp; e-mail: <a href=\"mailto:maciej.lukaszuk@pb.edu.pl\">maciej.lukaszuk@pb.edu.pl<\/a><\/p>\n<p><strong>Justyna Chlabicz<\/strong><\/p>\n<p><strong>Dane kontaktowe:<\/strong><\/p>\n<p>&nbsp; tel. +48 662 011 036<\/p>\n<p>&nbsp; e-mail:<a href=\"mailto:j.chlabicz@pb.edu.pl\"> j.chlabicz@pb.edu.pl<\/a><\/p>\n<p><strong>Hanna Piotrowska<\/strong><\/p>\n<p><strong>Dane kontaktowe:<\/strong><\/p>\n<p>&nbsp; tel. +48 503 448 282<\/p>\n<p>&nbsp; e-mail: <a href=\"mailto:h.piotrowska@pb.edu.pl\">h.piotrowska@pb.edu.pl<\/a><\/p>\n","protected":false},"excerpt":{"rendered":"<p>Projekt &#8222;Horyzontalny Punkt Kontaktowy Polska Wschodnia&#8221; finansowany jest ze \u015brodk\u00f3w Narodowego Centrum Bada\u0144 i Rozwoju<\/p>\n","protected":false},"author":65,"featured_media":0,"parent":1520,"menu_order":0,"comment_status":"closed","ping_status":"closed","template":"","meta":{"_acf_changed":false,"ngg_post_thumbnail":0,"footnotes":""},"class_list":["post-1596","page","type-page","status-publish","hentry"],"acf":[],"_links":{"self":[{"href":"https:\/\/pb.edu.pl\/brpm\/wp-json\/wp\/v2\/pages\/1596","targetHints":{"allow":["GET"]}}],"collection":[{"href":"https:\/\/pb.edu.pl\/brpm\/wp-json\/wp\/v2\/pages"}],"about":[{"href":"https:\/\/pb.edu.pl\/brpm\/wp-json\/wp\/v2\/types\/page"}],"author":[{"embeddable":true,"href":"https:\/\/pb.edu.pl\/brpm\/wp-json\/wp\/v2\/users\/65"}],"replies":[{"embeddable":true,"href":"https:\/\/pb.edu.pl\/brpm\/wp-json\/wp\/v2\/comments?post=1596"}],"version-history":[{"count":4,"href":"https:\/\/pb.edu.pl\/brpm\/wp-json\/wp\/v2\/pages\/1596\/revisions"}],"predecessor-version":[{"id":2957,"href":"https:\/\/pb.edu.pl\/brpm\/wp-json\/wp\/v2\/pages\/1596\/revisions\/2957"}],"up":[{"embeddable":true,"href":"https:\/\/pb.edu.pl\/brpm\/wp-json\/wp\/v2\/pages\/1520"}],"wp:attachment":[{"href":"https:\/\/pb.edu.pl\/brpm\/wp-json\/wp\/v2\/media?parent=1596"}],"curies":[{"name":"wp","href":"https:\/\/api.w.org\/{rel}","templated":true}]}}