{"id":1575,"date":"2022-10-06T11:03:41","date_gmt":"2022-10-06T09:03:41","guid":{"rendered":"https:\/\/pb.edu.pl\/brpm\/?page_id=1575"},"modified":"2025-10-30T14:31:43","modified_gmt":"2025-10-30T13:31:43","slug":"projekty-zrealizowane","status":"publish","type":"page","link":"https:\/\/pb.edu.pl\/brpm\/projekty-pb\/programy-krajowe\/projekty-zrealizowane\/","title":{"rendered":"Projekty zrealizowane"},"content":{"rendered":"<div>\n<h2 style=\"text-align: center\">FINANSOWANIE NCBiR<\/h2>\n<div class=\"panel-group\" id=\"custom-collapse-0\">\n<div class=\"panel panel-default\">\n\t\t\t\t<div class=\"panel-heading\">\n\t\t\t\t\t<div class=\"panel-title\">\n\t\t\t\t\t\t<a class=\"collapsed h4\" data-toggle=\"collapse\" data-parent=\"#custom-collapse-0\" href=\"#custom-collapse-0-0\">Przekroczenie granic poprzez badanie materia\u0142\u00f3w biogenicznych na bazie okrzemek - CRODIA<\/a>\n\t\t\t\t\t<\/div>\n\t\t\t\t<\/div>\n\t\t\t\t<div id=\"custom-collapse-0-0\" class=\"panel-collapse collapse\">\n\t\t\t\t\t<div class=\"panel-body\">\nProjekt \u201ePrzekroczenie granic poprzez badanie materia\u0142\u00f3w biogenicznych na bazie okrzemek\u201d &#8211; CRODIA, finansowany przez Narodowe Centrum Bada\u0144 i Rozwoju w ramach IX konkursu na wsp\u00f3lne projekty bilateralne w ramach wsp\u00f3\u0142pracy polsko-tajwa\u0144skiej.<br \/>\nCelem projektu jest przeprowadzenie bada\u0144 okrzemek in-situ i in-vivo w zmiennych warunkach \u015brodowiskowych z wykorzystaniem mikroskopii elektronowej&#8230;<\/p>\n<div style=\"text-align: center\"><a class=\"button\" href=\"\/brpm\/programy-krajowe\/projekty-realizowane\/crodia\/\">Dowiedz si\u0119 wi\u0119cej<\/a><\/div>\n<\/div>\n\t\t\t\t<\/div>\n\t\t\t<\/div>\n<div class=\"panel panel-default\">\n\t\t\t\t<div class=\"panel-heading\">\n\t\t\t\t\t<div class=\"panel-title\">\n\t\t\t\t\t\t<a class=\"collapsed h4\" data-toggle=\"collapse\" data-parent=\"#custom-collapse-0\" href=\"#custom-collapse-0-1\">Cortic23 \u2013 Ocena potencja\u0142u grzyb\u00f3w korticjoidalnych, jako \u017ar\u00f3d\u0142a substancji o dzia\u0142aniu przeciw bakteriom<br \/>\ntowarzysz\u0105cym chorobom uk\u0142adu oddechowego i wywo\u0142uj\u0105cym koinfekcje m.in. w przebiegu COVID-12<\/a>\n\t\t\t\t\t<\/div>\n\t\t\t\t<\/div>\n\t\t\t\t<div id=\"custom-collapse-0-1\" class=\"panel-collapse collapse\">\n\t\t\t\t\t<div class=\"panel-body\">\nProjekt \u201eOcena potencja\u0142u grzyb\u00f3w korticjoidalnych, jako \u017ar\u00f3d\u0142a substancji o dzia\u0142aniu przeciw bakteriom towarzysz\u0105cym chorobom uk\u0142adu oddechowego i wywo\u0142uj\u0105cym koinfekcje m.in. w przebiegu COVID-12\u201d [akronim: Cortic23] jest finansowany przez <a href=\"https:\/\/www.gov.pl\/ncbr\">Narodowe Centrum Bada\u0144 i Rozwoju<\/a> w ramach konkursu &#8222;Solidarni z Naukowcami &#8211; II nab\u00f3r.<\/p>\n<p>Celem projektu jest okre\u015blenie potencja\u0142u antyoksydacyjnego 30 gatunk\u00f3w grzyb\u00f3w z rz\u0119d\u00f3w Hymenochaetales, Polyporales, Russulales oraz przeprowadzenie bada\u0144 przesiewowych w kierunku ich dzia\u0142ania antybiotycznego wzgl\u0119dem bakterii towarzysz\u0105cych chorobom uk\u0142adu oddechowego i wywo\u0142uj\u0105cym koinfekcje, m.in. w przebiegu COVID19, tj.: Staphylococcus aureus, Pseudomonas aeruginosa, Haemophilus influenzae, Klebsiella pneumoniae, Corynebacterium striatum.<\/p>\n<div style=\"text-align: center\"><a class=\"button\" href=\"\/brpm\/projekty-pb\/programy-krajowe\/projekty-zrealizowane\/cortic23\/\">Dowiedz si\u0119 wi\u0119cej<\/a><\/div>\n<\/div>\n\t\t\t\t<\/div>\n\t\t\t<\/div>\n<div class=\"panel panel-default\">\n\t\t\t\t<div class=\"panel-heading\">\n\t\t\t\t\t<div class=\"panel-title\">\n\t\t\t\t\t\t<a class=\"collapsed h4\" data-toggle=\"collapse\" data-parent=\"#custom-collapse-0\" href=\"#custom-collapse-0-2\">\u201eESWSE- Elektroniczny System Wspomagania Skutecznej Ewakuacji\u201d <\/a>\n\t\t\t\t\t<\/div>\n\t\t\t\t<\/div>\n\t\t\t\t<div id=\"custom-collapse-0-2\" class=\"panel-collapse collapse\">\n\t\t\t\t\t<div class=\"panel-body\">\nProjekt \u201eESWSE- Elektroniczny System Wspomagania Skutecznej Ewakuacji\u201d finansowany przez Narodowe Centrum Bada\u0144 i Rozwoju w ramach programu Dost\u0119pno\u015b\u0107 Plus.<\/p>\n<p>Celem g\u0142\u00f3wnym projektu opracowanie systemu elektronicznego monitorowania os\u00f3b ze szczeg\u00f3lnymi potrzebami w czasie ewakuacji z budynk\u00f3w, w kt\u00f3rych oni przebywaj\u0105.<\/p>\n<div style=\"text-align: center\"><a class=\"button\" href=\"\/brpm\/programy-krajowe\/projekty-zrealizowane\/eswse\/\">Dowiedz si\u0119 wi\u0119cej<\/a><\/div>\n<\/div>\n\t\t\t\t<\/div>\n\t\t\t<\/div>\n<div class=\"panel panel-default\">\n\t\t\t\t<div class=\"panel-heading\">\n\t\t\t\t\t<div class=\"panel-title\">\n\t\t\t\t\t\t<a class=\"collapsed h4\" data-toggle=\"collapse\" data-parent=\"#custom-collapse-0\" href=\"#custom-collapse-0-3\">GINCO<\/a>\n\t\t\t\t\t<\/div>\n\t\t\t\t<\/div>\n\t\t\t\t<div id=\"custom-collapse-0-3\" class=\"panel-collapse collapse\">\n\t\t\t\t\t<div class=\"panel-body\">\nProjekt \u201eAdvanced Glass Interposer with Carbon Copper Composite Metallization (GINCO)\u201d &#8211; project realizowany w ramach Inicjatywy CORNET, finansowany przez Narodowe Centrum Bada\u0144 i Rozwoju (na podstawie umowy CORNET\/32\/94\/GINCO\/2022 z dn. 15.09.2022 r.).<\/p>\n<p>Celem projektu jest opracowanie materia\u0142u kompozytowego obejmuj\u0105cego warstw\u0119 Cu\/C na szklanym pod\u0142o\u017cu pozwalaj\u0105cego na zast\u0105pienie dotychczas stosowanego pod\u0142o\u017ca krzemowego w interfejsie elektrycznym.<\/p>\n<div style=\"text-align: center\"><a class=\"button\" href=\"\/brpm\/programy-krajowe\/projekty-zrealizowane\/ginco\/\">Dowiedz si\u0119 wi\u0119cej<\/a><\/div>\n<\/div>\n\t\t\t\t<\/div>\n\t\t\t<\/div>\n<div class=\"panel panel-default\">\n\t\t\t\t<div class=\"panel-heading\">\n\t\t\t\t\t<div class=\"panel-title\">\n\t\t\t\t\t\t<a class=\"collapsed h4\" data-toggle=\"collapse\" data-parent=\"#custom-collapse-0\" href=\"#custom-collapse-0-4\">PROTECT MED<\/a>\n\t\t\t\t\t<\/div>\n\t\t\t\t<\/div>\n\t\t\t\t<div id=\"custom-collapse-0-4\" class=\"panel-collapse collapse\">\n\t\t\t\t\t<div class=\"panel-body\">\nProjekt \u201ePROTECT MED \u2013 opracowanie innowacyjnych rozwi\u0105za\u0144 zwi\u0119kszaj\u0105cych bezpiecze\u0144stwo personelu i pacjent\u00f3w szpitali zaka\u017anych i jednoimiennych&#8221; jest finansowany ze \u015brodk\u00f3w Narodowego Centrum Bada\u0144 i Rozwoju w ramach projekt\u00f3w pozakonkursowych &#8211; prewencja i leczenie: COVID-19.<\/p>\n<p>Celem projektu jest rozw\u00f3j nowoczesnych rozwi\u0105za\u0144 technologicznych dedykowanych prewencji rozprzestrzeniania si\u0119 SARS-CoV2 w plac\u00f3wce medycznej, kt\u00f3re przyczyni\u0107 si\u0119 maj\u0105 do zwi\u0119kszenia bezpiecze\u0144stwa personelu i pacjent\u00f3w szpitala przekszta\u0142conego w szpital jednoimienny zaka\u017any.<\/p>\n<div style=\"text-align: center\"><a class=\"button\" href=\"\/brpm\/programy-krajowe\/projekty-realizowane\/protect-med\/\">Dowiedz si\u0119 wi\u0119cej<\/a><\/div>\n<\/div>\n\t\t\t\t<\/div>\n\t\t\t<\/div>\n<\/div>\n<h2 style=\"text-align: center\">FINANSOWNIE MEiN<\/h2>\n<div class=\"panel-group\" id=\"custom-collapse-1\">\n<div class=\"panel panel-default\">\n\t\t\t\t<div class=\"panel-heading\">\n\t\t\t\t\t<div class=\"panel-title\">\n\t\t\t\t\t\t<a class=\"collapsed h4\" data-toggle=\"collapse\" data-parent=\"#custom-collapse-1\" href=\"#custom-collapse-1-5\">\u201ePolitechniczna Sie\u0107 VIA CARPATIA im. Prezydenta RP Lecha Kaczy\u0144skiego\u201d <\/a>\n\t\t\t\t\t<\/div>\n\t\t\t\t<\/div>\n\t\t\t\t<div id=\"custom-collapse-1-5\" class=\"panel-collapse collapse\">\n\t\t\t\t\t<div class=\"panel-body\">\nZadanie &#8222;Politechniczna Sie\u0107 VIA CARPATIA im. Prezydenta RP Lecha Kaczy\u0144skiego\u201d polegaj\u0105ce na wykonaniu w obszarze szkolnictwa wy\u017cszego i nauki bada\u0144 naukowych, dzia\u0142a\u0144 zwi\u0105zanych z kszta\u0142ceniem student\u00f3w, prac rozwojowych, prac wdro\u017ceniowych oraz dzia\u0142a\u0144 popularyzatorskich skierowanych w szczeg\u00f3lno\u015bci do spo\u0142eczno\u015bci regionalnych i lokalnych tj. region\u00f3w Polski Wschodniej.<br \/>\nCelem zadania jest rozw\u00f3j Politechnicznej Sieci VIA CARPATIA im. Prezydenta RP Lecha Kaczy\u0144skiego w obszarach Kszta\u0142cenie, Nauka i Komercjalizacja, tak aby dzi\u0119ki przenikaniu si\u0119 swoich potencja\u0142\u00f3w, Uczelnie stowarzyszone w niej sta\u0142y si\u0119 konkurencyjne na rynku \u015bwiatowym oraz znacz\u0105co podnosi\u0142y jako\u015b\u0107 \u017cycia spo\u0142ecze\u0144stwa, ze szczeg\u00f3lnym uwzgl\u0119dnieniem Polski Wschodniej.<br \/>\n&nbsp;<\/p>\n<div style=\"text-align: center\"><a class=\"button\" href=\"\/brpm\/programy-krajowe\/projekty-realizowane\/via-carpatia\/\">Dowiedz si\u0119 wi\u0119cej<\/a><\/div>\n<\/div>\n\t\t\t\t<\/div>\n\t\t\t<\/div>\n<div class=\"panel panel-default\">\n\t\t\t\t<div class=\"panel-heading\">\n\t\t\t\t\t<div class=\"panel-title\">\n\t\t\t\t\t\t<a class=\"collapsed h4\" data-toggle=\"collapse\" data-parent=\"#custom-collapse-1\" href=\"#custom-collapse-1-6\">RID<\/a>\n\t\t\t\t\t<\/div>\n\t\t\t\t<\/div>\n\t\t\t\t<div id=\"custom-collapse-1-6\" class=\"panel-collapse collapse\">\n\t\t\t\t\t<div class=\"panel-body\">\nProjekt \u201ePodwy\u017cszenie jako\u015bci i umi\u0119dzynarodowienie bada\u0144 naukowych na Wydziale Mechanicznym Politechniki Bia\u0142ostockiej&#8221; w ramach programu Regionalna Inicjatywa Doskona\u0142o\u015bci.<\/p>\n<p>G\u0142\u00f3wny cel projektu: przyczynienie si\u0119 do intensywnego rozwoju uczelni wyr\u00f3\u017cniaj\u0105cych si\u0119 w regionach pod wzgl\u0119dem potencja\u0142u badawczego w poszczeg\u00f3lnych dyscyplinach naukowych.<\/p>\n<div style=\"text-align: center\"><a class=\"button\" href=\"\/brpm\/programy-krajowe\/projekty-zrealizowane\/rid\/\">Dowiedz si\u0119 wi\u0119cej<\/a><\/div>\n<\/div>\n\t\t\t\t<\/div>\n\t\t\t<\/div>\n<div class=\"panel panel-default\">\n\t\t\t\t<div class=\"panel-heading\">\n\t\t\t\t\t<div class=\"panel-title\">\n\t\t\t\t\t\t<a class=\"collapsed h4\" data-toggle=\"collapse\" data-parent=\"#custom-collapse-1\" href=\"#custom-collapse-1-7\">Opracowanie metody i stanowiska do wzorcowania przyrz\u0105d\u00f3w pomiarowych dedykowanych do pomiar\u00f3w rozk\u0142ad\u00f3w luminancji<\/a>\n\t\t\t\t\t<\/div>\n\t\t\t\t<\/div>\n\t\t\t\t<div id=\"custom-collapse-1-7\" class=\"panel-collapse collapse\">\n\t\t\t\t\t<div class=\"panel-body\">\nProjekt \u201eOpracowanie metody i stanowiska do wzorcowania przyrz\u0105d\u00f3w pomiarowych dedykowanych do pomiar\u00f3w rozk\u0142ad\u00f3w luminancji&#8221; w ramach programu Polska Metrologia.<\/p>\n<p>G\u0142\u00f3wnym celem projektu jest&nbsp;przeprowadzenie prac badawczo-rozwojowych s\u0142u\u017c\u0105cych podniesieniu poziomu zdolno\u015bci badawczych, wiedzy technicznej i wzmocnieniu kapita\u0142u intelektualnego pracownik\u00f3w G\u0142\u00f3wnego Urz\u0119du Miar i Okr\u0119gowego Urz\u0119du Miar w Bia\u0142ymstoku poprzez wsp\u00f3\u0142prac\u0119 z konsorcjum uczelni.<\/p>\n<div style=\"text-align: center\"><a class=\"button\" href=\"\/brpm\/programy-krajowe\/projekty-zrealizowane\/stanowiska-do-wzorcowania\/\">Dowiedz si\u0119 wi\u0119cej<\/a><\/div>\n<\/div>\n\t\t\t\t<\/div>\n\t\t\t<\/div>\n<div class=\"panel panel-default\">\n\t\t\t\t<div class=\"panel-heading\">\n\t\t\t\t\t<div class=\"panel-title\">\n\t\t\t\t\t\t<a class=\"collapsed h4\" data-toggle=\"collapse\" data-parent=\"#custom-collapse-1\" href=\"#custom-collapse-1-8\">Nauka dobrze ro(c)kuje<\/a>\n\t\t\t\t\t<\/div>\n\t\t\t\t<\/div>\n\t\t\t\t<div id=\"custom-collapse-1-8\" class=\"panel-collapse collapse\">\n\t\t\t\t\t<div class=\"panel-body\">\nProjekt \u201eNauka dobrze ro(c)kuje&#8221; w ramach programu \u201eSpo\u0142eczna odpowiedzialno\u015b\u0107 nauki\u201d, modu\u0142 Popularyzacja nauki i promocja sportu.<\/p>\n<p>G\u0142\u00f3wnym celem projektu jest popularyzacja i promocja szeroko poj\u0119tej nauki, w tym dyscyplin technicznych w wymiarze ludzkim jako pasji, dzia\u0142a\u0144 na rzecz \u015brodowiska lokalnego Wojew\u00f3dztwa Podlaskiego oraz promocja dokona\u0144 \u015brodowiska akademickiego i naukowego.<\/p>\n<div style=\"text-align: center\"><a class=\"button\" href=\"\/brpm\/programy-krajowe\/projekty-zrealizowane\/nauka-dobrze-rockuje\/\">Dowiedz si\u0119 wi\u0119cej<\/a><\/div>\n<\/div>\n\t\t\t\t<\/div>\n\t\t\t<\/div>\n<div class=\"panel panel-default\">\n\t\t\t\t<div class=\"panel-heading\">\n\t\t\t\t\t<div class=\"panel-title\">\n\t\t\t\t\t\t<a class=\"collapsed h4\" data-toggle=\"collapse\" data-parent=\"#custom-collapse-1\" href=\"#custom-collapse-1-9\">SCIENCE-KULTURA<\/a>\n\t\t\t\t\t<\/div>\n\t\t\t\t<\/div>\n\t\t\t\t<div id=\"custom-collapse-1-9\" class=\"panel-collapse collapse\">\n\t\t\t\t\t<div class=\"panel-body\">\nProjekt \u201eSCIENCE-KULTURA&#8221; w ramach programu \u201eSpo\u0142eczna odpowiedzialno\u015b\u0107 nauki\u201d, modu\u0142 Popularyzacja nauki i promocja sportu.<\/p>\n<p>G\u0142\u00f3wnym celem projektu jest popularyzacja osi\u0105gni\u0119\u0107 naukowych, pracy naukowc\u00f3w oraz prac rozwojowych, poprzez promocj\u0119 nauki w przyst\u0119pny, atrakcyjny dla uczestnik\u00f3w i nowoczesny spos\u00f3b.<\/p>\n<div style=\"text-align: center\"><a class=\"button\" href=\"\/brpm\/programy-krajowe\/projekty-zrealizowane\/science-kultura\/\">Dowiedz si\u0119 wi\u0119cej<\/a><\/div>\n<\/div>\n\t\t\t\t<\/div>\n\t\t\t<\/div>\n<div class=\"panel panel-default\">\n\t\t\t\t<div class=\"panel-heading\">\n\t\t\t\t\t<div class=\"panel-title\">\n\t\t\t\t\t\t<a class=\"collapsed h4\" data-toggle=\"collapse\" data-parent=\"#custom-collapse-1\" href=\"#custom-collapse-1-10\">Innowacyjna technika pomiarowa wspomagana algorytmami cyfrowego przetwarzania danych na rzecz ulepszonych proces\u00f3w i produkt\u00f3w<\/a>\n\t\t\t\t\t<\/div>\n\t\t\t\t<\/div>\n\t\t\t\t<div id=\"custom-collapse-1-10\" class=\"panel-collapse collapse\">\n\t\t\t\t\t<div class=\"panel-body\">\nProjekt \u201eInnowacyjna technika pomiarowa wspomagana algorytmami cyfrowego przetwarzania danych na rzecz ulepszonych proces\u00f3w i produkt\u00f3w&#8221; w ramach programu Polska Metrologia.<\/p>\n<p>G\u0142\u00f3wnym celem projektu jest prowadzenie prac naukowo-technicznych wspieraj\u0105cych rozw\u00f3j podstawowej metrologii naukowej stanowi\u0105cej baz\u0119 dalszych etap\u00f3w, w tym bada\u0144 i rozwoju w dziedzinie metrologii stosowanej oraz us\u0142ug zwi\u0105zanych z metrologi\u0105.<\/p>\n<div style=\"text-align: center\"><a class=\"button\" href=\"\/brpm\/programy-krajowe\/projekty-zrealizowane\/technika-pomiarowa\">Dowiedz si\u0119 wi\u0119cej<\/a><\/div>\n<\/div>\n\t\t\t\t<\/div>\n\t\t\t<\/div>\n<div class=\"panel panel-default\">\n\t\t\t\t<div class=\"panel-heading\">\n\t\t\t\t\t<div class=\"panel-title\">\n\t\t\t\t\t\t<a class=\"collapsed h4\" data-toggle=\"collapse\" data-parent=\"#custom-collapse-1\" href=\"#custom-collapse-1-11\">Podlascy pasjonaci nauki<\/a>\n\t\t\t\t\t<\/div>\n\t\t\t\t<\/div>\n\t\t\t\t<div id=\"custom-collapse-1-11\" class=\"panel-collapse collapse\">\n\t\t\t\t\t<div class=\"panel-body\">\nProjekt \u201ePodlascy pasjonaci nauki&#8221; dofinansowany z bud\u017cetu Pa\u0144stwa przez Ministerstwo Edukacji i Nauki w ramach programu \u201eSpo\u0142eczna odpowiedzialno\u015b\u0107 nauki\u201d, modu\u0142 Popularyzacja nauki i promocja sportu.<\/p>\n<p>G\u0142\u00f3wny cel projektu: popularyzacja osi\u0105gni\u0119\u0107 naukowych, prac naukowc\u00f3w, bada\u0144 naukowych i prac rozwojowych naukowc\u00f3w Politechniki Bia\u0142ostockiej oraz promocja nauki.<\/p>\n<div style=\"text-align: center\"><a class=\"button\" href=\"\/brpm\/programy-krajowe\/projekty-zrealizowane\/podlascy-pasjonaci-nauki\/\">Dowiedz si\u0119 wi\u0119cej<\/a><\/div>\n<\/div>\n\t\t\t\t<\/div>\n\t\t\t<\/div>\n<\/div>\n<\/div>\n<div class=\"h2 text-center\">INNE<\/div>\n<div class=\"panel-group\" id=\"custom-collapse-2\">\n<div class=\"panel panel-default\">\n\t\t\t\t<div class=\"panel-heading\">\n\t\t\t\t\t<div class=\"panel-title\">\n\t\t\t\t\t\t<a class=\"collapsed h4\" data-toggle=\"collapse\" data-parent=\"#custom-collapse-2\" href=\"#custom-collapse-2-12\">Santander Universidades<\/a>\n\t\t\t\t\t<\/div>\n\t\t\t\t<\/div>\n\t\t\t\t<div id=\"custom-collapse-2-12\" class=\"panel-collapse collapse\">\n\t\t\t\t\t<div class=\"panel-body\">\nSantander Universidades 2018 &#8211; projekt ufundowany przez Fundacj\u0119 Banku Zachodniego WBK S.A. im Stefana Bry\u0142y.<\/p>\n<p>Projekt ma na celu umo\u017cliwienie realizacji stypendi\u00f3w i nagr\u00f3d pracownikom i studentom Wydzia\u0142u In\u017cynierii Zarz\u0105dzania.<\/p>\n<div style=\"text-align: center\"><a class=\"button\" href=\"\/brpm\/programy-strukturalne\/projekty-zrealizowane\/santander-universidades\/\">Dowiedz si\u0119 wi\u0119cej<\/a><\/div>\n<\/div>\n\t\t\t\t<\/div>\n\t\t\t<\/div>\n<div class=\"panel panel-default\">\n\t\t\t\t<div class=\"panel-heading\">\n\t\t\t\t\t<div class=\"panel-title\">\n\t\t\t\t\t\t<a class=\"collapsed h4\" data-toggle=\"collapse\" data-parent=\"#custom-collapse-2\" href=\"#custom-collapse-2-13\">Podlaski Uniwersytet Dzieci\u0119cy<\/a>\n\t\t\t\t\t<\/div>\n\t\t\t\t<\/div>\n\t\t\t\t<div id=\"custom-collapse-2-13\" class=\"panel-collapse collapse\">\n\t\t\t\t\t<div class=\"panel-body\">\nCelem PUD jest popularyzacja nauki oraz bada\u0144 naukowych i ich zastosowa\u0144 w\u015br\u00f3d uczni\u00f3w szk\u00f3\u0142 podstawowych nie tylko z Bia\u0142egostoku i bliskich okolic, ale tak\u017ce z terenu wojew\u00f3dztwa. Poprzez PUD dzieci z dalszych cz\u0119\u015bci wojew\u00f3dztwa podlaskiego zobacz\u0105 potencja\u0142 Politechniki Bia\u0142ostockiej \u201ez bliska\u201d.<\/p>\n<div style=\"text-align: center\"><a class=\"button\" href=\"\/brpm\/programy-strukturalne\/projekty-zrealizowane\/podlaski-uniwersytet-dzieciecy\/\">Dowiedz si\u0119 wi\u0119cej<\/a><\/div>\n<\/div>\n\t\t\t\t<\/div>\n\t\t\t<\/div>\n<div class=\"panel panel-default\">\n\t\t\t\t<div class=\"panel-heading\">\n\t\t\t\t\t<div class=\"panel-title\">\n\t\t\t\t\t\t<a class=\"collapsed h4\" data-toggle=\"collapse\" data-parent=\"#custom-collapse-2\" href=\"#custom-collapse-2-14\">MECODIA - Nowoczesne kompozyty o osnowie metalicznej wzmacniane naturalnymi okrzemkami<\/a>\n\t\t\t\t\t<\/div>\n\t\t\t\t<\/div>\n\t\t\t\t<div id=\"custom-collapse-2-14\" class=\"panel-collapse collapse\">\n\t\t\t\t\t<div class=\"panel-body\">\nProjekt naukowy, kt\u00f3rego celem jest wytworzenie nowoczesnych materia\u0142\u00f3w hybrydowych\/kompozytowych o osnowie metalicznej z naturalnym wzmocnieniem w postaci pancerzyk\u00f3w okrzemek.<\/p>\n<div style=\"text-align: center\"><a class=\"button\" href=\"\/brpm\/programy-strukturalne\/projekty-realizowane\/mecodia\/\">Dowiedz si\u0119 wi\u0119cej<\/a><\/div>\n<\/div>\n\t\t\t\t<\/div>\n\t\t\t<\/div>\n<\/div>\n","protected":false},"excerpt":{"rendered":"<p>FINANSOWANIE NCBiR FINANSOWNIE MEiN INNE<\/p>\n","protected":false},"author":65,"featured_media":0,"parent":1517,"menu_order":0,"comment_status":"closed","ping_status":"closed","template":"","meta":{"_acf_changed":false,"ngg_post_thumbnail":0,"footnotes":""},"class_list":["post-1575","page","type-page","status-publish","hentry"],"acf":[],"_links":{"self":[{"href":"https:\/\/pb.edu.pl\/brpm\/wp-json\/wp\/v2\/pages\/1575","targetHints":{"allow":["GET"]}}],"collection":[{"href":"https:\/\/pb.edu.pl\/brpm\/wp-json\/wp\/v2\/pages"}],"about":[{"href":"https:\/\/pb.edu.pl\/brpm\/wp-json\/wp\/v2\/types\/page"}],"author":[{"embeddable":true,"href":"https:\/\/pb.edu.pl\/brpm\/wp-json\/wp\/v2\/users\/65"}],"replies":[{"embeddable":true,"href":"https:\/\/pb.edu.pl\/brpm\/wp-json\/wp\/v2\/comments?post=1575"}],"version-history":[{"count":0,"href":"https:\/\/pb.edu.pl\/brpm\/wp-json\/wp\/v2\/pages\/1575\/revisions"}],"up":[{"embeddable":true,"href":"https:\/\/pb.edu.pl\/brpm\/wp-json\/wp\/v2\/pages\/1517"}],"wp:attachment":[{"href":"https:\/\/pb.edu.pl\/brpm\/wp-json\/wp\/v2\/media?parent=1575"}],"curies":[{"name":"wp","href":"https:\/\/api.w.org\/{rel}","templated":true}]}}