{"id":1569,"date":"2022-10-06T10:56:36","date_gmt":"2022-10-06T08:56:36","guid":{"rendered":"https:\/\/pb.edu.pl\/brpm\/?page_id=1569"},"modified":"2025-10-30T13:51:41","modified_gmt":"2025-10-30T12:51:41","slug":"samasz-opracownie-technologii","status":"publish","type":"page","link":"https:\/\/pb.edu.pl\/brpm\/projekty-pb\/programy-ue\/projekty-realizowane\/samasz-opracownie-technologii\/","title":{"rendered":"Praca zlecona przez firm\u0119 SaMASZ Sp.z.o.o &#8211; opracowanie technologii"},"content":{"rendered":"<h2>Opracowanie nowych technologii spawania listew typu Perfect Cut realizowane w Politechnice Bia\u0142ostockiej w ramach projektu OBR.SaMASZ.PL jako element koncepcji Super Fabryka 4.0 na potrzeby Klastra Obr\u00f3bki Metali &#8211; Krajowy Klaster Kluczy.&nbsp;<\/h2>\n<h3>Zakres prac:<\/h3>\n<ul>\n<li>Badania dok\u0142adno\u015bci wymiarowej wykonania listew tn\u0105cych.<\/li>\n<li>Badania po\u0142\u0105cze\u0144 spawanych metodami niszcz\u0105cymi.<\/li>\n<li>Badania odkszta\u0142ce\u0144 w listwach tn\u0105cych podczas bada\u0144 monotonicznych i cyklicznych.<\/li>\n<\/ul>\n<p><strong>Warto\u015b\u0107 zlecenia: <\/strong>118 080 z\u0142otych brutto&nbsp;<\/p>\n<p><strong>Okres realizacji pracy:<\/strong> 29.01.2020 r. \u2013 31.12.2025 r.<\/p>\n<p><strong>Jednostka realizuj\u0105ca:<\/strong>&nbsp;Wydzia\u0142 Mechaniczny<\/p>\n<p><strong>Kierownik Pracy: <\/strong>dr hab. in\u017c. Roman Kaczy\u0144ski, prof.PB<\/p>\n","protected":false},"excerpt":{"rendered":"<p>Opracowanie nowych technologii spawania listew typu Perfect Cut realizowane w Politechnice Bia\u0142ostockiej w ramach projektu<\/p>\n","protected":false},"author":65,"featured_media":0,"parent":94,"menu_order":0,"comment_status":"closed","ping_status":"closed","template":"","meta":{"_acf_changed":false,"ngg_post_thumbnail":0,"footnotes":""},"class_list":["post-1569","page","type-page","status-publish","hentry"],"acf":[],"_links":{"self":[{"href":"https:\/\/pb.edu.pl\/brpm\/wp-json\/wp\/v2\/pages\/1569","targetHints":{"allow":["GET"]}}],"collection":[{"href":"https:\/\/pb.edu.pl\/brpm\/wp-json\/wp\/v2\/pages"}],"about":[{"href":"https:\/\/pb.edu.pl\/brpm\/wp-json\/wp\/v2\/types\/page"}],"author":[{"embeddable":true,"href":"https:\/\/pb.edu.pl\/brpm\/wp-json\/wp\/v2\/users\/65"}],"replies":[{"embeddable":true,"href":"https:\/\/pb.edu.pl\/brpm\/wp-json\/wp\/v2\/comments?post=1569"}],"version-history":[{"count":0,"href":"https:\/\/pb.edu.pl\/brpm\/wp-json\/wp\/v2\/pages\/1569\/revisions"}],"up":[{"embeddable":true,"href":"https:\/\/pb.edu.pl\/brpm\/wp-json\/wp\/v2\/pages\/94"}],"wp:attachment":[{"href":"https:\/\/pb.edu.pl\/brpm\/wp-json\/wp\/v2\/media?parent=1569"}],"curies":[{"name":"wp","href":"https:\/\/api.w.org\/{rel}","templated":true}]}}