{"id":1560,"date":"2022-10-06T10:41:53","date_gmt":"2022-10-06T08:41:53","guid":{"rendered":"https:\/\/pb.edu.pl\/brpm\/?page_id=1560"},"modified":"2022-10-06T10:41:53","modified_gmt":"2022-10-06T08:41:53","slug":"bof","status":"publish","type":"page","link":"https:\/\/pb.edu.pl\/brpm\/projekty-pb\/programy-ue\/projekty-realizowane\/bof\/","title":{"rendered":"Prace zlecone przez Stowarzyszenie Bia\u0142ostockiego Obszaru Funkcjonalnego (BOF)"},"content":{"rendered":"<h2><strong>Prace zlecone przez Stowarzyszenie Bia\u0142ostockiego Obszaru Funkcjonalnego w ramach projektu:&nbsp;\u201eEcoCentrum Kompetencji BOF &#8211; utworzenie bran\u017cowego centrum kompetencji w obszarze efektywno\u015bci gospodarowania energi\u0105 i zasobami\u201d <\/strong><\/h2>\n<p><strong>Wsp\u00f3\u0142finansowane ze \u015brodk\u00f3w <\/strong>Regionalnego Programu Operacyjnego Wojew\u00f3dztwa Podlaskiego na lata 2014-2020.<\/p>\n<p><strong>Przedmiot umowy:<\/strong> Organizacja i przeprowadzeniu 30 zaj\u0119\u0107 teoretycznych i 30 zaj\u0119\u0107 praktycznych dla m\u0142odzie\u017cy szk\u00f3\u0142 zawodowych z terenu Bia\u0142ostockiego Obszaru Funkcjonalnego, dotycz\u0105cych efektywno\u015bci gospodarowania energi\u0105 i zasobami.<\/p>\n<p><strong>Instytucja Po\u015brednicz\u0105ca:<\/strong> Polska Agencja Rozwoju Przedsi\u0119biorczo\u015bci<\/p>\n<p><strong>Warto\u015b\u0107 zlecenia:&nbsp;<\/strong>96 000,00 z\u0142<\/p>\n<p><strong>Okres realizacji pracy: <\/strong>27.10.2021 r.- 30.06.2023 r.<\/p>\n<p><strong>Jednostka realizuj\u0105ca:<\/strong> Wydzia\u0142 Elektryczny Politechniki Bia\u0142ostockiej<\/p>\n<p><strong>Kierownik Pracy:<\/strong> dr in\u017c. Wojciech Trzasko<\/p>\n","protected":false},"excerpt":{"rendered":"<p>Prace zlecone przez Stowarzyszenie Bia\u0142ostockiego Obszaru Funkcjonalnego w ramach projektu:&nbsp;\u201eEcoCentrum Kompetencji BOF &#8211; utworzenie bran\u017cowego<\/p>\n","protected":false},"author":33,"featured_media":0,"parent":94,"menu_order":0,"comment_status":"closed","ping_status":"closed","template":"","meta":{"_acf_changed":false,"ngg_post_thumbnail":0,"footnotes":""},"class_list":["post-1560","page","type-page","status-publish","hentry"],"acf":[],"_links":{"self":[{"href":"https:\/\/pb.edu.pl\/brpm\/wp-json\/wp\/v2\/pages\/1560","targetHints":{"allow":["GET"]}}],"collection":[{"href":"https:\/\/pb.edu.pl\/brpm\/wp-json\/wp\/v2\/pages"}],"about":[{"href":"https:\/\/pb.edu.pl\/brpm\/wp-json\/wp\/v2\/types\/page"}],"author":[{"embeddable":true,"href":"https:\/\/pb.edu.pl\/brpm\/wp-json\/wp\/v2\/users\/33"}],"replies":[{"embeddable":true,"href":"https:\/\/pb.edu.pl\/brpm\/wp-json\/wp\/v2\/comments?post=1560"}],"version-history":[{"count":0,"href":"https:\/\/pb.edu.pl\/brpm\/wp-json\/wp\/v2\/pages\/1560\/revisions"}],"up":[{"embeddable":true,"href":"https:\/\/pb.edu.pl\/brpm\/wp-json\/wp\/v2\/pages\/94"}],"wp:attachment":[{"href":"https:\/\/pb.edu.pl\/brpm\/wp-json\/wp\/v2\/media?parent=1560"}],"curies":[{"name":"wp","href":"https:\/\/api.w.org\/{rel}","templated":true}]}}