{"id":1520,"date":"2022-09-30T15:27:30","date_gmt":"2022-09-30T13:27:30","guid":{"rendered":"https:\/\/pb.edu.pl\/brpm\/?page_id=1520"},"modified":"2025-10-30T14:32:22","modified_gmt":"2025-10-30T13:32:22","slug":"projekty-realizowane","status":"publish","type":"page","link":"https:\/\/pb.edu.pl\/brpm\/projekty-pb\/programy-krajowe\/projekty-realizowane\/","title":{"rendered":"Projekty realizowane"},"content":{"rendered":"<h2 style=\"text-align: center\">FINANSOWANIE NCBiR<\/h2>\n<div class=\"panel-group\" id=\"custom-collapse-0\">\n<div class=\"panel panel-default\">\n\t\t\t\t<div class=\"panel-heading\">\n\t\t\t\t\t<div class=\"panel-title\">\n\t\t\t\t\t\t<a class=\"collapsed h4\" data-toggle=\"collapse\" data-parent=\"#custom-collapse-0\" href=\"#custom-collapse-0-0\">Mechatroniczny aparat do wspomagania zachowania r\u00f3wnowagi w trakcie lokomocji z funkcj\u0105 rejestracji parametr\u00f3w kinematycznych chodu<\/a>\n\t\t\t\t\t<\/div>\n\t\t\t\t<\/div>\n\t\t\t\t<div id=\"custom-collapse-0-0\" class=\"panel-collapse collapse\">\n\t\t\t\t\t<div class=\"panel-body\">\nProjekt &#8222;Mechatroniczny aparat do wspomagania zachowania r\u00f3wnowagi w trakcie lokomocji z funkcj\u0105 rejestracji parametr\u00f3w kinematycznych chodu&#8221; finansowany przez Narodowe Centrum Bada\u0144 i Rozwoju w ramach programu Dost\u0119pno\u015b\u0107 Plus.<br \/>\nCelem projektu jest opracowanie i wykonanie mechatronicznego aparatu przeznaczonego do wspomagania zachowania r\u00f3wnowagi w trakcie codziennego funkcjonowania os\u00f3b starszych.<\/p>\n<div style=\"text-align: center\"><a class=\"button\" href=\"\/brpm\/programy-krajowe\/projekty-realizowane\/mechatroniczny-aparat\/\">Dowiedz si\u0119 wi\u0119cej<\/a><\/div>\n<\/div>\n\t\t\t\t<\/div>\n\t\t\t<\/div>\n<div class=\"panel panel-default\">\n\t\t\t\t<div class=\"panel-heading\">\n\t\t\t\t\t<div class=\"panel-title\">\n\t\t\t\t\t\t<a class=\"collapsed h4\" data-toggle=\"collapse\" data-parent=\"#custom-collapse-0\" href=\"#custom-collapse-0-1\">Horyzontalny Punkt Kontaktowy Polska Wschodnia<\/a>\n\t\t\t\t\t<\/div>\n\t\t\t\t<\/div>\n\t\t\t\t<div id=\"custom-collapse-0-1\" class=\"panel-collapse collapse\">\n\t\t\t\t\t<div class=\"panel-body\">\nProjekt \u201eHoryzontalny Punkt Kontaktowy Polska Wschodnia\u201d &#8211; HPK Polska Wschodnia, finansowany przez Narodowe Centrum Bada\u0144 i Rozwoju w ramach konkursu na Horyzontalne Punkty Kontaktowe.<br \/>\nCelem projektu jest wspieranie beneficjent\u00f3w i wnioskodawc\u00f3w programu Horyzont Europa w latach 2022-27.<\/p>\n<div style=\"text-align: center\"><a class=\"button\" href=\"\/brpm\/programy-krajowe\/projekty-realizowane\/hpk\/\">Dowiedz si\u0119 wi\u0119cej<\/a><\/div>\n<\/div>\n\t\t\t\t<\/div>\n\t\t\t<\/div>\n<\/div>\n<h2 style=\"text-align: center\">FINANSOWNIE MNiSW<\/h2>\n<div class=\"panel-group\" id=\"custom-collapse-1\">\n<div class=\"panel panel-default\">\n\t\t\t\t<div class=\"panel-heading\">\n\t\t\t\t\t<div class=\"panel-title\">\n\t\t\t\t\t\t<a class=\"collapsed h4\" data-toggle=\"collapse\" data-parent=\"#custom-collapse-1\" href=\"#custom-collapse-1-2\">Projekt \u201eBaza danych o zawarto\u015bci polskich czasopism technicznych BazTech edycja 2025\u20132026\u201d<\/a>\n\t\t\t\t\t<\/div>\n\t\t\t\t<\/div>\n\t\t\t\t<div id=\"custom-collapse-1-2\" class=\"panel-collapse collapse\">\n\t\t\t\t\t<div class=\"panel-body\">\nCelem g\u0142\u00f3wnym projektu jest rozw\u00f3j bazy danych BazTech, czyli powszechne i bezp\u0142atne udost\u0119pnianie w internecie informacji o publikacjach w polskich czasopismach technicznych.<br \/>\n&nbsp;<\/p>\n<div style=\"text-align: center\"><a class=\"button\" href=\"\/brpm\/programy-krajowe\/projekty-realizowane\/baztech-2025-2026\/\">Dowiedz si\u0119 wi\u0119cej<\/a><\/div>\n<\/div>\n\t\t\t\t<\/div>\n\t\t\t<\/div>\n<\/div>\n<h2 style=\"text-align: center\">PRACE ZLECONE<\/h2>\n<div class=\"panel-group\" id=\"custom-collapse-2\">\n<div class=\"panel panel-default\">\n\t\t\t\t<div class=\"panel-heading\">\n\t\t\t\t\t<div class=\"panel-title\">\n\t\t\t\t\t\t<a class=\"collapsed h4\" data-toggle=\"collapse\" data-parent=\"#custom-collapse-2\" href=\"#custom-collapse-2-3\">Praca zlecona przez firm\u0119 SaMASZ Sp.z.o.o - sta\u017ce<\/a>\n\t\t\t\t\t<\/div>\n\t\t\t\t<\/div>\n\t\t\t\t<div id=\"custom-collapse-2-3\" class=\"panel-collapse collapse\">\n\t\t\t\t\t<div class=\"panel-body\">\nPrzedmiot umowy: Wsp\u00f3\u0142praca przy realizacji projektu: \u201eOBR.SaMASZ.PL&#8221; jako element koncepcji Super Fabryka 4.0 na potrzeby Klastra Obr\u00f3bki Metali &#8211; Krajowy Klaster Kluczy<\/p>\n<div style=\"text-align: center\"><a class=\"button\" href=\"\/brpm\/programy-krajowe\/projekty-realizowane\/samasz-staze\">Dowiedz si\u0119 wi\u0119cej<\/a><\/div>\n<\/div>\n\t\t\t\t<\/div>\n\t\t\t<\/div>\n<div class=\"panel panel-default\">\n\t\t\t\t<div class=\"panel-heading\">\n\t\t\t\t\t<div class=\"panel-title\">\n\t\t\t\t\t\t<a class=\"collapsed h4\" data-toggle=\"collapse\" data-parent=\"#custom-collapse-2\" href=\"#custom-collapse-2-4\">Praca zlecona przez firm\u0119 SaMASZ Sp.z.o.o - opracowanie technologii<\/a>\n\t\t\t\t\t<\/div>\n\t\t\t\t<\/div>\n\t\t\t\t<div id=\"custom-collapse-2-4\" class=\"panel-collapse collapse\">\n\t\t\t\t\t<div class=\"panel-body\">\nPrzedmiot umowy: Wsp\u00f3\u0142praca przy realizacji projektu: \u201eOBR.SaMASZ.PL&#8221; jako element koncepcji Super Fabryka 4.0 na potrzeby Klastra Obr\u00f3bki Metali &#8211; Krajowy Klaster Kluczy.<\/p>\n<div style=\"text-align: center\"><a class=\"button\" href=\"\/brpm\/programy-krajowe\/projekty-realizowane\/samasz-opracownie-technologii\">Dowiedz si\u0119 wi\u0119cej<\/a><\/div>\n<\/div>\n\t\t\t\t<\/div>\n\t\t\t<\/div>\n<\/div>\n<h2 style=\"text-align: center\">INNE<\/h2>\n<div class=\"panel-group\" id=\"custom-collapse-3\">\n<div class=\"panel panel-default\">\n\t\t\t\t<div class=\"panel-heading\">\n\t\t\t\t\t<div class=\"panel-title\">\n\t\t\t\t\t\t<a class=\"collapsed h4\" data-toggle=\"collapse\" data-parent=\"#custom-collapse-3\" href=\"#custom-collapse-3-5\">Grant Motorola (Basics of Biometrics and Telecare)<\/a>\n\t\t\t\t\t<\/div>\n\t\t\t\t<\/div>\n\t\t\t\t<div id=\"custom-collapse-3-5\" class=\"panel-collapse collapse\">\n\t\t\t\t\t<div class=\"panel-body\">\nBiometria i teleopieka na komputerach osobistych.<\/p>\n<div style=\"text-align: center\"><a class=\"button\" href=\"\/brpm\/programy-krajowe\/projekty-realizowane\/grant-motorola-basics-of-biometrics-and-telecare\/\">Dowiedz si\u0119 wi\u0119cej<\/a><\/div>\n<\/div>\n\t\t\t\t<\/div>\n\t\t\t<\/div>\n<\/div>\n","protected":false},"excerpt":{"rendered":"<p>FINANSOWANIE NCBiR FINANSOWNIE MNiSW PRACE ZLECONE INNE<\/p>\n","protected":false},"author":65,"featured_media":0,"parent":1517,"menu_order":0,"comment_status":"closed","ping_status":"closed","template":"","meta":{"_acf_changed":false,"ngg_post_thumbnail":0,"footnotes":""},"class_list":["post-1520","page","type-page","status-publish","hentry"],"acf":[],"_links":{"self":[{"href":"https:\/\/pb.edu.pl\/brpm\/wp-json\/wp\/v2\/pages\/1520","targetHints":{"allow":["GET"]}}],"collection":[{"href":"https:\/\/pb.edu.pl\/brpm\/wp-json\/wp\/v2\/pages"}],"about":[{"href":"https:\/\/pb.edu.pl\/brpm\/wp-json\/wp\/v2\/types\/page"}],"author":[{"embeddable":true,"href":"https:\/\/pb.edu.pl\/brpm\/wp-json\/wp\/v2\/users\/65"}],"replies":[{"embeddable":true,"href":"https:\/\/pb.edu.pl\/brpm\/wp-json\/wp\/v2\/comments?post=1520"}],"version-history":[{"count":0,"href":"https:\/\/pb.edu.pl\/brpm\/wp-json\/wp\/v2\/pages\/1520\/revisions"}],"up":[{"embeddable":true,"href":"https:\/\/pb.edu.pl\/brpm\/wp-json\/wp\/v2\/pages\/1517"}],"wp:attachment":[{"href":"https:\/\/pb.edu.pl\/brpm\/wp-json\/wp\/v2\/media?parent=1520"}],"curies":[{"name":"wp","href":"https:\/\/api.w.org\/{rel}","templated":true}]}}