{"id":152,"date":"2017-12-28T23:18:44","date_gmt":"2017-12-28T22:18:44","guid":{"rendered":"https:\/\/pb.edu.pl\/brpm\/?page_id=152"},"modified":"2025-06-30T21:50:38","modified_gmt":"2025-06-30T19:50:38","slug":"vipskills","status":"publish","type":"page","link":"https:\/\/pb.edu.pl\/brpm\/projekty-pb\/programy-ue\/projekty-zrealizowane\/vipskills\/","title":{"rendered":"VIPSKILLS"},"content":{"rendered":"<p><img loading=\"lazy\" decoding=\"async\" class=\"wp-image-211 aligncenter\" src=\"https:\/\/pb.edu.pl\/brpm\/wp-content\/uploads\/sites\/6\/2018\/04\/erasmus-plus-VIPSKILLS-MELES-beFORE.png\" alt=\"logo programu operacyjnego\" width=\"450\" height=\"108\" srcset=\"https:\/\/pb.edu.pl\/brpm\/wp-content\/uploads\/sites\/6\/2018\/04\/erasmus-plus-VIPSKILLS-MELES-beFORE.png 652w, https:\/\/pb.edu.pl\/brpm\/wp-content\/uploads\/sites\/6\/2018\/04\/erasmus-plus-VIPSKILLS-MELES-beFORE-300x72.png 300w\" sizes=\"auto, (max-width: 450px) 100vw, 450px\" \/><\/p>\n<div style=\"clear: both\">&nbsp;<\/div>\n<h2 class=\"h3\" style=\"text-align: left\">VIPSKILLS \u201eVirtual and Intensive Course Developing Practical Skills of Future Engineers\u201d realizowany w ramach Partnerstw Strategicznych w sektorze szkolnictwa wy\u017cszego w programie Erasmus+<\/h2>\n<p style=\"text-align: left\">Projekt b\u0119dzie realizowany przez Wydzia\u0142 Budownictwa i In\u017cynierii \u015arodowiska Politechniki Bia\u0142ostockiej wsp\u00f3lnie z University of Cordoba (Hiszpania), Vilnius College of Technologies and Design (Litwa) oraz Polski Zwi\u0105zek In\u017cynier\u00f3w i Technik\u00f3w Budownictwa Bia\u0142ystok, przy wsparciu wielu firm i przedsi\u0119biorstw z tych trzech kraj\u00f3w.<\/p>\n<p style=\"text-align: left\" align=\"justify\">Bia\u0142ymstoku i Cordobie oraz kurs\u00f3w podnosz\u0105cych kwalifikacje dydaktyczne nauczycieli w zakresie technik informatycznych, e-learningu czy metodyki uczenia w j\u0119zykach obcych. Wsp\u00f3\u0142praca kadry dydaktycznej z r\u00f3\u017cnych uczelni i praca student\u00f3w w mi\u0119dzynarodowych zespo\u0142ach podczas tworzenia wsp\u00f3lnych projekt\u00f3w umo\u017cliwi wymian\u0119 do\u015bwiadcze\u0144, unowocze\u015bnienie metod nauczania, zapoznanie si\u0119 z nowoczesnymi technologiami stosowanymi w innych krajach, a przede wszystkim dostosowanie tre\u015bci zaj\u0119\u0107 i umiej\u0119tno\u015bci student\u00f3w do oczekiwa\u0144 europejskiego rynku pracy.<\/p>\n<p style=\"text-align: left\"><strong>Warto\u015b\u0107 projektu 285 219,00 euro.<\/strong><\/p>\n<p style=\"text-align: left\"><strong>Projekt by\u0142 realizowany od 01.12.2016 do 31.05.2019 r.<\/strong><\/p>\n","protected":false},"excerpt":{"rendered":"<p>&nbsp; VIPSKILLS \u201eVirtual and Intensive Course Developing Practical Skills of Future Engineers\u201d realizowany w ramach<\/p>\n","protected":false},"author":2,"featured_media":0,"parent":89,"menu_order":12,"comment_status":"closed","ping_status":"closed","template":"","meta":{"_acf_changed":false,"ngg_post_thumbnail":0,"footnotes":""},"class_list":["post-152","page","type-page","status-publish","hentry"],"acf":[],"_links":{"self":[{"href":"https:\/\/pb.edu.pl\/brpm\/wp-json\/wp\/v2\/pages\/152","targetHints":{"allow":["GET"]}}],"collection":[{"href":"https:\/\/pb.edu.pl\/brpm\/wp-json\/wp\/v2\/pages"}],"about":[{"href":"https:\/\/pb.edu.pl\/brpm\/wp-json\/wp\/v2\/types\/page"}],"author":[{"embeddable":true,"href":"https:\/\/pb.edu.pl\/brpm\/wp-json\/wp\/v2\/users\/2"}],"replies":[{"embeddable":true,"href":"https:\/\/pb.edu.pl\/brpm\/wp-json\/wp\/v2\/comments?post=152"}],"version-history":[{"count":0,"href":"https:\/\/pb.edu.pl\/brpm\/wp-json\/wp\/v2\/pages\/152\/revisions"}],"up":[{"embeddable":true,"href":"https:\/\/pb.edu.pl\/brpm\/wp-json\/wp\/v2\/pages\/89"}],"wp:attachment":[{"href":"https:\/\/pb.edu.pl\/brpm\/wp-json\/wp\/v2\/media?parent=152"}],"curies":[{"name":"wp","href":"https:\/\/api.w.org\/{rel}","templated":true}]}}