{"id":1509,"date":"2022-09-30T11:44:00","date_gmt":"2022-09-30T09:44:00","guid":{"rendered":"https:\/\/pb.edu.pl\/brpm\/?page_id=1509"},"modified":"2025-10-31T08:25:27","modified_gmt":"2025-10-31T07:25:27","slug":"crodia","status":"publish","type":"page","link":"https:\/\/pb.edu.pl\/brpm\/projekty-pb\/programy-krajowe\/projekty-zrealizowane\/crodia\/","title":{"rendered":"\u201ePrzekroczenie granic poprzez badanie materia\u0142\u00f3w biogenicznych na bazie okrzemek\u201d &#8211; CRODIA"},"content":{"rendered":"<h2><img loading=\"lazy\" decoding=\"async\" class=\"wp-image-1513 size-full aligncenter\" src=\"https:\/\/pb.edu.pl\/brpm\/wp-content\/uploads\/sites\/6\/2022\/09\/Logo-RP-NCBR-1600\u00d7300-px.png\" alt=\"\" width=\"1600\" height=\"300\" srcset=\"https:\/\/pb.edu.pl\/brpm\/wp-content\/uploads\/sites\/6\/2022\/09\/Logo-RP-NCBR-1600\u00d7300-px.png 1600w, https:\/\/pb.edu.pl\/brpm\/wp-content\/uploads\/sites\/6\/2022\/09\/Logo-RP-NCBR-1600\u00d7300-px-300x56.png 300w, https:\/\/pb.edu.pl\/brpm\/wp-content\/uploads\/sites\/6\/2022\/09\/Logo-RP-NCBR-1600\u00d7300-px-1024x192.png 1024w, https:\/\/pb.edu.pl\/brpm\/wp-content\/uploads\/sites\/6\/2022\/09\/Logo-RP-NCBR-1600\u00d7300-px-768x144.png 768w, https:\/\/pb.edu.pl\/brpm\/wp-content\/uploads\/sites\/6\/2022\/09\/Logo-RP-NCBR-1600\u00d7300-px-1536x288.png 1536w\" sizes=\"auto, (max-width: 1600px) 100vw, 1600px\" \/><\/h2>\n<h2>Projekt \u201ePrzekroczenie granic poprzez badanie materia\u0142\u00f3w biogenicznych na bazie okrzemek\u201d \u2013 CRODIA, finansowany przez Narodowe Centrum Bada\u0144 i Rozwoju w ramach IX konkursu na wsp\u00f3lne projekty bilateralne w ramach wsp\u00f3\u0142pracy polsko-tajwa\u0144skiej .<\/h2>\n<p>G\u0142\u00f3wnym celem naukowym proponowanego projektu jest przeprowadzenie bada\u0144 okrzemek in-situ i in-vivo w zmiennych warunkach \u015brodowiskowych z wykorzystaniem mikroskopii elektronowej. Rozwa\u017cane i mo\u017cliwe do zaaplikowania warunki zwi\u0105zane s\u0105 ze \u015brodowiskiem badawczym: gaz \/ p\u0142yn, w szerokim zakresie temperatur. Wed\u0142ug najlepszej wiedzy Wnioskodawc\u00f3w, propozycja zawarta w przedk\u0142adanym projekcie jest pierwsz\u0105 na \u015bwiecie pr\u00f3ba bada\u0144 eksperymentalnych tego typu.<\/p>\n<p>Pierwszy cel szczeg\u00f3\u0142owy za realizacj\u0119 kt\u00f3rego b\u0119d\u0105 odpowiedzialni naukowcy z Uniwersytetu Szczeci\u0144skiego dotyczy selekcji i hodowli takson\u00f3w okrzemek o cechach wykazuj\u0105cych potencja\u0142 w nowatorskich zastosowaniach. Kolejny cel, realizowany przez partnera zagranicznego (Tamkang University) jest \u015bci\u015ble zwi\u0105zany z pierwsz\u0105 na \u015bwiecie pr\u00f3b\u0105 bada\u0144 in-situ i in-vivo okrzemek w r\u00f3\u017cnych \u015brodowiskach (ciecz, gaz, a tak\u017ce w r\u00f3\u017cnym zakresie temperatur). Otrzymane wyniki zostan\u0105 por\u00f3wnane z obrazowaniem w wysokiej rozdzielczo\u015bci pancerzyk\u00f3w okrzemek bez zawarto\u015bci organelli (pr\u00f3bki referencyjne), przeprowadzonym przez naukowc\u00f3w z Politechniki Bia\u0142ostockiej. Ostatecznym celem b\u0119dzie zastosowanie przez naukowc\u00f3w z PB metody analizy obrazu, kt\u00f3ra umo\u017cliwi ilo\u015bciowy i jako\u015bciowy opis uzyskanych wynik\u00f3w. Wsp\u00f3\u0142praca z najwi\u0119ksz\u0105 hodowl\u0105 okrzemek w Polsce, a tak\u017ce jedn\u0105 z najwi\u0119kszych na \u015bwiecie &#8211; Szczeci\u0144sk\u0105 Kolekcji Kultury Okrzemek (USZ), zapewni dost\u0119p do r\u00f3\u017cnych gatunk\u00f3w okrzemek.<\/p>\n<p><strong>&nbsp;<\/strong><\/p>\n<h3><strong>Projekt realizowany w konsorcjum, w sk\u0142adzie:<\/strong><br \/>\n<strong>Lider:<\/strong>&nbsp;Politechnika Bia\u0142ostocka<br \/>\n<strong>Partner:<\/strong>&nbsp;Uniwersytet Szczeci\u0144ski al. Papie\u017ca Jana Paw\u0142a II 22a<\/h3>\n<p><strong>Warto\u015b\u0107\/dofinansowanie projektu: 413 764,01 z\u0142<\/strong><\/p>\n<p><strong>Okres realizacji:<\/strong>&nbsp;01.05.2021-30.04.2025<\/p>\n","protected":false},"excerpt":{"rendered":"<p>Projekt \u201ePrzekroczenie granic poprzez badanie materia\u0142\u00f3w biogenicznych na bazie okrzemek\u201d \u2013 CRODIA, finansowany przez Narodowe<\/p>\n","protected":false},"author":65,"featured_media":0,"parent":1575,"menu_order":0,"comment_status":"closed","ping_status":"closed","template":"","meta":{"_acf_changed":false,"ngg_post_thumbnail":0,"footnotes":""},"class_list":["post-1509","page","type-page","status-publish","hentry"],"acf":[],"_links":{"self":[{"href":"https:\/\/pb.edu.pl\/brpm\/wp-json\/wp\/v2\/pages\/1509","targetHints":{"allow":["GET"]}}],"collection":[{"href":"https:\/\/pb.edu.pl\/brpm\/wp-json\/wp\/v2\/pages"}],"about":[{"href":"https:\/\/pb.edu.pl\/brpm\/wp-json\/wp\/v2\/types\/page"}],"author":[{"embeddable":true,"href":"https:\/\/pb.edu.pl\/brpm\/wp-json\/wp\/v2\/users\/65"}],"replies":[{"embeddable":true,"href":"https:\/\/pb.edu.pl\/brpm\/wp-json\/wp\/v2\/comments?post=1509"}],"version-history":[{"count":0,"href":"https:\/\/pb.edu.pl\/brpm\/wp-json\/wp\/v2\/pages\/1509\/revisions"}],"up":[{"embeddable":true,"href":"https:\/\/pb.edu.pl\/brpm\/wp-json\/wp\/v2\/pages\/1575"}],"wp:attachment":[{"href":"https:\/\/pb.edu.pl\/brpm\/wp-json\/wp\/v2\/media?parent=1509"}],"curies":[{"name":"wp","href":"https:\/\/api.w.org\/{rel}","templated":true}]}}