{"id":150,"date":"2017-12-28T23:17:34","date_gmt":"2017-12-28T22:17:34","guid":{"rendered":"https:\/\/pb.edu.pl\/brpm\/?page_id=150"},"modified":"2022-01-10T09:08:05","modified_gmt":"2022-01-10T08:08:05","slug":"program-stazowy","status":"publish","type":"page","link":"https:\/\/pb.edu.pl\/brpm\/projekty-pb\/programy-ue\/projekty-zrealizowane\/program-stazowy\/","title":{"rendered":"Program sta\u017cowy"},"content":{"rendered":"<p><img loading=\"lazy\" decoding=\"async\" class=\"aligncenter size-full wp-image-568\" src=\"https:\/\/pb.edu.pl\/brpm\/wp-content\/uploads\/sites\/6\/2018\/09\/FE_POWER_poziom_pl-jpg.jpg\" alt=\"\" width=\"5883\" height=\"756\" srcset=\"https:\/\/pb.edu.pl\/brpm\/wp-content\/uploads\/sites\/6\/2018\/09\/FE_POWER_poziom_pl-jpg.jpg 5883w, https:\/\/pb.edu.pl\/brpm\/wp-content\/uploads\/sites\/6\/2018\/09\/FE_POWER_poziom_pl-jpg-300x39.jpg 300w, https:\/\/pb.edu.pl\/brpm\/wp-content\/uploads\/sites\/6\/2018\/09\/FE_POWER_poziom_pl-jpg-768x99.jpg 768w, https:\/\/pb.edu.pl\/brpm\/wp-content\/uploads\/sites\/6\/2018\/09\/FE_POWER_poziom_pl-jpg-1024x132.jpg 1024w\" sizes=\"auto, (max-width: 5883px) 100vw, 5883px\" \/><\/p>\n<h2>\u201eProgram sta\u017cowy dla kierunku logistyka Wydzia\u0142u Zarz\u0105dzania Politechnik Bia\u0142ostockiej\u201d. Projekt uzyska\u0142 finansowanie z osi priorytetowej III. Szkolnictwo wy\u017csze dla gospodarki i rozwoju, Dzia\u0142ania 3.1 Kompetencje w szkolnictwie wy\u017cszym Programu Operacyjnego Wiedza Edukacja Rozw\u00f3j 2014-2020 w ramach konkursu nr 2\/SP\/POWER\/3.1\/2015.<\/h2>\n<p>Cel projektu: <strong>podniesienie kompetencji student\u00f3w w zakresie nabycia praktycznych umiej\u0119tno\u015bci<\/strong> niezb\u0119dnych na rynku pracy zwi\u0105zanych bezpo\u015brednio z tokiem studi\u00f3w na kierunku logistyka Wydzia\u0142u Zarz\u0105dzania Politechniki Bia\u0142ostockiej.<\/p>\n<p><strong>Czas trwania projektu:<\/strong> 30 stycznia 2017 r. \u2013 30 pa\u017adziernika 2018 r.<\/p>\n<p><strong>Ca\u0142kowita warto\u015b\u0107 projektu:<\/strong> 1 733 684, 40 z\u0142<\/p>\n<p><strong>Kwota dofinansowania z UE w ramach POWER 2014-2020:<\/strong> 1 461 149, 21 z\u0142<\/p>\n<p><strong>Kwota dofinansowania ze \u015brodk\u00f3w dotacji celowej:<\/strong> 178 785,19 z\u0142<\/p>\n<p><strong>Wk\u0142ad w\u0142asny:<\/strong> 93 750 z\u0142<\/p>\n<p><strong>Charakterystyka projektu:<\/strong><br \/>\nProjekt skierowany jest do 125 najlepszych student\u00f3w studi\u00f3w dziennych (dw\u00f3ch ostatnich semestr\u00f3w studi\u00f3w I stopnia w 2017 i 2018 roku) kierunku logistyka. Przewiduje on sfinansowanie 3-miesi\u0119cznych sta\u017cy (w wymiarze 360 godzin) w przedsi\u0119biorstwach zar\u00f3wno krajowych, jak i zagranicznych. Dofinansowanie zostanie przeznaczone m.in. na stypendium sta\u017cowe, dojazd i zakwaterowanie uczestnik\u00f3w oraz ubezpieczenie.<\/p>\n<p><strong>W projekcie przewiduje si\u0119 dwa terminy rekrutacji na sta\u017ce:<\/strong><br \/>\ntermin I: 04.2017-05.2017 roku,<br \/>\ntermin II: 03.2018-04.2018 roku.<\/p>\n<p>G\u0142\u00f3wnym kryterium rekrutacji b\u0119dzie \u015brednia ocen uzyskana w toku studi\u00f3w. Dodatkowe punkty mo\u017cna otrzyma\u0107 m.in. za osi\u0105gni\u0119cia\/czo\u0142owe lokaty w konkursach, znajomo\u015b\u0107 j\u0119zyk\u00f3w obcych potwierdzon\u0105 certyfikatem, dzia\u0142alno\u015b\u0107 w samorz\u0105dzie studenckim czy kole naukowym lub wolontariat.<\/p>\n<p>Efekty realizacji projektu ze strony sta\u017cysty to szansa na zdobycie praktycznych umiej\u0119tno\u015bci powi\u0105zanych z efektami kszta\u0142cenia na Wydziale Zarz\u0105dzania PB, jak r\u00f3wnie\u017c poznanie pracodawcy, jego specyfiki i bran\u017cy, co mo\u017ce skutkowa\u0107 ewentualnym zatrudnieniem w przysz\u0142o\u015bci.<\/p>\n<p>Efektem realizacji projektu ze strony uczelni jest utrwalanie wsp\u00f3\u0142pracy z otoczeniem gospodarczym.<\/p>\n<p>Link do strony projektu: <a href=\"https:\/\/wiz.pb.edu.pl\/projekty\/staze-studenckie\/staz-studencki-logistyka\/\">wiz.pb.edu.pl\/projekty\/staze-studenckie\/staz-studencki-logistyka\/<\/a><\/p>\n","protected":false},"excerpt":{"rendered":"<p>\u201eProgram sta\u017cowy dla kierunku logistyka Wydzia\u0142u Zarz\u0105dzania Politechnik Bia\u0142ostockiej\u201d. Projekt uzyska\u0142 finansowanie z osi priorytetowej<\/p>\n","protected":false},"author":2,"featured_media":0,"parent":89,"menu_order":11,"comment_status":"closed","ping_status":"closed","template":"","meta":{"_acf_changed":false,"ngg_post_thumbnail":0,"footnotes":""},"class_list":["post-150","page","type-page","status-publish","hentry"],"acf":[],"_links":{"self":[{"href":"https:\/\/pb.edu.pl\/brpm\/wp-json\/wp\/v2\/pages\/150","targetHints":{"allow":["GET"]}}],"collection":[{"href":"https:\/\/pb.edu.pl\/brpm\/wp-json\/wp\/v2\/pages"}],"about":[{"href":"https:\/\/pb.edu.pl\/brpm\/wp-json\/wp\/v2\/types\/page"}],"author":[{"embeddable":true,"href":"https:\/\/pb.edu.pl\/brpm\/wp-json\/wp\/v2\/users\/2"}],"replies":[{"embeddable":true,"href":"https:\/\/pb.edu.pl\/brpm\/wp-json\/wp\/v2\/comments?post=150"}],"version-history":[{"count":0,"href":"https:\/\/pb.edu.pl\/brpm\/wp-json\/wp\/v2\/pages\/150\/revisions"}],"up":[{"embeddable":true,"href":"https:\/\/pb.edu.pl\/brpm\/wp-json\/wp\/v2\/pages\/89"}],"wp:attachment":[{"href":"https:\/\/pb.edu.pl\/brpm\/wp-json\/wp\/v2\/media?parent=150"}],"curies":[{"name":"wp","href":"https:\/\/api.w.org\/{rel}","templated":true}]}}