{"id":1488,"date":"2022-06-23T10:41:54","date_gmt":"2022-06-23T08:41:54","guid":{"rendered":"https:\/\/pb.edu.pl\/brpm\/?page_id=1488"},"modified":"2026-03-31T09:28:18","modified_gmt":"2026-03-31T07:28:18","slug":"cavitel","status":"publish","type":"page","link":"https:\/\/pb.edu.pl\/brpm\/projekty-pb\/programy-ue\/projekty-zrealizowane\/cavitel\/","title":{"rendered":"Praca zlecona przez Cavitel Sp. z o.o"},"content":{"rendered":"<h2>Praca zlecona przez Cavitel Bio Sp. z o.o w ramach projektu \u201eOpracowanie kompozycji biob\u00f3jczych i antywirusowych oraz technologii wytwarzania na ich bazie biodegradowalnych materia\u0142\u00f3w opakowaniowych\u201d<\/h2>\n<p><strong>Finansowanie w ramach:<\/strong>&nbsp;Dzia\u0142ania 1.1 \u201eProjekty B+R Przedsi\u0119biorstw\u201d, Podzia\u0142ania 1.1.1 \u201eBadania przemys\u0142owe i prace rozwojowe realizowane przez przedsi\u0119biorstwa\u201d Programu Operacyjnego Inteligentny Rozw\u00f3j 2014-2020 wsp\u00f3\u0142finansowanego ze \u015brodk\u00f3w Europejskiego Funduszu Rozwoju Regionalnego.<\/p>\n<p><strong>Warto\u015b\u0107 zlecenia:<\/strong>&nbsp;744&nbsp;678,90 z\u0142&nbsp; brutto<\/p>\n<p><strong>Okres realizacji pracy:<\/strong> 29.12.2020 r. \u2013 30.04.2023 r.<\/p>\n<p><strong>Jednostka realizuj\u0105ca:<\/strong>&nbsp;Wydzia\u0142 Budownictwa i Nauk o \u015arodowisku Politechniki Bia\u0142ostockiej<\/p>\n<p><strong>Kierownik Pracy:&nbsp;<\/strong>dr hab. Monika Kalinowska<\/p>\n<p><strong>Cel&nbsp; projektu<\/strong>:&nbsp; Opracowanie biodegradowalnych antybakteryjnych i antywirusowych materia\u0142\u00f3w opakowaniowych na warstwie polilaktydu PLA i skrobi z kompozycj\u0105 biologicznie czynn\u0105 (antywirusow\u0105, przeciwdrobnoustrojow\u0105, antyoksydacyjn\u0105) poprzez opracowanie technologii ich wytwarzania, z przeznaczeniem dla zastosowania w br. medycznej i spo\u017cywczej. Ide\u0105 prac B+R jest optymalizacja sk\u0142adu i warunk\u00f3w otrzymywania folii biodegradowalnej o dzia\u0142aniu mikrob\u00f3jczym celem przerwania transmisji wirus\u00f3w na opakowaniach.<\/p>\n","protected":false},"excerpt":{"rendered":"<p>Praca zlecona przez Cavitel Bio Sp. z o.o w ramach projektu \u201eOpracowanie kompozycji biob\u00f3jczych i<\/p>\n","protected":false},"author":65,"featured_media":0,"parent":89,"menu_order":0,"comment_status":"closed","ping_status":"closed","template":"","meta":{"_acf_changed":false,"ngg_post_thumbnail":0,"footnotes":""},"class_list":["post-1488","page","type-page","status-publish","hentry"],"acf":[],"_links":{"self":[{"href":"https:\/\/pb.edu.pl\/brpm\/wp-json\/wp\/v2\/pages\/1488","targetHints":{"allow":["GET"]}}],"collection":[{"href":"https:\/\/pb.edu.pl\/brpm\/wp-json\/wp\/v2\/pages"}],"about":[{"href":"https:\/\/pb.edu.pl\/brpm\/wp-json\/wp\/v2\/types\/page"}],"author":[{"embeddable":true,"href":"https:\/\/pb.edu.pl\/brpm\/wp-json\/wp\/v2\/users\/65"}],"replies":[{"embeddable":true,"href":"https:\/\/pb.edu.pl\/brpm\/wp-json\/wp\/v2\/comments?post=1488"}],"version-history":[{"count":1,"href":"https:\/\/pb.edu.pl\/brpm\/wp-json\/wp\/v2\/pages\/1488\/revisions"}],"predecessor-version":[{"id":2986,"href":"https:\/\/pb.edu.pl\/brpm\/wp-json\/wp\/v2\/pages\/1488\/revisions\/2986"}],"up":[{"embeddable":true,"href":"https:\/\/pb.edu.pl\/brpm\/wp-json\/wp\/v2\/pages\/89"}],"wp:attachment":[{"href":"https:\/\/pb.edu.pl\/brpm\/wp-json\/wp\/v2\/media?parent=1488"}],"curies":[{"name":"wp","href":"https:\/\/api.w.org\/{rel}","templated":true}]}}