{"id":148,"date":"2017-12-28T23:16:23","date_gmt":"2017-12-28T22:16:23","guid":{"rendered":"https:\/\/pb.edu.pl\/brpm\/?page_id=148"},"modified":"2022-01-10T08:51:36","modified_gmt":"2022-01-10T07:51:36","slug":"nano2all","status":"publish","type":"page","link":"https:\/\/pb.edu.pl\/brpm\/projekty-pb\/programy-ue\/projekty-zrealizowane\/nano2all\/","title":{"rendered":"NANO2ALL"},"content":{"rendered":"<p><img loading=\"lazy\" decoding=\"async\" class=\"wp-image-226 aligncenter\" src=\"https:\/\/pb.edu.pl\/brpm\/wp-content\/uploads\/sites\/6\/2018\/04\/Nano2all.png\" alt=\"logo programu operacyjnego UE\" width=\"400\" height=\"200\" srcset=\"https:\/\/pb.edu.pl\/brpm\/wp-content\/uploads\/sites\/6\/2018\/04\/Nano2all.png 318w, https:\/\/pb.edu.pl\/brpm\/wp-content\/uploads\/sites\/6\/2018\/04\/Nano2all-300x150.png 300w\" sizes=\"auto, (max-width: 400px) 100vw, 400px\" \/><\/p>\n<div style=\"clear: both\">&nbsp;<\/div>\n<h2><strong>NANO2ALL<\/strong> jest ambitnym projektem z kategorii dzia\u0142a\u0144 koordynacji i wsparcia bada\u0144 naukowych (ang. Coordination and Support Action), finansowanym przez unijny program Horizon 2020 Research and Innovation. Jego celem jest przyczynianie si\u0119 do ustanowienia polityki Odpowiedzialnych Bada\u0144 i Innowacji (Responsible Research and Innovation- RRI) oraz zarz\u0105dzanie rozwojem nanotechnologii, w oparciu o przejrzyst\u0105 wsp\u00f3\u0142prac\u0119 i wiedz\u0119, wynikaj\u0105c\u0105 z potrzeb spo\u0142ecznych i anga\u017cuj\u0105cych wszystkie zainteresowane strony \u2013 przez zastosowanie metod partycypacyjnych oraz dzia\u0142a\u0144 z zakresu wzajemnego uczenia si\u0119 (Mobilisation and Mutual Learning Action).<\/h2>\n<p><strong>Cele projektu:<\/strong><\/p>\n<ul>\n<li>Stworzenie og\u00f3lnoeuropejskiej platformy dialogu, wymiany wiedzy i wzajemnego uczenia si\u0119 oraz buduj\u0105cej spo\u0142eczne zaanga\u017cowanie w rozw\u00f3j odpowiedzialnej nanotechnologii.<\/li>\n<li>Realizacja szeregu dzia\u0142a\u0144 szkoleniowych skierowanych do wszystkich interesariuszy, kt\u00f3re wype\u0142ni\u0142yby luki w wiedzy pomi\u0119dzy r\u00f3\u017cnymi typami podmiot\u00f3w oraz opracowanie wsp\u00f3lnego sposobu rozumienia korzy\u015bci i zagro\u017ce\u0144 wynikaj\u0105cych z rozwoju odpowiedzialnej nanotechnologii (poprzez wielostronny dialog).<\/li>\n<li>Systematyczne anga\u017cowanie spo\u0142ecze\u0144stwa, przedstawicieli nauk spo\u0142ecznych i humanistycznych, przemys\u0142u i naukowc\u00f3w w dzia\u0142ania zwi\u0105zane z nanotechnologiami.<\/li>\n<li>Opracowanie zalece\u0144 opartych na dowodach oraz przygotowanie planu dzia\u0142ania w celu zwi\u0119kszenia zaanga\u017cowania spo\u0142ecznego w odpowiedzialne nanotechnologie.<\/li>\n<\/ul>\n<p><strong>Spodziewane efekty NANO2ALL:<\/strong><\/p>\n<ul>\n<li>Zwi\u0119kszenie i wzbogacenie interakcji pomi\u0119dzy spo\u0142ecze\u0144stwem, nauk\u0105 i nanotechnologi\u0105 w celu wsp\u00f3\u0142udzia\u0142u w realizacji odpowiedzialnych bada\u0144 w dziedzinie nanotechnologii i innowacji na poziomie polityki unijnej i krajowej oraz poszczeg\u00f3lnych proces\u00f3w badawczych;<\/li>\n<li>W\u0142\u0105czanie spo\u0142ecze\u0144stwa obywatelskiego, przedstawicieli nauk spo\u0142ecznych i humanistycznych oraz przemys\u0142u w procesy decyzyjne i \/ lub dialogu spo\u0142ecznego, a tak\u017ce anga\u017cowanie na rzecz nanotechnologii, zwi\u0119kszenie \u015bwiadomo\u015bci obywateli, zwi\u0119kszanie wzajemnego zrozumienia wszystkich interesariuszy, ich potrzeb, oczekiwa\u0144 i obaw oraz zwi\u0119kszenie zaufania pomi\u0119dzy nimi;<\/li>\n<li>Przyczynianie si\u0119 do odpowiedzialnego podejmowania decyzji politycznych, lepszej akceptacji rezultat\u00f3w dzia\u0142a\u0144 z zakresu nanotechnologii, wi\u0119kszej integracji spo\u0142ecze\u0144stwa europejskiego oraz stworzenie planu dzia\u0142a\u0144 w celu zwi\u0119kszenia spo\u0142ecznego zaanga\u017cowania w nanotechnologie.<\/li>\n<\/ul>\n<p>Projekt realizowany jest w ramach Programu Ramowego Unii Europejskiej Horyzont 2020.<\/p>\n<p>Link do strony projektu: <a title=\"Strona otworzy si\u0119 w nowym oknie.\" href=\"http:\/\/www.nano2all.eu\" target=\"_blank\" rel=\"noopener\">www.nano2all.eu<\/a><\/p>\n","protected":false},"excerpt":{"rendered":"<p>&nbsp; NANO2ALL jest ambitnym projektem z kategorii dzia\u0142a\u0144 koordynacji i wsparcia bada\u0144 naukowych (ang. Coordination<\/p>\n","protected":false},"author":2,"featured_media":0,"parent":89,"menu_order":10,"comment_status":"closed","ping_status":"closed","template":"","meta":{"_acf_changed":false,"ngg_post_thumbnail":0,"footnotes":""},"class_list":["post-148","page","type-page","status-publish","hentry"],"acf":[],"_links":{"self":[{"href":"https:\/\/pb.edu.pl\/brpm\/wp-json\/wp\/v2\/pages\/148","targetHints":{"allow":["GET"]}}],"collection":[{"href":"https:\/\/pb.edu.pl\/brpm\/wp-json\/wp\/v2\/pages"}],"about":[{"href":"https:\/\/pb.edu.pl\/brpm\/wp-json\/wp\/v2\/types\/page"}],"author":[{"embeddable":true,"href":"https:\/\/pb.edu.pl\/brpm\/wp-json\/wp\/v2\/users\/2"}],"replies":[{"embeddable":true,"href":"https:\/\/pb.edu.pl\/brpm\/wp-json\/wp\/v2\/comments?post=148"}],"version-history":[{"count":0,"href":"https:\/\/pb.edu.pl\/brpm\/wp-json\/wp\/v2\/pages\/148\/revisions"}],"up":[{"embeddable":true,"href":"https:\/\/pb.edu.pl\/brpm\/wp-json\/wp\/v2\/pages\/89"}],"wp:attachment":[{"href":"https:\/\/pb.edu.pl\/brpm\/wp-json\/wp\/v2\/media?parent=148"}],"curies":[{"name":"wp","href":"https:\/\/api.w.org\/{rel}","templated":true}]}}