{"id":146,"date":"2017-12-28T23:15:09","date_gmt":"2017-12-28T22:15:09","guid":{"rendered":"https:\/\/pb.edu.pl\/brpm\/?page_id=146"},"modified":"2022-01-10T08:52:14","modified_gmt":"2022-01-10T07:52:14","slug":"meles","status":"publish","type":"page","link":"https:\/\/pb.edu.pl\/brpm\/projekty-pb\/programy-ue\/projekty-zrealizowane\/meles\/","title":{"rendered":"MELES"},"content":{"rendered":"<p><img loading=\"lazy\" decoding=\"async\" class=\"wp-image-211 aligncenter\" src=\"https:\/\/pb.edu.pl\/brpm\/wp-content\/uploads\/sites\/6\/2018\/04\/erasmus-plus-VIPSKILLS-MELES-beFORE.png\" alt=\"logo programu operacyjnego\" width=\"450\" height=\"108\" srcset=\"https:\/\/pb.edu.pl\/brpm\/wp-content\/uploads\/sites\/6\/2018\/04\/erasmus-plus-VIPSKILLS-MELES-beFORE.png 652w, https:\/\/pb.edu.pl\/brpm\/wp-content\/uploads\/sites\/6\/2018\/04\/erasmus-plus-VIPSKILLS-MELES-beFORE-300x72.png 300w\" sizes=\"auto, (max-width: 450px) 100vw, 450px\" \/><\/p>\n<h2 style=\"clear: both\">&nbsp;\u201eMore Entrepreneurial Life at European Schools\u201d w ramach partnerstwa strategicznego na rzecz szkolnictwa wy\u017cszego ERASMUS+.<\/h2>\n<p><strong>Lider konsorcjum:<\/strong> Akademia Morska w Szczecinie<\/p>\n<p><strong>Partnerzy projektu:<\/strong><\/p>\n<ul>\n<li>Universidade de Aveiro \u2013 Portugalia,<\/li>\n<li>University of the Aegean-Research Unit \u2013 Grecja,<\/li>\n<li>Politechnika Bia\u0142ostocka \u2013 Polska,<\/li>\n<li>University of Leipzig \u2013 Niemcy.<\/li>\n<\/ul>\n<p><strong>Termin realizacji projektu:<\/strong> 01.09.2014 \u2013 31.08.2017.<\/p>\n<p>Podstawowym celem projektu MELES jest <strong>wprowadzenie do program\u00f3w nauczania przedmiot\u00f3w, ukierunkowanych na zdobycie wiedzy i umiej\u0119tno\u015bci z zakresu przedsi\u0119biorczo\u015bci<\/strong>. W obliczu zwi\u0119kszaj\u0105cego si\u0119 bezrobocia mo\u017ce ona sta\u0107 si\u0119 stymulatorem wyboru alternatywnych \u015bcie\u017cek kariery zawodowej dla m\u0142odych ludzi poprzez zwi\u0119kszenie ich potencja\u0142u ekonomicznego, niezale\u017cno\u015bci oraz satysfakcji z pracy. Projekt jest realizowany na wydzia\u0142ach, kt\u00f3re maj\u0105 ma\u0142e do\u015bwiadczenie w nauczaniu przedsi\u0119biorczo\u015bci lub nie maj\u0105 go wcale. Zaj\u0119cia docelowo b\u0119d\u0105 prowadzone w grupach multidyscyplinarnych i maj\u0105 za zadanie wyposa\u017cenie m\u0142odych ludzi w odpowiednie umiej\u0119tno\u015bci, dzi\u0119ki kt\u00f3rym b\u0119d\u0105 oni \u015bwiadomie realizowa\u0107 nowe mo\u017cliwo\u015bci biznesowe, szacowa\u0107 ryzyko podejmowanych decyzji w \u017cyciu zawodowym oraz rozwija\u0107 swoje zainteresowania.<\/p>\n<p>Projekt umo\u017cliwia zar\u00f3wno studentom jak i wyk\u0142adowcom rozw\u00f3j umiej\u0119tno\u015bci, kt\u00f3re do tej pory by\u0142y pomijane w programach nauczania. Pozwala na wsp\u00f3\u0142prac\u0119 mi\u0119dzy instytucjami szkolnictwa wy\u017cszego, reprezentuj\u0105cymi r\u00f3\u017cne kierunki studi\u00f3w. Wprowadza tak\u017ce niekonwencjonalne i innowacyjne metody nauki, wypieraj\u0105c tym samym tradycyjne podej\u015bcie do procesu dydaktycznego.<\/p>\n<p>W trakcie realizacji projektu zaplanowane s\u0105 dwie szko\u0142y letnie dla grupy 30 student\u00f3w ze wszystkich partnerskich uczelni. Pierwsza szko\u0142a letnia obejmuje wyjazd do Grecji w roku 2015, za\u015b druga do Portugalii w roku 2016.<\/p>\n<p>Link do strony projektu: <a title=\"Agenda\" href=\"http:\/\/www.meles-project.eu\/\" target=\"_blank\" rel=\"noopener\">www.meles-project.eu<\/a><\/p>\n","protected":false},"excerpt":{"rendered":"<p>&nbsp;\u201eMore Entrepreneurial Life at European Schools\u201d w ramach partnerstwa strategicznego na rzecz szkolnictwa wy\u017cszego ERASMUS+.<\/p>\n","protected":false},"author":2,"featured_media":0,"parent":89,"menu_order":9,"comment_status":"closed","ping_status":"closed","template":"","meta":{"_acf_changed":false,"ngg_post_thumbnail":0,"footnotes":""},"class_list":["post-146","page","type-page","status-publish","hentry"],"acf":[],"_links":{"self":[{"href":"https:\/\/pb.edu.pl\/brpm\/wp-json\/wp\/v2\/pages\/146","targetHints":{"allow":["GET"]}}],"collection":[{"href":"https:\/\/pb.edu.pl\/brpm\/wp-json\/wp\/v2\/pages"}],"about":[{"href":"https:\/\/pb.edu.pl\/brpm\/wp-json\/wp\/v2\/types\/page"}],"author":[{"embeddable":true,"href":"https:\/\/pb.edu.pl\/brpm\/wp-json\/wp\/v2\/users\/2"}],"replies":[{"embeddable":true,"href":"https:\/\/pb.edu.pl\/brpm\/wp-json\/wp\/v2\/comments?post=146"}],"version-history":[{"count":0,"href":"https:\/\/pb.edu.pl\/brpm\/wp-json\/wp\/v2\/pages\/146\/revisions"}],"up":[{"embeddable":true,"href":"https:\/\/pb.edu.pl\/brpm\/wp-json\/wp\/v2\/pages\/89"}],"wp:attachment":[{"href":"https:\/\/pb.edu.pl\/brpm\/wp-json\/wp\/v2\/media?parent=146"}],"curies":[{"name":"wp","href":"https:\/\/api.w.org\/{rel}","templated":true}]}}