{"id":144,"date":"2017-12-28T23:14:02","date_gmt":"2017-12-28T22:14:02","guid":{"rendered":"https:\/\/pb.edu.pl\/brpm\/?page_id=144"},"modified":"2022-01-10T08:59:19","modified_gmt":"2022-01-10T07:59:19","slug":"mar-clean","status":"publish","type":"page","link":"https:\/\/pb.edu.pl\/brpm\/projekty-pb\/programy-ue\/projekty-zrealizowane\/mar-clean\/","title":{"rendered":"MAR-CLEAN"},"content":{"rendered":"<p><img loading=\"lazy\" decoding=\"async\" class=\"alignnone wp-image-683 size-full\" src=\"https:\/\/pb.edu.pl\/brpm\/wp-content\/uploads\/sites\/6\/2019\/05\/FE_POIR_poziom_pl-1_rgb.jpg\" alt=\"\" width=\"5496\" height=\"756\" srcset=\"https:\/\/pb.edu.pl\/brpm\/wp-content\/uploads\/sites\/6\/2019\/05\/FE_POIR_poziom_pl-1_rgb.jpg 5496w, https:\/\/pb.edu.pl\/brpm\/wp-content\/uploads\/sites\/6\/2019\/05\/FE_POIR_poziom_pl-1_rgb-300x41.jpg 300w, https:\/\/pb.edu.pl\/brpm\/wp-content\/uploads\/sites\/6\/2019\/05\/FE_POIR_poziom_pl-1_rgb-768x106.jpg 768w, https:\/\/pb.edu.pl\/brpm\/wp-content\/uploads\/sites\/6\/2019\/05\/FE_POIR_poziom_pl-1_rgb-1024x141.jpg 1024w\" sizes=\"auto, (max-width: 5496px) 100vw, 5496px\" \/><\/p>\n<h2>\u201eTechnologia w\u0119z\u0142a wydechu dla silnik\u00f3w spalinowych ma\u0142ych i \u015brednich jednostek p\u0142ywaj\u0105cych\u201d \u2013 MAR-CLEAN<\/h2>\n<p>Realizowany na podstawie umowy o dofinansowanie nr POIR.04.01.02-00-0135\/16 z dnia 13.02.2017 r. w ramach Dzia\u0142ania 4.1 Badania naukowe i prace rozwojowe, Poddzia\u0142ania 4.1.2 \u201eRegionalne Agendy Badawcze\u201d Programu Operacyjnego Inteligentny Rozw\u00f3j 2014-2020.<\/p>\n<p>Projekt realizowany w ramach Umowy Konsorcjum przez Politechnik\u0119 Bia\u0142ostock\u0105 \u2013 Wydzia\u0142 Mechaniczny (lider) oraz stoczni\u0119 Marine Projects LTD Sp. z o.o. Projekt obejmuje prace rozwojowe oraz badania przemys\u0142owe przeprowadzone w przewidywalnym terminie od stycznia 2017 do 31.01.2020 roku. Ca\u0142kowity koszt realizacji projektu wynosi 6.47 mln z\u0142, za\u015b dofinansowanie uzyskane z Funduszy Europejskich w ramach Programu Operacyjnego Inteligentny Rozw\u00f3j wynosi 4.71 mln z\u0142. Jest to projekt o najwi\u0119kszym udzielonym dofinansowaniu w ramach rozstrzygni\u0119tego w 2016 roku konkursu na Regionalne Agendy Badawcze.<\/p>\n<p>Zasadniczym celem Projektu jest wykonanie <strong>prototypu w\u0119z\u0142a wydechu z systemem oczyszczania gaz\u00f3w spalinowych i odzyskiem ciep\u0142a wydechu<\/strong> w oparciu o innowacyjne technologie. Istot\u0105 projektu jest kompleksowe opracowanie technologii pozwalaj\u0105cej jednocze\u015bnie na efektywny odzysk ciep\u0142a odpadowego z silnik\u00f3w spalinowych dla ma\u0142ych jednostek p\u0142ywaj\u0105cych (du\u017cych jacht\u00f3w, kutr\u00f3w, jednostek specjalnych) po\u0142\u0105czony z kompaktowym reaktorem oczyszczaj\u0105cym spaliny; odzyskane ciep\u0142o jest w naszym rozwi\u0105zaniu wykorzystywane do nap\u0119du innowacyjnego uk\u0142adu ch\u0142odniczego. Opracowana technologia pozwala wi\u0119c nie tylko na ograniczenie emisji, lecz tak\u017ce na popraw\u0119 gospodarki energetycznej oraz ograniczenie koszt\u00f3w eksploatacji jednostek p\u0142ywaj\u0105cych przy spe\u0142nieniu rygorystycznych uwarunkowa\u0144 formalnych zwi\u0105zanych z ochron\u0105 \u015brodowiska.<\/p>\n","protected":false},"excerpt":{"rendered":"<p>\u201eTechnologia w\u0119z\u0142a wydechu dla silnik\u00f3w spalinowych ma\u0142ych i \u015brednich jednostek p\u0142ywaj\u0105cych\u201d \u2013 MAR-CLEAN Realizowany na<\/p>\n","protected":false},"author":2,"featured_media":0,"parent":89,"menu_order":8,"comment_status":"closed","ping_status":"closed","template":"","meta":{"_acf_changed":false,"ngg_post_thumbnail":0,"footnotes":""},"class_list":["post-144","page","type-page","status-publish","hentry"],"acf":[],"_links":{"self":[{"href":"https:\/\/pb.edu.pl\/brpm\/wp-json\/wp\/v2\/pages\/144","targetHints":{"allow":["GET"]}}],"collection":[{"href":"https:\/\/pb.edu.pl\/brpm\/wp-json\/wp\/v2\/pages"}],"about":[{"href":"https:\/\/pb.edu.pl\/brpm\/wp-json\/wp\/v2\/types\/page"}],"author":[{"embeddable":true,"href":"https:\/\/pb.edu.pl\/brpm\/wp-json\/wp\/v2\/users\/2"}],"replies":[{"embeddable":true,"href":"https:\/\/pb.edu.pl\/brpm\/wp-json\/wp\/v2\/comments?post=144"}],"version-history":[{"count":0,"href":"https:\/\/pb.edu.pl\/brpm\/wp-json\/wp\/v2\/pages\/144\/revisions"}],"up":[{"embeddable":true,"href":"https:\/\/pb.edu.pl\/brpm\/wp-json\/wp\/v2\/pages\/89"}],"wp:attachment":[{"href":"https:\/\/pb.edu.pl\/brpm\/wp-json\/wp\/v2\/media?parent=144"}],"curies":[{"name":"wp","href":"https:\/\/api.w.org\/{rel}","templated":true}]}}