{"id":14,"date":"2017-11-08T21:36:06","date_gmt":"2017-11-08T20:36:06","guid":{"rendered":"https:\/\/pb.edu.pl\/brpm\/?page_id=14"},"modified":"2017-11-08T22:35:17","modified_gmt":"2017-11-08T21:35:17","slug":"aktualnosci","status":"publish","type":"page","link":"https:\/\/pb.edu.pl\/brpm\/aktualnosci\/","title":{"rendered":"Aktualno\u015bci"},"content":{"rendered":"\t\t<div class=\"box news-box \">\n\t\t<div class=\"row\">\n\t\t\t\n\t\t\t\n\t\t\t\t\n\t\t\t\t\t\t\t\t\t\t<div class=\"col-sm-3\">\n\t\t\t\t\t\t\t\n<article class=\"format-standard\">\n    <span class=\"date text-right\"><i class=\"fal fa-calendar-alt\"><\/i> 31-03-2026<\/span>\n    <a href=\"https:\/\/pb.edu.pl\/brpm\/2026\/03\/31\/kompetencje-360-start-projektu\/\">\n      <div class=\"article-image\">\n        <img loading=\"lazy\" decoding=\"async\" width=\"480\" height=\"290\" src=\"https:\/\/pb.edu.pl\/brpm\/wp-content\/uploads\/sites\/6\/2022\/11\/aktualnosci-1.png\" class=\"attachment-medium-image-16x10 size-medium-image-16x10 wp-post-image\" alt=\"\" srcset=\"https:\/\/pb.edu.pl\/brpm\/wp-content\/uploads\/sites\/6\/2022\/11\/aktualnosci-1.png 600w, https:\/\/pb.edu.pl\/brpm\/wp-content\/uploads\/sites\/6\/2022\/11\/aktualnosci-1-300x182.png 300w\" sizes=\"auto, (max-width: 480px) 100vw, 480px\" \/>      <\/div>\n      <h3>Kompetencje 360 \u2013 start projektu<\/h3>\n      Startujemy &#8211; w dniu 01.04.2026 rusza realizacja projektu \u201eKOMPETENCJE 360\u00b0 \u2013    <\/a>\n<\/article>\t\t\t\t\t\t<\/div>\n\t\t\t\t\t\t\t\t\t\t\t<div class=\"col-sm-3\">\n\t\t\t\t\t\t\t\n<article class=\"format-standard\">\n    <span class=\"date text-right\"><i class=\"fal fa-calendar-alt\"><\/i> 03-02-2026<\/span>\n    <a href=\"https:\/\/pb.edu.pl\/brpm\/2026\/02\/03\/otwarty-nabor-partnera-w-ramach-konkursu-ksztalcenie-na-potrzeby-technologii-krytycznych-fers-01-05-ip-08-003-25\/\">\n      <div class=\"article-image\">\n        <img loading=\"lazy\" decoding=\"async\" width=\"480\" height=\"239\" src=\"https:\/\/pb.edu.pl\/brpm\/wp-content\/uploads\/sites\/6\/2023\/03\/FERS_RP_UE_RGB-1mini-scaled.jpg\" class=\"attachment-medium-image-16x10 size-medium-image-16x10 wp-post-image\" alt=\"\" srcset=\"https:\/\/pb.edu.pl\/brpm\/wp-content\/uploads\/sites\/6\/2023\/03\/FERS_RP_UE_RGB-1mini-scaled.jpg 2560w, https:\/\/pb.edu.pl\/brpm\/wp-content\/uploads\/sites\/6\/2023\/03\/FERS_RP_UE_RGB-1mini-300x149.jpg 300w, https:\/\/pb.edu.pl\/brpm\/wp-content\/uploads\/sites\/6\/2023\/03\/FERS_RP_UE_RGB-1mini-1024x510.jpg 1024w, https:\/\/pb.edu.pl\/brpm\/wp-content\/uploads\/sites\/6\/2023\/03\/FERS_RP_UE_RGB-1mini-768x382.jpg 768w, https:\/\/pb.edu.pl\/brpm\/wp-content\/uploads\/sites\/6\/2023\/03\/FERS_RP_UE_RGB-1mini-1536x765.jpg 1536w, https:\/\/pb.edu.pl\/brpm\/wp-content\/uploads\/sites\/6\/2023\/03\/FERS_RP_UE_RGB-1mini-2048x1020.jpg 2048w\" sizes=\"auto, (max-width: 480px) 100vw, 480px\" \/>      <\/div>\n      <h3>Otwarty nab\u00f3r partnera w ramach konkursu Kszta\u0142cenie na potrzeby technologii krytycznych\u201d FERS.01.05-IP.08-003\/25<\/h3>\n      Politechnika Bia\u0142ostocka og\u0142asza otwarty nab\u00f3r&nbsp;Partnera\/Partner\u00f3w w celu wsp\u00f3lnego przygotowania i realizacji    <\/a>\n<\/article>\t\t\t\t\t\t<\/div>\n\t\t\t\t\t\t\t\t\t\t\t<div class=\"col-sm-3\">\n\t\t\t\t\t\t\t\n<article class=\"format-standard\">\n    <span class=\"date text-right\"><i class=\"fal fa-calendar-alt\"><\/i> 09-01-2026<\/span>\n    <a href=\"https:\/\/pb.edu.pl\/brpm\/2026\/01\/09\/dzien-informacyjny-ostatnia-prosta-w-horyzoncie-europa-wykorzystaj-swoja-szanse\/\">\n      <div class=\"article-image\">\n        <img loading=\"lazy\" decoding=\"async\" width=\"480\" height=\"300\" src=\"https:\/\/pb.edu.pl\/brpm\/wp-content\/uploads\/sites\/6\/2026\/01\/Ostatnia-prosta_baner-startowy-480x300.jpg\" class=\"attachment-medium-image-16x10 size-medium-image-16x10 wp-post-image\" alt=\"\" \/>      <\/div>\n      <h3>Dzie\u0144 informacyjny: Ostatnia prosta w Horyzoncie Europa. Wykorzystaj swoj\u0105 szans\u0119!<\/h3>\n      Krajowy Punkt Kontaktowy Program\u00f3w Badawczych UE w NCBR zaprasza na dzie\u0144    <\/a>\n<\/article>\t\t\t\t\t\t<\/div>\n\t\t\t\t\t\t\t\t\t\t\t<div class=\"col-sm-3\">\n\t\t\t\t\t\t\t\n<article class=\"format-standard\">\n    <span class=\"date text-right\"><i class=\"fal fa-calendar-alt\"><\/i> 30-06-2025<\/span>\n    <a href=\"https:\/\/pb.edu.pl\/brpm\/2025\/06\/30\/rekrutacja-na-szkolenie-ogolnoswiadomosciowe-z-pb-dostepnej-2-0\/\">\n      <div class=\"article-image\">\n        <img loading=\"lazy\" decoding=\"async\" width=\"480\" height=\"290\" src=\"https:\/\/pb.edu.pl\/brpm\/wp-content\/uploads\/sites\/6\/2022\/11\/check.jpg\" class=\"attachment-medium-image-16x10 size-medium-image-16x10 wp-post-image\" alt=\"\" srcset=\"https:\/\/pb.edu.pl\/brpm\/wp-content\/uploads\/sites\/6\/2022\/11\/check.jpg 600w, https:\/\/pb.edu.pl\/brpm\/wp-content\/uploads\/sites\/6\/2022\/11\/check-300x182.jpg 300w\" sizes=\"auto, (max-width: 480px) 100vw, 480px\" \/>      <\/div>\n      <h3>Rekrutacja na szkolenie og\u00f3lno\u015bwiadomo\u015bciowe z PB Dost\u0119pnej 2.0<\/h3>\n      Termin zg\u0142osze\u0144 do 4 lipca 2025 r.    <\/a>\n<\/article>\t\t\t\t\t\t<\/div>\n\t\t\t\t\t\t\t\t\t\t\t<div class=\"col-sm-3\">\n\t\t\t\t\t\t\t\n<article class=\"format-standard\">\n    <span class=\"date text-right\"><i class=\"fal fa-calendar-alt\"><\/i> 28-05-2025<\/span>\n    <a href=\"https:\/\/pb.edu.pl\/brpm\/2025\/05\/28\/eksperci-brpm-pb-docenieni-przez-nawa-tworzymy-punkt-msca-dla-polski-wschodniej\/\">\n      <div class=\"article-image\">\n        <img loading=\"lazy\" decoding=\"async\" width=\"480\" height=\"290\" src=\"https:\/\/pb.edu.pl\/brpm\/wp-content\/uploads\/sites\/6\/2022\/11\/aktualnosci-1.png\" class=\"attachment-medium-image-16x10 size-medium-image-16x10 wp-post-image\" alt=\"\" srcset=\"https:\/\/pb.edu.pl\/brpm\/wp-content\/uploads\/sites\/6\/2022\/11\/aktualnosci-1.png 600w, https:\/\/pb.edu.pl\/brpm\/wp-content\/uploads\/sites\/6\/2022\/11\/aktualnosci-1-300x182.png 300w\" sizes=\"auto, (max-width: 480px) 100vw, 480px\" \/>      <\/div>\n      <h3>Eksperci BRPM PB docenieni przez NAWA \u2013 tworzymy punkt MSCA dla Polski Wschodniej<\/h3>\n      Politechnika Bia\u0142ostocka liderem presti\u017cowego projektu w ramach \u201eSieci NAWA-MSCA\u201d!    <\/a>\n<\/article>\t\t\t\t\t\t<\/div>\n\t\t\t\t\t\t\t\t\t\t\t<div class=\"col-sm-3\">\n\t\t\t\t\t\t\t\n<article class=\"format-standard\">\n    <span class=\"date text-right\"><i class=\"fal fa-calendar-alt\"><\/i> 13-05-2025<\/span>\n    <a href=\"https:\/\/pb.edu.pl\/brpm\/2025\/05\/13\/pb-5-0-rusza-rekrutacja-do-programu-teachskills-start-19-maja-2025-r\/\">\n      <div class=\"article-image\">\n        <img loading=\"lazy\" decoding=\"async\" width=\"480\" height=\"290\" src=\"https:\/\/pb.edu.pl\/brpm\/wp-content\/uploads\/sites\/6\/2022\/11\/check.jpg\" class=\"attachment-medium-image-16x10 size-medium-image-16x10 wp-post-image\" alt=\"\" srcset=\"https:\/\/pb.edu.pl\/brpm\/wp-content\/uploads\/sites\/6\/2022\/11\/check.jpg 600w, https:\/\/pb.edu.pl\/brpm\/wp-content\/uploads\/sites\/6\/2022\/11\/check-300x182.jpg 300w\" sizes=\"auto, (max-width: 480px) 100vw, 480px\" \/>      <\/div>\n      <h3>PB 5.0: Rusza rekrutacja do Programu TEACHSKILLS \u2013 start 19 maja 2025 r.<\/h3>\n      Rekrutacja trwa do 31 maja 2025 r.    <\/a>\n<\/article>\t\t\t\t\t\t<\/div>\n\t\t\t\t\t\t\t\t\t\t\t<div class=\"col-sm-3\">\n\t\t\t\t\t\t\t\n<article class=\"format-standard\">\n    <span class=\"date text-right\"><i class=\"fal fa-calendar-alt\"><\/i> 03-01-2025<\/span>\n    <a href=\"https:\/\/pb.edu.pl\/brpm\/2025\/01\/03\/harmonogram-konkursow-dla-uczelni-wyzszych-na-2025-r\/\">\n      <div class=\"article-image\">\n        <img loading=\"lazy\" decoding=\"async\" width=\"480\" height=\"290\" src=\"https:\/\/pb.edu.pl\/brpm\/wp-content\/uploads\/sites\/6\/2022\/11\/aktualnosci-1.png\" class=\"attachment-medium-image-16x10 size-medium-image-16x10 wp-post-image\" alt=\"\" srcset=\"https:\/\/pb.edu.pl\/brpm\/wp-content\/uploads\/sites\/6\/2022\/11\/aktualnosci-1.png 600w, https:\/\/pb.edu.pl\/brpm\/wp-content\/uploads\/sites\/6\/2022\/11\/aktualnosci-1-300x182.png 300w\" sizes=\"auto, (max-width: 480px) 100vw, 480px\" \/>      <\/div>\n      <h3>Harmonogram konkurs\u00f3w dla uczelni wy\u017cszych na 2025 r.<\/h3>\n      Harmonogram nabor\u00f3w wniosk\u00f3w o dofinansowanie, w kt\u00f3rych mo\u017ce aplikowa\u0107 Politechnika Bia\u0142ostocka.    <\/a>\n<\/article>\t\t\t\t\t\t<\/div>\n\t\t\t\t\t\t\t\t\t\t\t<div class=\"col-sm-3\">\n\t\t\t\t\t\t\t\n<article class=\"format-standard\">\n    <span class=\"date text-right\"><i class=\"fal fa-calendar-alt\"><\/i> 12-12-2024<\/span>\n    <a href=\"https:\/\/pb.edu.pl\/brpm\/2024\/12\/12\/ankieta-na-potrzeby-badania-zjawiska-drop-out\/\">\n      <div class=\"article-image\">\n        <img loading=\"lazy\" decoding=\"async\" width=\"480\" height=\"290\" src=\"https:\/\/pb.edu.pl\/brpm\/wp-content\/uploads\/sites\/6\/2022\/11\/check.jpg\" class=\"attachment-medium-image-16x10 size-medium-image-16x10 wp-post-image\" alt=\"\" srcset=\"https:\/\/pb.edu.pl\/brpm\/wp-content\/uploads\/sites\/6\/2022\/11\/check.jpg 600w, https:\/\/pb.edu.pl\/brpm\/wp-content\/uploads\/sites\/6\/2022\/11\/check-300x182.jpg 300w\" sizes=\"auto, (max-width: 480px) 100vw, 480px\" \/>      <\/div>\n      <h3>Ankieta na potrzeby badania zjawiska ,,drop out&#8221;<\/h3>\n      Wasze odpowiedzi b\u0119d\u0105 mia\u0142y istotny wp\u0142yw na skuteczno\u015b\u0107 dzia\u0142a\u0144, kt\u00f3re podejmujemy    <\/a>\n<\/article>\t\t\t\t\t\t<\/div>\n\t\t\t\t\t\t\t\t\t\t\t<div class=\"col-sm-3\">\n\t\t\t\t\t\t\t\n<article class=\"format-standard\">\n    <span class=\"date text-right\"><i class=\"fal fa-calendar-alt\"><\/i> 09-12-2024<\/span>\n    <a href=\"https:\/\/pb.edu.pl\/brpm\/2024\/12\/09\/v-konferencja-biur-zarzadzania-projektami-uczelni-technicznych-tupmo-forum\/\">\n      <div class=\"article-image\">\n        <img loading=\"lazy\" decoding=\"async\" width=\"480\" height=\"290\" src=\"https:\/\/pb.edu.pl\/brpm\/wp-content\/uploads\/sites\/6\/2022\/11\/aktualnosci.png\" class=\"attachment-medium-image-16x10 size-medium-image-16x10 wp-post-image\" alt=\"\" srcset=\"https:\/\/pb.edu.pl\/brpm\/wp-content\/uploads\/sites\/6\/2022\/11\/aktualnosci.png 600w, https:\/\/pb.edu.pl\/brpm\/wp-content\/uploads\/sites\/6\/2022\/11\/aktualnosci-300x182.png 300w\" sizes=\"auto, (max-width: 480px) 100vw, 480px\" \/>      <\/div>\n      <h3>V Konferencja Biur Zarz\u0105dzania Projektami Uczelni Technicznych TUPMO \u2013 FORUM<\/h3>\n      Tematem przewodnim tej edycji b\u0119dzie \u201eAplikacja i realizacja projekt\u00f3w finansowanych ze    <\/a>\n<\/article>\t\t\t\t\t\t<\/div>\n\t\t\t\t\t\t\t\t\t\t\t<div class=\"col-sm-3\">\n\t\t\t\t\t\t\t\n<article class=\"format-standard\">\n    <span class=\"date text-right\"><i class=\"fal fa-calendar-alt\"><\/i> 15-11-2024<\/span>\n    <a href=\"https:\/\/pb.edu.pl\/brpm\/2024\/11\/15\/ogloszenie-o-otwartym-naborze-fers-01-05-ip-08-005-24\/\">\n      <div class=\"article-image\">\n        <img loading=\"lazy\" decoding=\"async\" width=\"480\" height=\"203\" src=\"https:\/\/pb.edu.pl\/brpm\/wp-content\/uploads\/sites\/6\/2023\/04\/FERS-mini-scaled.jpg\" class=\"attachment-medium-image-16x10 size-medium-image-16x10 wp-post-image\" alt=\"\" srcset=\"https:\/\/pb.edu.pl\/brpm\/wp-content\/uploads\/sites\/6\/2023\/04\/FERS-mini-scaled.jpg 2560w, https:\/\/pb.edu.pl\/brpm\/wp-content\/uploads\/sites\/6\/2023\/04\/FERS-mini-300x127.jpg 300w, https:\/\/pb.edu.pl\/brpm\/wp-content\/uploads\/sites\/6\/2023\/04\/FERS-mini-1024x434.jpg 1024w, https:\/\/pb.edu.pl\/brpm\/wp-content\/uploads\/sites\/6\/2023\/04\/FERS-mini-768x326.jpg 768w, https:\/\/pb.edu.pl\/brpm\/wp-content\/uploads\/sites\/6\/2023\/04\/FERS-mini-1536x651.jpg 1536w, https:\/\/pb.edu.pl\/brpm\/wp-content\/uploads\/sites\/6\/2023\/04\/FERS-mini-2048x868.jpg 2048w\" sizes=\"auto, (max-width: 480px) 100vw, 480px\" \/>      <\/div>\n      <h3>Og\u0142oszenie o otwartym naborze partnera w celu wsp\u00f3lnego przygotowania i realizacji projektu dofinansowanego w ramach konkursu:<\/h3>\n      Efektywne zarz\u0105dzanie uczelni\u0105 w celu minimalizowania zjawiska drop outu: FERS.01.05-IP.08-005\/24 Politechnika    <\/a>\n<\/article>\t\t\t\t\t\t<\/div>\n\t\t\t\t\t\n\t\t\t\t\n\t\t\t\t\t<\/div>\n\t\t\n\t<nav class=\"navigation pagination\" aria-label=\"Stronicowanie wpis\u00f3w\">\n\t\t<h2 class=\"screen-reader-text\">Stronicowanie wpis\u00f3w<\/h2>\n\t\t<div class=\"nav-links\"><span aria-current=\"page\" class=\"page-numbers current\">1<\/span>\n<a class=\"page-numbers\" href=\"https:\/\/pb.edu.pl\/brpm\/wp-json\/wp\/v2\/pages\/14\/page\/2\/\">2<\/a>\n<a class=\"page-numbers\" href=\"https:\/\/pb.edu.pl\/brpm\/wp-json\/wp\/v2\/pages\/14\/page\/3\/\">3<\/a>\n<span class=\"page-numbers dots\">&hellip;<\/span>\n<a class=\"page-numbers\" href=\"https:\/\/pb.edu.pl\/brpm\/wp-json\/wp\/v2\/pages\/14\/page\/8\/\">8<\/a>\n<a class=\"next page-numbers\" href=\"https:\/\/pb.edu.pl\/brpm\/wp-json\/wp\/v2\/pages\/14\/page\/2\/\">Nast\u0119pne<\/a><\/div>\n\t<\/nav>\t\t\t<\/div>\n\n","protected":false},"excerpt":{"rendered":"","protected":false},"author":2,"featured_media":0,"parent":0,"menu_order":0,"comment_status":"closed","ping_status":"closed","template":"","meta":{"_acf_changed":false,"ngg_post_thumbnail":0,"footnotes":""},"class_list":["post-14","page","type-page","status-publish","hentry"],"acf":[],"_links":{"self":[{"href":"https:\/\/pb.edu.pl\/brpm\/wp-json\/wp\/v2\/pages\/14","targetHints":{"allow":["GET"]}}],"collection":[{"href":"https:\/\/pb.edu.pl\/brpm\/wp-json\/wp\/v2\/pages"}],"about":[{"href":"https:\/\/pb.edu.pl\/brpm\/wp-json\/wp\/v2\/types\/page"}],"author":[{"embeddable":true,"href":"https:\/\/pb.edu.pl\/brpm\/wp-json\/wp\/v2\/users\/2"}],"replies":[{"embeddable":true,"href":"https:\/\/pb.edu.pl\/brpm\/wp-json\/wp\/v2\/comments?post=14"}],"version-history":[{"count":0,"href":"https:\/\/pb.edu.pl\/brpm\/wp-json\/wp\/v2\/pages\/14\/revisions"}],"wp:attachment":[{"href":"https:\/\/pb.edu.pl\/brpm\/wp-json\/wp\/v2\/media?parent=14"}],"curies":[{"name":"wp","href":"https:\/\/api.w.org\/{rel}","templated":true}]}}