{"id":1327,"date":"2021-12-10T12:36:03","date_gmt":"2021-12-10T11:36:03","guid":{"rendered":"https:\/\/pb.edu.pl\/brpm\/?page_id=1327"},"modified":"2022-06-22T10:34:59","modified_gmt":"2022-06-22T08:34:59","slug":"sumomasters-4-0","status":"publish","type":"page","link":"https:\/\/pb.edu.pl\/brpm\/projekty-pb\/programy-ue\/projekty-zrealizowane\/sumomasters-4-0\/","title":{"rendered":"SumoMasters 4.0"},"content":{"rendered":"<p><img loading=\"lazy\" decoding=\"async\" class=\"aligncenter size-full wp-image-568\" src=\"https:\/\/pb.edu.pl\/brpm\/wp-content\/uploads\/sites\/6\/2018\/09\/FE_POWER_poziom_pl-jpg.jpg\" alt=\"\" width=\"5883\" height=\"756\" srcset=\"https:\/\/pb.edu.pl\/brpm\/wp-content\/uploads\/sites\/6\/2018\/09\/FE_POWER_poziom_pl-jpg.jpg 5883w, https:\/\/pb.edu.pl\/brpm\/wp-content\/uploads\/sites\/6\/2018\/09\/FE_POWER_poziom_pl-jpg-300x39.jpg 300w, https:\/\/pb.edu.pl\/brpm\/wp-content\/uploads\/sites\/6\/2018\/09\/FE_POWER_poziom_pl-jpg-768x99.jpg 768w, https:\/\/pb.edu.pl\/brpm\/wp-content\/uploads\/sites\/6\/2018\/09\/FE_POWER_poziom_pl-jpg-1024x132.jpg 1024w\" sizes=\"auto, (max-width: 5883px) 100vw, 5883px\" \/><\/p>\n<h2>Projekt \u201eSumoMasters 4.0 \u2013 rozw\u00f3j innowacyjno\u015bci robot\u00f3w MegaSumo, MiniSumo oraz NanoSumo poprzez udzia\u0142 w mi\u0119dzynarodowych zawodach robotycznych\u201d uzyska\u0142 finansowanie z osi priorytetowej III. Szkolnictwo wy\u017csze dla gospodarki i rozwoju, Dzia\u0142ania 3.3 Umi\u0119dzynarodowianie polskiego &nbsp;szkolnictwa wy\u017cszego &nbsp;Programu Operacyjnego Wiedza Edukacja Rozw\u00f3j 2014-2020 w ramach zaproszenia Ministra Nauki i Szkolnictwa Wy\u017cszego do sk\u0142adania ofert na projekty pozakonkursowe o charakterze koncepcyjnym pt. \u201dNajlepsi z najlepszych!4.0.\u201d<\/h2>\n<h3><strong>Cel projektu:<\/strong>&nbsp;<\/h3>\n<p>Celem projektu jest udzia\u0142 cz\u0142onk\u00f3w Ko\u0142a Naukowego Robotyk\u00f3w z sekcji SumoMasters w Mi\u0119dzynarodowym Forum Gospodarczym oraz trzech mi\u0119dzynarodowych zawodach robotycznych, kt\u00f3re maj\u0105 szanse odby\u0107 si\u0119 w 2021r. Wytypowane zawody s\u0105 uznawane za najwi\u0119ksze zawody robotyczne na \u015bwiecie: Robotex ( Tallin, Estonia), Robomotion (Rzesz\u00f3w, Polska) oraz All Japan Robot-Sumo Tournament (Tokio,Japonia).<\/p>\n<p><strong>Czas trwania projektu:<\/strong>&nbsp;od: 2021-05-01 do 2022-01-31<\/p>\n<p><strong>Ca\u0142kowita warto\u015b\u0107 projektu:<\/strong>&nbsp;107 400,00 z\u0142<\/p>\n","protected":false},"excerpt":{"rendered":"<p>Projekt \u201eSumoMasters 4.0 \u2013 rozw\u00f3j innowacyjno\u015bci robot\u00f3w MegaSumo, MiniSumo oraz NanoSumo poprzez udzia\u0142 w mi\u0119dzynarodowych<\/p>\n","protected":false},"author":33,"featured_media":0,"parent":89,"menu_order":0,"comment_status":"closed","ping_status":"closed","template":"","meta":{"_acf_changed":false,"ngg_post_thumbnail":0,"footnotes":""},"class_list":["post-1327","page","type-page","status-publish","hentry"],"acf":[],"_links":{"self":[{"href":"https:\/\/pb.edu.pl\/brpm\/wp-json\/wp\/v2\/pages\/1327","targetHints":{"allow":["GET"]}}],"collection":[{"href":"https:\/\/pb.edu.pl\/brpm\/wp-json\/wp\/v2\/pages"}],"about":[{"href":"https:\/\/pb.edu.pl\/brpm\/wp-json\/wp\/v2\/types\/page"}],"author":[{"embeddable":true,"href":"https:\/\/pb.edu.pl\/brpm\/wp-json\/wp\/v2\/users\/33"}],"replies":[{"embeddable":true,"href":"https:\/\/pb.edu.pl\/brpm\/wp-json\/wp\/v2\/comments?post=1327"}],"version-history":[{"count":0,"href":"https:\/\/pb.edu.pl\/brpm\/wp-json\/wp\/v2\/pages\/1327\/revisions"}],"up":[{"embeddable":true,"href":"https:\/\/pb.edu.pl\/brpm\/wp-json\/wp\/v2\/pages\/89"}],"wp:attachment":[{"href":"https:\/\/pb.edu.pl\/brpm\/wp-json\/wp\/v2\/media?parent=1327"}],"curies":[{"name":"wp","href":"https:\/\/api.w.org\/{rel}","templated":true}]}}