{"id":1322,"date":"2021-12-10T12:29:54","date_gmt":"2021-12-10T11:29:54","guid":{"rendered":"https:\/\/pb.edu.pl\/brpm\/?page_id=1322"},"modified":"2022-06-22T10:34:48","modified_gmt":"2022-06-22T08:34:48","slug":"bolid-cms-07-cerber-motorsport","status":"publish","type":"page","link":"https:\/\/pb.edu.pl\/brpm\/projekty-pb\/programy-ue\/projekty-zrealizowane\/bolid-cms-07-cerber-motorsport\/","title":{"rendered":"Bolid CMS-07 Cerber Motorsport"},"content":{"rendered":"<h2><img loading=\"lazy\" decoding=\"async\" class=\"aligncenter size-full wp-image-568\" src=\"https:\/\/pb.edu.pl\/brpm\/wp-content\/uploads\/sites\/6\/2018\/09\/FE_POWER_poziom_pl-jpg.jpg\" alt=\"\" width=\"5883\" height=\"756\" srcset=\"https:\/\/pb.edu.pl\/brpm\/wp-content\/uploads\/sites\/6\/2018\/09\/FE_POWER_poziom_pl-jpg.jpg 5883w, https:\/\/pb.edu.pl\/brpm\/wp-content\/uploads\/sites\/6\/2018\/09\/FE_POWER_poziom_pl-jpg-300x39.jpg 300w, https:\/\/pb.edu.pl\/brpm\/wp-content\/uploads\/sites\/6\/2018\/09\/FE_POWER_poziom_pl-jpg-768x99.jpg 768w, https:\/\/pb.edu.pl\/brpm\/wp-content\/uploads\/sites\/6\/2018\/09\/FE_POWER_poziom_pl-jpg-1024x132.jpg 1024w\" sizes=\"auto, (max-width: 5883px) 100vw, 5883px\" \/><\/h2>\n<h2>Projekt <strong><em>\u201eBolid CMS-07 Cerber Motorsport \u2013 udzia\u0142 w mi\u0119dzynarodowych zawodach Formu\u0142a Student oraz konferencji naukowej\u201d <\/em><\/strong>&nbsp;uzyska\u0142 finansowanie z osi priorytetowej III. Szkolnictwo wy\u017csze dla gospodarki i rozwoju, Dzia\u0142ania 3.3 Umi\u0119dzynarodowianie polskiego&nbsp; szkolnictwa wy\u017cszego&nbsp; Programu Operacyjnego Wiedza Edukacja Rozw\u00f3j 2014-2020 w ramach zaproszenia Ministra Nauki i Szkolnictwa Wy\u017cszego do sk\u0142adania ofert na projekty pozakonkursowe o charakterze koncepcyjnym pt. \u201dNajlepsi z najlepszych!4.0.\u201d<\/h2>\n<h3><strong>Cel projektu:<\/strong><\/h3>\n<p><span style=\"font-size: 1.5rem\">Celem projektu jest uczestnictwo student\u00f3w zespo\u0142u Cerber Motorsport w 3 presti\u017cowych mi\u0119dzynarodowych zawodach in\u017cynierskich Formula Student organizowanych w sezonie 2021 oraz prezentacja autorskich rozwi\u0105za\u0144 konstrukcyjnych na mi\u0119dzynarodowej konferencji naukowej.<\/span><\/p>\n<p>&nbsp;<\/p>\n<p><strong>Okres realizacji: <\/strong><span style=\"font-size: 1.5rem\">18.03.2021 \u2013 31.01.2022<\/span><\/p>\n<p><strong>Ca\u0142kowita warto\u015b\u0107 projektu:<\/strong>&nbsp; 160 000,00 z\u0142<br \/>\nw tym dofinansowanie: 160 000,00 z\u0142:<\/p>\n<ul>\n<li>ze \u015brodk\u00f3w europejskich (84,28 %): 134 848,00 &nbsp;z\u0142,<\/li>\n<li>ze \u015brodk\u00f3w krajowych (15,72 %): 25 152,00 z\u0142<\/li>\n<\/ul>\n","protected":false},"excerpt":{"rendered":"<p>Projekt \u201eBolid CMS-07 Cerber Motorsport \u2013 udzia\u0142 w mi\u0119dzynarodowych zawodach Formu\u0142a Student oraz konferencji naukowej\u201d<\/p>\n","protected":false},"author":33,"featured_media":0,"parent":89,"menu_order":0,"comment_status":"closed","ping_status":"closed","template":"","meta":{"_acf_changed":false,"ngg_post_thumbnail":0,"footnotes":""},"class_list":["post-1322","page","type-page","status-publish","hentry"],"acf":[],"_links":{"self":[{"href":"https:\/\/pb.edu.pl\/brpm\/wp-json\/wp\/v2\/pages\/1322","targetHints":{"allow":["GET"]}}],"collection":[{"href":"https:\/\/pb.edu.pl\/brpm\/wp-json\/wp\/v2\/pages"}],"about":[{"href":"https:\/\/pb.edu.pl\/brpm\/wp-json\/wp\/v2\/types\/page"}],"author":[{"embeddable":true,"href":"https:\/\/pb.edu.pl\/brpm\/wp-json\/wp\/v2\/users\/33"}],"replies":[{"embeddable":true,"href":"https:\/\/pb.edu.pl\/brpm\/wp-json\/wp\/v2\/comments?post=1322"}],"version-history":[{"count":0,"href":"https:\/\/pb.edu.pl\/brpm\/wp-json\/wp\/v2\/pages\/1322\/revisions"}],"up":[{"embeddable":true,"href":"https:\/\/pb.edu.pl\/brpm\/wp-json\/wp\/v2\/pages\/89"}],"wp:attachment":[{"href":"https:\/\/pb.edu.pl\/brpm\/wp-json\/wp\/v2\/media?parent=1322"}],"curies":[{"name":"wp","href":"https:\/\/api.w.org\/{rel}","templated":true}]}}