{"id":1320,"date":"2021-12-10T12:24:11","date_gmt":"2021-12-10T11:24:11","guid":{"rendered":"https:\/\/pb.edu.pl\/brpm\/?page_id=1320"},"modified":"2022-06-22T10:34:38","modified_gmt":"2022-06-22T08:34:38","slug":"robotyczni-emisariusze-3-0","status":"publish","type":"page","link":"https:\/\/pb.edu.pl\/brpm\/projekty-pb\/programy-ue\/projekty-zrealizowane\/robotyczni-emisariusze-3-0\/","title":{"rendered":"Robotyczni emisariusze 3.0\u201d"},"content":{"rendered":"<p><img loading=\"lazy\" decoding=\"async\" class=\"aligncenter size-full wp-image-568\" src=\"https:\/\/pb.edu.pl\/brpm\/wp-content\/uploads\/sites\/6\/2018\/09\/FE_POWER_poziom_pl-jpg.jpg\" alt=\"\" width=\"5883\" height=\"756\" srcset=\"https:\/\/pb.edu.pl\/brpm\/wp-content\/uploads\/sites\/6\/2018\/09\/FE_POWER_poziom_pl-jpg.jpg 5883w, https:\/\/pb.edu.pl\/brpm\/wp-content\/uploads\/sites\/6\/2018\/09\/FE_POWER_poziom_pl-jpg-300x39.jpg 300w, https:\/\/pb.edu.pl\/brpm\/wp-content\/uploads\/sites\/6\/2018\/09\/FE_POWER_poziom_pl-jpg-768x99.jpg 768w, https:\/\/pb.edu.pl\/brpm\/wp-content\/uploads\/sites\/6\/2018\/09\/FE_POWER_poziom_pl-jpg-1024x132.jpg 1024w\" sizes=\"auto, (max-width: 5883px) 100vw, 5883px\" \/><\/p>\n<h2>Projekt \u201e<strong><em>Robotyczni emisariusze 3.0\u201d <\/em><\/strong>&nbsp;uzyska\u0142 finansowanie z osi priorytetowej III. Szkolnictwo wy\u017csze dla gospodarki i rozwoju, Dzia\u0142ania 3.3 Umi\u0119dzynarodowianie polskiego&nbsp; szkolnictwa wy\u017cszego&nbsp; Programu Operacyjnego Wiedza Edukacja Rozw\u00f3j 2014-2020 w ramach zaproszenia Ministra Nauki i Szkolnictwa Wy\u017cszego do sk\u0142adania ofert na projekty pozakonkursowe o charakterze koncepcyjnym pt. \u201dNajlepsi z najlepszych!4.0.\u201d<\/h2>\n<p><strong>Cel projektu:<\/strong><\/p>\n<p>Celem g\u0142\u00f3wnym projektu jest udzia\u0142 student\u00f3w w kolejnych edycjach presti\u017cowych zawod\u00f3w konstrukcji studenckich, gdzie b\u0119d\u0105 mogli zaprezentowa\u0107 autorskie rozwi\u0105zania z domeny zdalnie sterowanych oraz autonomicznych mobilnych platform robotycznych.<\/p>\n<p>W szczeg\u00f3lno\u015bci, wa\u017cne s\u0105 wyjazdy na zawody Canadian International Rover Challenge 2021 w Kanadzie oraz European Rover Challenge 2021 (do udzia\u0142u w kt\u00f3rych dru\u017cyna przygotowuje si\u0119 od ponad roku), b\u0119d\u0105ce cz\u0119\u015bci\u0105 Rover Series \u2013 serii zawod\u00f3w analog\u00f3w \u0142azik\u00f3w marsja\u0144skich.<\/p>\n<p><strong>Okres realizacji:<\/strong><\/p>\n<p>01.04.2021 \u2013 31.01.2022<\/p>\n<p><strong>Ca\u0142kowita warto\u015b\u0107 projektu:<\/strong>&nbsp; 214 000,00 z\u0142<br \/>\nw tym dofinansowanie: 214 000,00 z\u0142:<\/p>\n<ul>\n<li>ze \u015brodk\u00f3w europejskich (84,28 %): 180 359,20 &nbsp;z\u0142,<\/li>\n<li>ze \u015brodk\u00f3w krajowych (15,72 %): 33 640,80 z\u0142<\/li>\n<\/ul>\n","protected":false},"excerpt":{"rendered":"<p>Projekt \u201eRobotyczni emisariusze 3.0\u201d &nbsp;uzyska\u0142 finansowanie z osi priorytetowej III. Szkolnictwo wy\u017csze dla gospodarki i<\/p>\n","protected":false},"author":33,"featured_media":0,"parent":89,"menu_order":0,"comment_status":"closed","ping_status":"closed","template":"","meta":{"_acf_changed":false,"ngg_post_thumbnail":0,"footnotes":""},"class_list":["post-1320","page","type-page","status-publish","hentry"],"acf":[],"_links":{"self":[{"href":"https:\/\/pb.edu.pl\/brpm\/wp-json\/wp\/v2\/pages\/1320","targetHints":{"allow":["GET"]}}],"collection":[{"href":"https:\/\/pb.edu.pl\/brpm\/wp-json\/wp\/v2\/pages"}],"about":[{"href":"https:\/\/pb.edu.pl\/brpm\/wp-json\/wp\/v2\/types\/page"}],"author":[{"embeddable":true,"href":"https:\/\/pb.edu.pl\/brpm\/wp-json\/wp\/v2\/users\/33"}],"replies":[{"embeddable":true,"href":"https:\/\/pb.edu.pl\/brpm\/wp-json\/wp\/v2\/comments?post=1320"}],"version-history":[{"count":0,"href":"https:\/\/pb.edu.pl\/brpm\/wp-json\/wp\/v2\/pages\/1320\/revisions"}],"up":[{"embeddable":true,"href":"https:\/\/pb.edu.pl\/brpm\/wp-json\/wp\/v2\/pages\/89"}],"wp:attachment":[{"href":"https:\/\/pb.edu.pl\/brpm\/wp-json\/wp\/v2\/media?parent=1320"}],"curies":[{"name":"wp","href":"https:\/\/api.w.org\/{rel}","templated":true}]}}