{"id":1317,"date":"2021-12-10T12:18:45","date_gmt":"2021-12-10T11:18:45","guid":{"rendered":"https:\/\/pb.edu.pl\/brpm\/?page_id=1317"},"modified":"2024-09-07T22:05:02","modified_gmt":"2024-09-07T20:05:02","slug":"eswse","status":"publish","type":"page","link":"https:\/\/pb.edu.pl\/brpm\/projekty-pb\/programy-krajowe\/projekty-zrealizowane\/eswse\/","title":{"rendered":"ESWSE &#8211; Elektroniczny System Wspomagania Skutecznej Ewakuacji"},"content":{"rendered":"<h2><img loading=\"lazy\" decoding=\"async\" class=\"wp-image-1513 size-large aligncenter\" src=\"https:\/\/pb.edu.pl\/brpm\/wp-content\/uploads\/sites\/6\/2022\/09\/Logo-RP-NCBR-1600\u00d7300-px-1024x192.png\" alt=\"\" width=\"1024\" height=\"192\" srcset=\"https:\/\/pb.edu.pl\/brpm\/wp-content\/uploads\/sites\/6\/2022\/09\/Logo-RP-NCBR-1600\u00d7300-px-1024x192.png 1024w, https:\/\/pb.edu.pl\/brpm\/wp-content\/uploads\/sites\/6\/2022\/09\/Logo-RP-NCBR-1600\u00d7300-px-300x56.png 300w, https:\/\/pb.edu.pl\/brpm\/wp-content\/uploads\/sites\/6\/2022\/09\/Logo-RP-NCBR-1600\u00d7300-px-768x144.png 768w, https:\/\/pb.edu.pl\/brpm\/wp-content\/uploads\/sites\/6\/2022\/09\/Logo-RP-NCBR-1600\u00d7300-px-1536x288.png 1536w, https:\/\/pb.edu.pl\/brpm\/wp-content\/uploads\/sites\/6\/2022\/09\/Logo-RP-NCBR-1600\u00d7300-px.png 1600w\" sizes=\"auto, (max-width: 1024px) 100vw, 1024px\" \/><\/h2>\n<h2>Projekt \u201eESWSE- Elektroniczny System Wspomagania Skutecznej Ewakuacji\u201d jest finansowany przez Narodowe Centrum Bada\u0144 i Rozwoju w ramach programu Dost\u0119pno\u015b\u0107 Plus.<\/h2>\n<p>Celem projektu jest opracowanie systemu elektronicznego monitorowania os\u00f3b ze szczeg\u00f3lnymi potrzebami w czasie ewakuacji z budynk\u00f3w, w kt\u00f3rych oni przebywaj\u0105. System sk\u0142ada\u0107 si\u0119 b\u0119dzie z zespo\u0142u lokalnych stacji referencyjnych, komunikuj\u0105cych si\u0119 z przeno\u015bnymi urz\u0105dzeniami, stanowi\u0105cymi osobiste wyposa\u017cenie osoby monitorowanej. W momencie wyst\u0105pienia sygna\u0142u alarmowego \u015bwiadcz\u0105cego o wyst\u0105pieniu sytuacji niebezpiecznej, urz\u0105dzenie osobiste poinformuje o konieczno\u015bci rozpocz\u0119cia procesu ewakuacji. W tym samym czasie dana osoba poddana ewakuacji b\u0119dzie lokalizowana przez lokalne stacje referencyjne, a informacje o jej po\u0142o\u017ceniu b\u0119d\u0105 udost\u0119pnione dla kieruj\u0105cego dzia\u0142aniami ratowniczymi oraz dla stosownych s\u0142u\u017cb budynkowych.<\/p>\n<h3><strong>Projekt realizowany w partnerstwie:<\/strong><\/h3>\n<ul>\n<li>Politechnika Bia\u0142ostocka &#8211; Lider<\/li>\n<li>MOOSE Sp. z o.o. &#8211; Partner<\/li>\n<\/ul>\n<p><strong>Warto\u015b\u0107 projektu: <\/strong>2&nbsp;277 200,00 z\u0142<\/p>\n<p>Warto\u015b\u0107 projektu PB: 1&nbsp;059&nbsp;700,00<\/p>\n<p><strong>Dofinansowanie: <\/strong>1&nbsp;959&nbsp;200,00 z\u0142<\/p>\n<p><strong>Okres realizacji projektu: <\/strong>29.09.2021 &#8211; 29.02.2024<\/p>\n<p><strong>Kierownik Projektu B+R:&nbsp; <\/strong>dr hab. in\u017c.&nbsp;Wojciech Walendziuk, prof. PB<\/p>\n","protected":false},"excerpt":{"rendered":"<p>Projekt \u201eESWSE- Elektroniczny System Wspomagania Skutecznej Ewakuacji\u201d jest finansowany przez Narodowe Centrum Bada\u0144 i Rozwoju<\/p>\n","protected":false},"author":33,"featured_media":0,"parent":1575,"menu_order":0,"comment_status":"closed","ping_status":"closed","template":"","meta":{"_acf_changed":false,"ngg_post_thumbnail":0,"footnotes":""},"class_list":["post-1317","page","type-page","status-publish","hentry"],"acf":[],"_links":{"self":[{"href":"https:\/\/pb.edu.pl\/brpm\/wp-json\/wp\/v2\/pages\/1317","targetHints":{"allow":["GET"]}}],"collection":[{"href":"https:\/\/pb.edu.pl\/brpm\/wp-json\/wp\/v2\/pages"}],"about":[{"href":"https:\/\/pb.edu.pl\/brpm\/wp-json\/wp\/v2\/types\/page"}],"author":[{"embeddable":true,"href":"https:\/\/pb.edu.pl\/brpm\/wp-json\/wp\/v2\/users\/33"}],"replies":[{"embeddable":true,"href":"https:\/\/pb.edu.pl\/brpm\/wp-json\/wp\/v2\/comments?post=1317"}],"version-history":[{"count":0,"href":"https:\/\/pb.edu.pl\/brpm\/wp-json\/wp\/v2\/pages\/1317\/revisions"}],"up":[{"embeddable":true,"href":"https:\/\/pb.edu.pl\/brpm\/wp-json\/wp\/v2\/pages\/1575"}],"wp:attachment":[{"href":"https:\/\/pb.edu.pl\/brpm\/wp-json\/wp\/v2\/media?parent=1317"}],"curies":[{"name":"wp","href":"https:\/\/api.w.org\/{rel}","templated":true}]}}